{"id":128,"date":"2022-04-26T21:10:59","date_gmt":"2022-04-26T21:10:59","guid":{"rendered":"http:\/\/fpg.gremza.al\/?page_id=128"},"modified":"2025-06-09T21:35:26","modified_gmt":"2025-06-09T21:35:26","slug":"frontier-people-groups-by-religion","status":"publish","type":"page","link":"https:\/\/blessfrontierpeoples.org\/al\/frontier-people-groups-by-religion\/","title":{"rendered":"Grupet Kufitare t\u00eb Popujve sipas Feve"},"content":{"rendered":"<p>Grafiku i m\u00ebposht\u00ebm tregon se mbi 97% e 2 miliard\u00eb njer\u00ebzve q\u00eb jetojn\u00eb n\u00eb Grupet Kufitare t\u00eb Popujve (FPG) jan\u00eb ose mysliman\u00eb ose hindu. Dhe, k\u00ebto dy fe p\u00ebrb\u00ebjn\u00eb 85% t\u00eb t\u00eb gjitha FPG-ve.<\/p>\n<p>&nbsp;<\/p>\n<p><span style=\"font-weight: 400;\"><img loading=\"lazy\" decoding=\"async\" class=\"aligncenter wp-image-215 size-large img-responsive img-shadow\" src=\"https:\/\/blessfrontierpeoples.org\/wp-content\/uploads\/2022\/04\/image36-899x1024.png\" alt=\"\" width=\"899\" height=\"1024\" srcset=\"https:\/\/blessfrontierpeoples.org\/al\/wp-content\/uploads\/2022\/04\/image36-899x1024.png 899w, https:\/\/blessfrontierpeoples.org\/al\/wp-content\/uploads\/2022\/04\/image36-263x300.png 263w, https:\/\/blessfrontierpeoples.org\/al\/wp-content\/uploads\/2022\/04\/image36-768x874.png 768w, https:\/\/blessfrontierpeoples.org\/al\/wp-content\/uploads\/2022\/04\/image36.png 938w\" sizes=\"auto, (max-width: 899px) 100vw, 899px\" \/><\/span><\/p>\n<p><span style=\"font-weight: 400;\"><img loading=\"lazy\" decoding=\"async\" class=\"aligncenter wp-image-222 size-full img-responsive img-shadow\" src=\"https:\/\/blessfrontierpeoples.org\/wp-content\/uploads\/2022\/04\/image1.png\" alt=\"\" width=\"878\" height=\"316\" srcset=\"https:\/\/blessfrontierpeoples.org\/al\/wp-content\/uploads\/2022\/04\/image1.png 878w, https:\/\/blessfrontierpeoples.org\/al\/wp-content\/uploads\/2022\/04\/image1-300x108.png 300w, https:\/\/blessfrontierpeoples.org\/al\/wp-content\/uploads\/2022\/04\/image1-768x276.png 768w\" sizes=\"auto, (max-width: 878px) 100vw, 878px\" \/><\/span><\/p>\n<p>&nbsp;<\/p>\n<p><span style=\"font-weight: 400;\">Lutu p\u00ebr t\u00eb gjitha Grupet Kufitare t\u00eb Popujve, por ve\u00e7an\u00ebrisht p\u00ebr 97% q\u00eb shihen k\u00ebtu dhe q\u00eb ndjekin Islamin dhe Hinduizmin. Lutu kund\u00ebr shtypjes fetare q\u00eb i mban ndjek\u00ebsit e tyre t\u00eb lidhur n\u00eb nj\u00eb jet\u00eb pun\u00ebsh pa garanci p\u00ebr shp\u00ebrblime t\u00eb p\u00ebrjetshme. Lutu p\u00ebr lirin\u00eb e tyre.<\/span><\/p>\n","protected":false},"excerpt":{"rendered":"<p>Grafiku i m\u00ebposht\u00ebm tregon se mbi 97% e 2 miliard\u00eb njer\u00ebzve q\u00eb jetojn\u00eb n\u00eb Grupet Kufitare t\u00eb Popujve (FPG) jan\u00eb [&hellip;]<\/p>\n","protected":false},"author":1,"featured_media":0,"parent":0,"menu_order":0,"comment_status":"closed","ping_status":"closed","template":"","meta":{"_acf_changed":false,"footnotes":""},"class_list":["post-128","page","type-page","status-publish","hentry"],"acf":{"show_to_menu":true},"_links":{"self":[{"href":"https:\/\/blessfrontierpeoples.org\/al\/wp-json\/wp\/v2\/pages\/128","targetHints":{"allow":["GET"]}}],"collection":[{"href":"https:\/\/blessfrontierpeoples.org\/al\/wp-json\/wp\/v2\/pages"}],"about":[{"href":"https:\/\/blessfrontierpeoples.org\/al\/wp-json\/wp\/v2\/types\/page"}],"author":[{"embeddable":true,"href":"https:\/\/blessfrontierpeoples.org\/al\/wp-json\/wp\/v2\/users\/1"}],"replies":[{"embeddable":true,"href":"https:\/\/blessfrontierpeoples.org\/al\/wp-json\/wp\/v2\/comments?post=128"}],"version-history":[{"count":9,"href":"https:\/\/blessfrontierpeoples.org\/al\/wp-json\/wp\/v2\/pages\/128\/revisions"}],"predecessor-version":[{"id":1217,"href":"https:\/\/blessfrontierpeoples.org\/al\/wp-json\/wp\/v2\/pages\/128\/revisions\/1217"}],"wp:attachment":[{"href":"https:\/\/blessfrontierpeoples.org\/al\/wp-json\/wp\/v2\/media?parent=128"}],"curies":[{"name":"wp","href":"https:\/\/api.w.org\/{rel}","templated":true}]}}