{"id":224,"date":"2022-04-28T13:23:02","date_gmt":"2022-04-28T13:23:02","guid":{"rendered":"http:\/\/fpg.gremza.al\/?page_id=224"},"modified":"2025-06-09T22:07:04","modified_gmt":"2025-06-09T22:07:04","slug":"pray-for-hindus","status":"publish","type":"page","link":"https:\/\/blessfrontierpeoples.org\/al\/pray-for-hindus\/","title":{"rendered":"Lutu p\u00ebr Hindut"},"content":{"rendered":"<h3>Pothuajse gjysma e Popujve Kufitar\u00eb jan\u00eb hindu, q\u00eb jetojn\u00eb n\u00eb Indi ose kan\u00eb prejardhje nga ajo.<\/h3>\n<p>\u00c7far\u00eb besojn\u00eb hindut? Hindut kan\u00eb qindra libra t\u00eb lasht\u00eb fetar\u00eb dhe miliona per\u00ebndi, prandaj termi \u201chindu\u201d nuk specifikon nj\u00eb teologji, praktik\u00eb apo per\u00ebndi t\u00eb ve\u00e7ant\u00eb. Grupi njer\u00ebzor me gjuh\u00eb dhe kultura t\u00eb ndryshme q\u00eb ndajn\u00eb traditat Vedike konsiderohen hindu. Bot\u00ebkuptimi i tyre p\u00ebrfshin rigjall\u00ebrimin (reinkarnacionin) dhe pranimin e vuajtjeve n\u00eb k\u00ebt\u00eb jet\u00eb si t\u00eb drejt\u00eb t\u00eb merituara p\u00ebr mosjetes\u00ebn me shenjt\u00ebri dhe mosplot\u00ebsimin e detyrave n\u00eb jet\u00eb t\u00eb m\u00ebparshme. Ashtu si shumica e njer\u00ebzve, ata k\u00ebrkojn\u00eb t\u00eb njohin rrug\u00ebn e s\u00eb v\u00ebrtet\u00ebs dhe kuptimin e jet\u00ebs. Ata duan jet\u00eb t\u00eb sh\u00ebndetshme p\u00ebr familjet e tyre sot. Past\u00ebrtia shpirt\u00ebrore dhe shmangia e ndotjes dhe turpit shpirt\u00ebror jan\u00eb shum\u00eb t\u00eb r\u00ebnd\u00ebsishme p\u00ebr ta, dhe ushqimi apo njer\u00ebzit e papast\u00ebr mund t\u2019i ndotin. Lutu q\u00eb Zoti t\u2019u tregoj\u00eb se pastrimi shpirt\u00ebror i zemr\u00ebs \u00ebsht\u00eb nj\u00eb dhurat\u00eb e lir\u00eb nga Jezusi. Qoft\u00eb e njohur dashuria personale dhe pranimi i Zotit p\u00ebrmes d\u00ebshmitar\u00ebve q\u00eb Ai d\u00ebrgon tek ata.<\/p>\n<p><strong>\u00c7far\u00eb din\u00eb hindut p\u00ebr Jezusin?<\/strong><\/p>\n<p>Popujt hindu kan\u00eb d\u00ebgjuar gj\u00ebra pozitive p\u00ebr Jezusin, por e shohin vet\u00ebm si per\u00ebndin\u00eb e t\u00eb krishter\u00ebve. Duke afirmuar t\u00eb gjitha fet\u00eb, ata rezistojn\u00eb pretendimet universale dhe ekskluzive mbi Jezusin. Megjithat\u00eb, t\u00ebrhiqen nga shenjt\u00ebria dhe men\u00e7uria e ve\u00e7ant\u00eb e Tij. Shum\u00eb ngat\u00ebrrojn\u00eb dor\u00ebzimin te Jezusi me pjes\u00ebmarrjen n\u00eb traditat e kish\u00ebs per\u00ebndimore. Por shum\u00eb d\u00ebshirojn\u00eb t\u00eb m\u00ebsojn\u00eb \u00e7far\u00eb thon\u00eb Shkrimet e Shenjta se si t\u00eb jetojn\u00eb nj\u00eb jet\u00eb t\u00eb past\u00ebr, me men\u00e7uri t\u00eb v\u00ebrtet\u00eb, p\u00ebrmes Proverbs (Fjal\u00ebve T\u00eb Urta), Psalmeve dhe m\u00ebsimeve t\u00eb Jezusit. Grat\u00eb k\u00ebrkojn\u00eb m\u00eb t\u00eb mir\u00ebn p\u00ebr familjet e tyre n\u00eb t\u00eb ardhmen. Lutu q\u00eb Jezusi t\u2019u zbulohet hinduve si Zoti i v\u00ebrtet\u00eb dhe i gjall\u00eb, i aft\u00eb t\u00eb udh\u00ebheq\u00eb dhe sh\u00ebroj\u00eb. Lutu q\u00eb Zoti t\u00eb d\u00ebrgoj\u00eb njer\u00ebz q\u00eb t\u2019i duan, t\u2019u lut\u00ebn p\u00ebr familjet e tyre dhe t\u2019u ndajn\u00eb Fjal\u00ebt e Jet\u00ebs, jo nj\u00eb fe alternative. Lutu p\u00ebr burrat dhe grat\u00eb q\u00eb k\u00ebrkojn\u00eb t\u00eb adhurojn\u00eb Zotin n\u00eb Frym\u00eb dhe t\u00eb V\u00ebrtet\u00eb, q\u00eb me g\u00ebzim do t\u00eb ndajn\u00eb k\u00ebt\u00eb mesazh nga Jezusi me familjet dhe komunitetet e tyre t\u00eb t\u00ebra!<\/p>\n<p><strong>P\u00ebr \u00e7far\u00eb tjet\u00ebr mund t\u00eb lutemi p\u00ebr hindut?<\/strong><\/p>\n<p>Grupet hindu jan\u00eb t\u00eb ndara nga ndarjet e gjat\u00eb kasteve, por disa grupe kaste n\u00eb Indi kan\u00eb l\u00ebvizje t\u00eb gjalla ndaj Jezusit, ku njer\u00ebzit mund t\u00eb shohin q\u00eb Ai nuk \u00ebsht\u00eb i huaj, por Rruga p\u00ebr ta. Lutu q\u00eb shum\u00eb familje t\u00eb ndjekin Jezusin dhe q\u00eb lider\u00ebt e l\u00ebvizjeve t\u00eb reja t\u00eb lindin nga k\u00ebto familje besimtare q\u00eb do t\u00eb kalojn\u00eb kufijt\u00eb e kast\u00ebs apo fes\u00eb.<\/p>\n<p><b><img loading=\"lazy\" decoding=\"async\" class=\"size-medium wp-image-225 alignright img-responsive img-shadow\" src=\"http:\/\/fpg.gremza.al\/wp-content\/uploads\/2022\/04\/image29-300x198.png\" alt=\"\" width=\"300\" height=\"198\" srcset=\"https:\/\/blessfrontierpeoples.org\/al\/wp-content\/uploads\/2022\/04\/image29-300x198.png 300w, https:\/\/blessfrontierpeoples.org\/al\/wp-content\/uploads\/2022\/04\/image29.png 436w\" sizes=\"auto, (max-width: 300px) 100vw, 300px\" \/><\/b><\/p>\n<p><strong>Lutu p\u00ebr shp\u00ebtim :<\/strong> Popujt hindu b\u00ebjn\u00eb pelegrinazhe dhe shum\u00eb rite duke k\u00ebrkuar shp\u00ebtim nga problemet shpirt\u00ebrore dhe tok\u00ebsore. P\u00ebr shembull, pelegrinazhi Kumbh Mela n\u00eb Indi konsiderohet tubimi m\u00eb i madh fetar n\u00eb planet. N\u00eb vitin 2019, rreth 200 milion\u00eb njer\u00ebz mor\u00ebn pjes\u00eb, 50 milion\u00eb vet\u00ebm n\u00eb nj\u00eb dit\u00eb, duke u lar\u00eb n\u00eb lumin p\u00ebr t\u00eb fituar past\u00ebrti, bekime dhe pavdek\u00ebsi.<\/p>\n<p><em>Lutu q\u00eb ata t\u00eb kuptojn\u00eb se Zoti u jep falas past\u00ebrtin\u00eb dhe shp\u00ebtimin q\u00eb ata d\u00ebshirojn\u00eb p\u00ebrmes sakrific\u00ebs s\u00eb Jezusit. Lutu q\u00eb l\u00ebvizje t\u00eb m\u00ebdha njer\u00ebzish q\u00eb gjejn\u00eb past\u00ebrti dhe bekim p\u00ebrmes Jezusit t\u00eb p\u00ebrhapen n\u00eb t\u00eb gjith\u00eb vendin.<\/em><\/p>\n","protected":false},"excerpt":{"rendered":"<p>Pothuajse gjysma e Popujve Kufitar\u00eb jan\u00eb hindu, q\u00eb jetojn\u00eb n\u00eb Indi ose kan\u00eb prejardhje nga ajo. \u00c7far\u00eb besojn\u00eb hindut? Hindut [&hellip;]<\/p>\n","protected":false},"author":1,"featured_media":0,"parent":0,"menu_order":0,"comment_status":"closed","ping_status":"closed","template":"","meta":{"_acf_changed":false,"footnotes":""},"class_list":["post-224","page","type-page","status-publish","hentry"],"acf":{"show_to_menu":false},"_links":{"self":[{"href":"https:\/\/blessfrontierpeoples.org\/al\/wp-json\/wp\/v2\/pages\/224","targetHints":{"allow":["GET"]}}],"collection":[{"href":"https:\/\/blessfrontierpeoples.org\/al\/wp-json\/wp\/v2\/pages"}],"about":[{"href":"https:\/\/blessfrontierpeoples.org\/al\/wp-json\/wp\/v2\/types\/page"}],"author":[{"embeddable":true,"href":"https:\/\/blessfrontierpeoples.org\/al\/wp-json\/wp\/v2\/users\/1"}],"replies":[{"embeddable":true,"href":"https:\/\/blessfrontierpeoples.org\/al\/wp-json\/wp\/v2\/comments?post=224"}],"version-history":[{"count":4,"href":"https:\/\/blessfrontierpeoples.org\/al\/wp-json\/wp\/v2\/pages\/224\/revisions"}],"predecessor-version":[{"id":1227,"href":"https:\/\/blessfrontierpeoples.org\/al\/wp-json\/wp\/v2\/pages\/224\/revisions\/1227"}],"wp:attachment":[{"href":"https:\/\/blessfrontierpeoples.org\/al\/wp-json\/wp\/v2\/media?parent=224"}],"curies":[{"name":"wp","href":"https:\/\/api.w.org\/{rel}","templated":true}]}}