{"id":247,"date":"2022-04-28T13:41:31","date_gmt":"2022-04-28T13:41:31","guid":{"rendered":"http:\/\/fpg.gremza.al\/?page_id=247"},"modified":"2025-06-09T21:41:58","modified_gmt":"2025-06-09T21:41:58","slug":"pray-for-muslims","status":"publish","type":"page","link":"https:\/\/blessfrontierpeoples.org\/al\/pray-for-muslims\/","title":{"rendered":"Lutemi p\u00ebr Mysliman\u00ebt"},"content":{"rendered":"<p><strong>Mbi gjysma e Popujve Kufitar jan\u00eb mysliman\u00eb, q\u00eb jetojn\u00eb kryesisht n\u00eb vende me shumic\u00eb myslimane ose n\u00eb Azin\u00eb Jugore.<\/strong><\/p>\n<p><strong>\u00c7far\u00eb besojn\u00eb mysliman\u00ebt?<\/strong> Mysliman\u00ebt besojn\u00eb se ekziston vet\u00ebm nj\u00eb Zot, Zoti i Abrahamit, t\u00eb cilin e quajn\u00eb Allah, ashtu si miliona kristian\u00eb arab\u00eb q\u00eb e kan\u00eb p\u00ebrdorur k\u00ebt\u00eb em\u00ebr p\u00ebr 2000 vjet. Allah \u00ebsht\u00eb emri arab p\u00ebr Zotin, q\u00eb p\u00ebrdoret n\u00eb shumic\u00ebn e biblave arabe, t\u00eb lashta dhe moderne. Shum\u00eb mysliman\u00eb t\u00eb devotsh\u00ebm, madje edhe terrorist\u00eb t\u00eb keqkuptuar, duan mbi t\u00eb gjitha t\u00eb d\u00ebgjojn\u00eb dhe t\u00eb k\u00ebnaqin Zotin. Kur\u2019ani afirmon librat e Moisiut (Taurat), Davudit (Zabur), profet\u00ebve (shkrimet) dhe Jezusit (Inxhil), dhe lavd\u00ebron ata q\u00eb i d\u00ebgjojn\u00eb (ndryshe nga narrativat e zakonshme myslimane sot). Lutu q\u00eb mysliman\u00ebt t\u00eb ken\u00eb qasje dhe t\u00eb lexojn\u00eb Shkrimet e Shenjta n\u00eb gjuh\u00ebt e tyre, dhe t\u00eb d\u00ebgjojn\u00eb Zotin duke u folur p\u00ebrmes Fjal\u00ebs s\u00eb Tij.<\/p>\n<p>&nbsp;<\/p>\n<p><strong>\u00c7far\u00eb din\u00eb mysliman\u00ebt p\u00ebr Jezusin?<\/strong><\/p>\n<p>Libri i shenjt\u00eb i Islamit, Kur\u2019ani, \u00ebsht\u00eb n\u00eb arabisht klasike dhe flet shum\u00eb lart p\u00ebr Jezusin si t\u00eb lindur nga nj\u00eb virgj\u00ebresh\u00eb, duke e quajtur at\u00eb Mesiu, Fjal\u00eb nga Zoti dhe me Frym\u00ebn e Zotit. Jezusi (i quajtur Isa) njihet si profet dhe dishepujt e Tij si mysliman\u00eb t\u00eb v\u00ebrtet\u00eb (q\u00eb do t\u00eb thot\u00eb ata q\u00eb i jan\u00eb dor\u00ebzuar Zotit). Disa mysliman\u00eb kan\u00eb ardhur n\u00eb besim ndaj Jezusit p\u00ebrmes leximit t\u00eb Kur\u2019anit, i cili paralajm\u00ebron se t\u00eb gjith\u00eb do t\u00eb ngrihemi p\u00ebr t\u2019u gjykuar n\u00eb Dit\u00ebn e Fundit dhe q\u00eb ndjek\u00ebsit e v\u00ebrtet\u00eb t\u00eb Jezusit do t\u00eb jen\u00eb t\u00eb bekuar. Mysliman\u00ebt kan\u00eb takuar Jezusin n\u00eb \u00ebndrra dhe vizione, ose p\u00ebrmes leximit t\u00eb Shkrimeve t\u00eb Shenjta. Por ata e ofendojn\u00eb shum\u00eb iden\u00eb q\u00eb Jezusi quhet \u201cBiri i Zotit,\u201d sepse kjo p\u00ebr ta do t\u00eb thot\u00eb q\u00eb Zoti ka pasur marr\u00ebdh\u00ebnie me nj\u00eb grua, si nj\u00eb zot grek. Lutju Zotit q\u00eb t\u2019iu p\u00ebrgjigjet d\u00ebshir\u00ebs s\u00eb zemrave t\u00eb tyre p\u00ebr drejt\u00ebsi p\u00ebrpara Tij dhe q\u00eb Fryma e Zotit t\u2019u zbuloj\u00eb se Jezusi \u00ebsht\u00eb Rruga p\u00ebr t\u00eb pasur paqe me Zotin.<\/p>\n<p><strong>\u00c7far\u00eb tjet\u00ebr mund t\u00eb lutemi p\u00ebr mysliman\u00ebt?<\/strong><\/p>\n<p>P\u00ebrsh\u00ebndetja myslimane, \u201c<em>A Salaam Walekum,<\/em>\u201d do t\u00eb thot\u00eb \u201c<em>Paqe qoft\u00eb mbi ju.<\/em>\u201d<\/p>\n<p>&nbsp;<\/p>\n<p><b><img loading=\"lazy\" decoding=\"async\" class=\"size-medium wp-image-248 alignleft img-responsive img-shadow\" src=\"http:\/\/fpg.gremza.al\/wp-content\/uploads\/2022\/04\/image20-284x300.png\" alt=\"\" width=\"284\" height=\"300\" srcset=\"https:\/\/blessfrontierpeoples.org\/al\/wp-content\/uploads\/2022\/04\/image20-284x300.png 284w, https:\/\/blessfrontierpeoples.org\/al\/wp-content\/uploads\/2022\/04\/image20.png 364w\" sizes=\"auto, (max-width: 284px) 100vw, 284px\" \/><\/b>Lutu p\u00ebr paqe: Islami nisi n\u00eb Arabin\u00eb e shekullit t\u00eb 600-t\u00eb gjat\u00eb nj\u00eb periudhe me shum\u00eb p\u00ebrplasje midis grupeve t\u00eb krishtera. Ka shum\u00eb sekt\u00eb t\u00eb ndryshme brenda Islamit gjithashtu. Dy ndarjet historike m\u00eb t\u00eb m\u00ebdha, mysliman\u00ebt Sunni dhe mysliman\u00ebt Shi\u2019a, shpesh jan\u00eb armiq. Sunni-t ndoq\u00ebn udh\u00ebheq\u00ebsit politik\u00eb pas vdekjes s\u00eb Profetit Muhamed, nd\u00ebrsa Shi\u2019a-t ndoq\u00ebn t\u00eb af\u00ebrmit e Tij. Shi\u2019a-t jan\u00eb kryesisht n\u00eb Iran dhe Indi, nd\u00ebrsa sektet Sunni jan\u00eb shumica n\u00eb mbar\u00eb bot\u00ebn. Disa l\u00ebvizje reformuese brenda Islamit po p\u00ebrpiqen t\u00eb largojn\u00eb mysliman\u00ebt nga luft\u00ebrat dhe terrorizmi, duke i kthyer ata tek besimi dhe bindja ndaj Zotit, si l\u00ebvizja Tablighi Jamaat, nj\u00eb rrjet predikuesish itinerant\u00eb q\u00eb \u00ebsht\u00eb p\u00ebrhapur n\u00eb 150 vende dhe ka prekur rreth 80 milion njer\u00ebz n\u00eb 100 vitet e fundit.<\/p>\n<p><em>Lutu q\u00eb reformator\u00ebt mysliman\u00eb t\u00eb takojn\u00eb dashurin\u00eb e Jezusit, dhe q\u00eb Ai t\u00eb sjell\u00eb paqe mes sektave myslimane dhe mes mysliman\u00ebve, t\u00eb krishter\u00ebve e hebrenjve. Lutju q\u00eb shum\u00eb d\u00ebshmitar\u00eb t\u2019i duan ata dhe t\u2019u shp\u00ebrndajn\u00eb paqen e Zotit atyre q\u00eb i mir\u00ebpresin n\u00eb familjet e tyre (Luka 10).<\/em><\/p>\n","protected":false},"excerpt":{"rendered":"<p>Mbi gjysma e Popujve Kufitar jan\u00eb mysliman\u00eb, q\u00eb jetojn\u00eb kryesisht n\u00eb vende me shumic\u00eb myslimane ose n\u00eb Azin\u00eb Jugore. \u00c7far\u00eb [&hellip;]<\/p>\n","protected":false},"author":1,"featured_media":0,"parent":0,"menu_order":0,"comment_status":"closed","ping_status":"closed","template":"","meta":{"_acf_changed":false,"footnotes":""},"class_list":["post-247","page","type-page","status-publish","hentry"],"acf":{"show_to_menu":true},"_links":{"self":[{"href":"https:\/\/blessfrontierpeoples.org\/al\/wp-json\/wp\/v2\/pages\/247","targetHints":{"allow":["GET"]}}],"collection":[{"href":"https:\/\/blessfrontierpeoples.org\/al\/wp-json\/wp\/v2\/pages"}],"about":[{"href":"https:\/\/blessfrontierpeoples.org\/al\/wp-json\/wp\/v2\/types\/page"}],"author":[{"embeddable":true,"href":"https:\/\/blessfrontierpeoples.org\/al\/wp-json\/wp\/v2\/users\/1"}],"replies":[{"embeddable":true,"href":"https:\/\/blessfrontierpeoples.org\/al\/wp-json\/wp\/v2\/comments?post=247"}],"version-history":[{"count":5,"href":"https:\/\/blessfrontierpeoples.org\/al\/wp-json\/wp\/v2\/pages\/247\/revisions"}],"predecessor-version":[{"id":1219,"href":"https:\/\/blessfrontierpeoples.org\/al\/wp-json\/wp\/v2\/pages\/247\/revisions\/1219"}],"wp:attachment":[{"href":"https:\/\/blessfrontierpeoples.org\/al\/wp-json\/wp\/v2\/media?parent=247"}],"curies":[{"name":"wp","href":"https:\/\/api.w.org\/{rel}","templated":true}]}}