{"id":288,"date":"2022-04-28T14:26:48","date_gmt":"2022-04-28T14:26:48","guid":{"rendered":"http:\/\/fpg.gremza.al\/?page_id=288"},"modified":"2025-06-09T21:34:00","modified_gmt":"2025-06-09T21:34:00","slug":"keys-to-opening-the-hearts-of-frontier-people-groups","status":"publish","type":"page","link":"https:\/\/blessfrontierpeoples.org\/al\/keys-to-opening-the-hearts-of-frontier-people-groups\/","title":{"rendered":"\u00c7el\u00ebsat p\u00ebr t\u00eb Hapur Zemrat e Popujve Frontier"},"content":{"rendered":"<p data-start=\"0\" data-end=\"372\">Nuk mund t\u00eb vazhdojm\u00eb t\u00eb b\u00ebjm\u00eb t\u00eb nj\u00ebjt\u00ebn gj\u00eb dhe t\u00eb presim nj\u00eb rezultat tjet\u00ebr. Duhet t\u00eb zbulojm\u00eb pse k\u00ebto grupe shum\u00eb t\u00eb m\u00ebdha njer\u00ebzish ose nuk po pranojn\u00eb Lajmin e Mir\u00eb q\u00eb po d\u00ebgjojn\u00eb, ose nuk kan\u00eb d\u00ebshmitar\u00eb fare. Lutuni p\u00ebr \u00e7el\u00ebsat e mundsh\u00ebm m\u00eb posht\u00eb dhe t\u00eb tjer\u00eb q\u00eb do t\u00eb zbulohen, q\u00eb t\u2019i ndihmojn\u00eb t\u00eb kuptojn\u00eb se Jezusi \u00ebsht\u00eb edhe Shp\u00ebtimtari dhe Sh\u00ebruesi i tyre.<\/p>\n<p data-start=\"374\" data-end=\"643\">BEKIMI I FAMILJEVE: Aleanca e Per\u00ebndis\u00eb me Abrahamin p\u00ebrmbushet kur sjellim bekimin e Tij p\u00ebr t\u00eb gjitha familjet e tok\u00ebs, duke inkurajuar ndjek\u00ebs t\u00eb rinj t\u00eb Jezusit t\u00eb bekojn\u00eb familjet, komunitetet dhe t\u00eb gjith\u00eb grupet e njer\u00ebzve (Gjen 12:1\u20133, Gal 3:8, Heb 6:17).<\/p>\n<p data-start=\"645\" data-end=\"844\"><em>At, q\u00eb n\u00eb fillim d\u00ebshira e zemr\u00ebs t\u00ebnde ka qen\u00eb q\u00eb t\u00eb gjitha familjet n\u00eb tok\u00eb t\u00eb bekohen. L\u00ebviz zemrat tona me pasionin t\u00ebnd p\u00ebr t\u00eb bekuar familjet n\u00eb m\u00ebnyra praktike n\u00eb k\u00ebto FPG, q\u00eb ata t\u00eb t\u00eb njohin!<\/em><\/p>\n<p data-start=\"846\" data-end=\"1099\">L\u00cbVIZJET E JEZUSIT: Familjet kuptojn\u00eb q\u00eb Jezusi po u flet dhe po i udh\u00ebheq kur diskutojn\u00eb s\u00eb bashku Shkrimet. Kjo i \u00e7on t\u00eb inkurajojn\u00eb dhe b\u00ebjn\u00eb dishepuj t\u00eb tjer\u00eb q\u00eb t\u00eb studiojn\u00eb Bibl\u00ebn, p\u00ebr t\u00eb marr\u00eb dhe p\u00ebrhapur bekimin brenda komuniteteve t\u00eb tyre.<\/p>\n<p data-start=\"1101\" data-end=\"1376\"><em>Zot, derdh Frym\u00ebn t\u00ebnde t\u00eb Shenjt\u00eb q\u00eb \u00e7do Grup Populli Frontier t\u00eb ket\u00eb l\u00ebvizjen e vet t\u00eb Jezusit. Ngre ekipe lutjeje q\u00eb t\u00eb nd\u00ebrmjet\u00ebsojn\u00eb p\u00ebr secilin nga grupet m\u00eb t\u00eb m\u00ebdha Frontier derisa bekimi i jet\u00ebs n\u00eb Jezus t\u00eb p\u00ebrhapet shpejt nga familja n\u00eb familje (Ps 2:8, Jak 4:2b).<\/em><\/p>\n<p data-start=\"1378\" data-end=\"1610\">TRANSFORMIMI I KOMUNITETEVE: Familjet e besimit jan\u00eb gjithnj\u00eb e m\u00eb t\u00eb afta t\u00eb dallojn\u00eb dhe t\u00eb adresojn\u00eb ndikimet q\u00eb shkat\u00ebrrojn\u00eb familjet dhe komunitetet e tyre, nd\u00ebrsa rriten n\u00eb shenjt\u00ebri personale, sh\u00ebrbim dhe men\u00e7uri hyjnore.<\/p>\n<p data-start=\"1612\" data-end=\"1785\"><em>Zot, ngre besimtar\u00eb t\u00eb p\u00ebrkushtuar dhe hyjnor\u00eb brenda FPG-ve, si Danieli dhe Jozefi, n\u00eb pozicione ndikimi, duke transformuar komunitetet dhe duke shkat\u00ebrruar veprat e s\u00eb keqes.<\/em><\/p>\n<p data-start=\"1787\" data-end=\"2016\">NJER\u00cbZIMI I P\u00cbRBASHK\u00cbT: Njer\u00ebzit e t\u00eb gjitha besimeve t\u00ebrhiqen drejt Jezusit p\u00ebr shkak t\u00eb sfidave dhe d\u00ebshirave t\u00eb p\u00ebrbashk\u00ebta kur gjejn\u00eb se Per\u00ebndia k\u00ebrkon t\u00eb gjith\u00eb ata q\u00eb do ta adhurojn\u00eb n\u00eb Frym\u00eb dhe n\u00eb t\u00eb V\u00ebrtet\u00eb (Gjn 4).<\/p>\n<p data-start=\"2018\" data-end=\"2270\"><em>Zot, ndihmoji t\u00eb shohim t\u00eb gjitha FPG-t\u00eb si v\u00ebllez\u00ebr dhe motra tan\u00eb, q\u00eb dashuria dhe Fjala Jote t\u00eb sjellin paqe dhe dashuri mes popujve. Na kthe nga \u201clufta e feve\u201d si gruaja samaritane drejt atyre q\u00eb Ti i th\u00ebrret p\u00ebr t\u2019ju lutur n\u00eb Frym\u00eb dhe t\u00eb V\u00ebrtet\u00eb.<\/em><\/p>\n<p data-start=\"2272\" data-end=\"2560\">PUN\u00cbTOR\u00cbT PIONIER\u00cb: Njer\u00ebzit mund t\u00eb shkojn\u00eb \u201cpartner\u00eb\u201d me besimtar\u00eb n\u00eb UPG, kur ka kish\u00eb ose besimtar\u00eb atje. Por kjo nuk \u00ebsht\u00eb e mundur n\u00eb FPG. K\u00ebrkohet pionieriz\u00ebm p\u00ebr t\u00eb vendosur \u201csht\u00ebpit\u00eb e para t\u00eb paqes\u201d q\u00eb do t\u00eb tregojn\u00eb t\u00eb tjer\u00ebve \u00e7far\u00eb do t\u00eb thot\u00eb t\u00eb ndjek\u00ebsh Jezusin (Lk 10).<\/p>\n<p data-start=\"2562\" data-end=\"2927\" data-is-last-node=\"\" data-is-only-node=\"\"><em>Ati, d\u00ebrgo pun\u00ebtor\u00eb pionier\u00eb tek Grupi i Popujve Frontier q\u00eb nuk kan\u00eb besimtar\u00eb p\u00ebr partner\u00eb. D\u00ebrgo pun\u00ebtor\u00ebt e Tu t\u00eb mbjellin Fjal\u00ebn t\u00ebnde n\u00eb k\u00ebto grupe m\u00eb t\u00eb m\u00ebdha Frontier (Mt 9:37-38, Lk 10:2). Udh\u00ebheqi ata tek sht\u00ebpit\u00eb e paqes q\u00eb Ti ke p\u00ebrgatitur paraprakisht (Mt 10, Lk 10), q\u00eb t\u00eb shum\u00ebfishohen 30-, 60-, apo edhe 100-fish (Mt 13, Mk 4, Lk 8), si toka e mir\u00eb.<\/em><\/p>\n","protected":false},"excerpt":{"rendered":"<p>Nuk mund t\u00eb vazhdojm\u00eb t\u00eb b\u00ebjm\u00eb t\u00eb nj\u00ebjt\u00ebn gj\u00eb dhe t\u00eb presim nj\u00eb rezultat tjet\u00ebr. Duhet t\u00eb zbulojm\u00eb pse k\u00ebto [&hellip;]<\/p>\n","protected":false},"author":1,"featured_media":0,"parent":0,"menu_order":0,"comment_status":"closed","ping_status":"closed","template":"","meta":{"_acf_changed":false,"footnotes":""},"class_list":["post-288","page","type-page","status-publish","hentry"],"acf":{"show_to_menu":false},"_links":{"self":[{"href":"https:\/\/blessfrontierpeoples.org\/al\/wp-json\/wp\/v2\/pages\/288","targetHints":{"allow":["GET"]}}],"collection":[{"href":"https:\/\/blessfrontierpeoples.org\/al\/wp-json\/wp\/v2\/pages"}],"about":[{"href":"https:\/\/blessfrontierpeoples.org\/al\/wp-json\/wp\/v2\/types\/page"}],"author":[{"embeddable":true,"href":"https:\/\/blessfrontierpeoples.org\/al\/wp-json\/wp\/v2\/users\/1"}],"replies":[{"embeddable":true,"href":"https:\/\/blessfrontierpeoples.org\/al\/wp-json\/wp\/v2\/comments?post=288"}],"version-history":[{"count":4,"href":"https:\/\/blessfrontierpeoples.org\/al\/wp-json\/wp\/v2\/pages\/288\/revisions"}],"predecessor-version":[{"id":1216,"href":"https:\/\/blessfrontierpeoples.org\/al\/wp-json\/wp\/v2\/pages\/288\/revisions\/1216"}],"wp:attachment":[{"href":"https:\/\/blessfrontierpeoples.org\/al\/wp-json\/wp\/v2\/media?parent=288"}],"curies":[{"name":"wp","href":"https:\/\/api.w.org\/{rel}","templated":true}]}}