{"id":290,"date":"2022-04-28T14:27:15","date_gmt":"2022-04-28T14:27:15","guid":{"rendered":"http:\/\/fpg.gremza.al\/?page_id=290"},"modified":"2025-06-09T21:38:40","modified_gmt":"2025-06-09T21:38:40","slug":"jesus-movements-the-way-people-groups-come-to-jesus","status":"publish","type":"page","link":"https:\/\/blessfrontierpeoples.org\/al\/jesus-movements-the-way-people-groups-come-to-jesus\/","title":{"rendered":"L\u00ebvizjet e Jezusit: Si Grupet e Popujve Arrijn\u00eb tek Jezusi"},"content":{"rendered":"<p><em>N\u00eb shumic\u00ebn e Grupimeve Kufitare t\u00eb Popujve q\u00eb kan\u00eb mbetur, njer\u00ebzit besojn\u00eb se ndjekja e Jezusit do t\u00eb thot\u00eb t\u00eb tradhtosh familjen dhe t\u00eb bashkohesh me nj\u00eb grup tjet\u00ebr \u201ckristian\u201d, prandaj shpesh besimtar\u00ebt e par\u00eb kan\u00eb l\u00ebn\u00eb grupin e tyre t\u00eb popullit. Por n\u00eb Fjal\u00ebn e Zotit shohim se Jezusi derdh dashuri mbi ndjek\u00ebsit e Tij kudo, duke i d\u00ebrguar ata prapa n\u00eb komunitetet e tyre samaritan\u00eb ose johebrenj, p\u00ebr t\u2019u sjell\u00eb bekime dhe paqe atyre q\u00eb jetojn\u00eb aty (Gjoni 4; Marku 5:1-20).<\/em><\/p>\n<p>N\u00eb librin e Veprave, shohim Shpirtin e Zotit q\u00eb p\u00ebrhap Ungjillin e Jezusit, ringjalljen dhe faljen e m\u00ebkateve shpejt nga nj\u00eb familje n\u00eb tjetr\u00ebn, edhe pa Shkrimet e printuara, nd\u00ebrtesa kishtare apo predikues t\u00eb paguar: (Veprat 6:7; 9:31; 12:24; 16:5).<\/p>\n<p>L\u00ebvizjet n\u00eb Veprat ishin m\u00ebnyra se si besimi n\u00eb Jezus u rrit m\u00eb shpejt se popullsia, si n\u00eb kontekstin hebre, ashtu edhe midis samaritan\u00ebve dhe popujve t\u00eb ndrysh\u00ebm johebrenj. Kur Shpirti i Zotit ndez l\u00ebvizje drejt Jezusit, ato transformojn\u00eb komunitetet dhe grupet e popujve ekzistues duke sjell\u00eb bekimet e Zotit brenda familjeve.<\/p>\n<p><b>Pse l\u00ebvizjet jan\u00eb t\u00eb nevojshme :<\/b><\/p>\n<p>Asnj\u00eb grup populli n\u00eb histori nuk \u00ebsht\u00eb identifikuar me Jezusin pa nj\u00eb l\u00ebvizje vendase drejt Tij q\u00eb t\u00eb ket\u00eb ndodhur. Besimtar\u00ebt n\u00eb Jezus n\u00eb \u00e7do brez zhduken n\u00ebse nuk ka nj\u00eb l\u00ebvizje drejt besimit. Grupet Kufitare t\u00eb Popujve jan\u00eb ato q\u00eb kurr\u00eb nuk kan\u00eb pasur nj\u00eb l\u00ebvizje vendase n\u00eb rritje drejt Zotit, edhe pse shekuj me radh\u00eb kan\u00eb pasur d\u00ebshmitar\u00eb q\u00eb kan\u00eb ardhur t\u2019u tregojn\u00eb p\u00ebr Jezusin.<\/p>\n<p>N\u00eb disa vende, si Kina, d\u00ebshmia ka zgjatur mbi 100 vjet para se njer\u00ebzit t\u00eb kuptonin se Zoti Krijues \u00ebsht\u00eb edhe Zoti i tyre dhe se Jezusi i \u00e7liroi nga m\u00ebkati dhe vdekja. Vajzat besimtare n\u00eb Kin\u00eb dhe Kore p\u00ebrhap\u00ebn Ungjillin shpejt nga qyteti n\u00eb qytet. Tani mbi 10% e popullsis\u00eb kineze dhe 30% e asaj koreane jan\u00eb t\u00eb p\u00ebrkushtuar ndaj Jezusit.<\/p>\n<p>Grupet Kufitare t\u00eb Popujve zakonisht besojn\u00eb se Jezusi \u00ebsht\u00eb vet\u00ebm p\u00ebr kristian\u00ebt e huaj dhe largojn\u00eb ata q\u00eb ndjekin Jezusin, derisa t\u00eb shohin sht\u00ebpi t\u00eb t\u00ebra mes tyre q\u00eb b\u00ebhen besimtar\u00eb. Nd\u00ebrsa k\u00ebto familje besimi tregojn\u00eb p\u00ebr sh\u00ebrimin dhe bekimin q\u00eb u vjen p\u00ebrmes Jezusit, grupi i popullit fillon t\u00eb kuptoj\u00eb se Jezusi \u00ebsht\u00eb Shp\u00ebtimtari i t\u00eb gjith\u00eb bot\u00ebs, p\u00ebrfshir\u00eb edhe popullin e tyre (Gjoni 4:42).<\/p>\n<p>Ne d\u00ebshirojm\u00eb q\u00eb Mbret\u00ebria e Zotit t\u00eb vij\u00eb n\u00eb tok\u00eb ashtu si n\u00eb qiell! Prandaj, le t\u00eb lutemi me k\u00ebmb\u00ebngulje p\u00ebr l\u00ebvizje t\u00eb shpejta t\u00eb Jezusit q\u00eb t\u00eb sjellin bekimin e premtuar t\u00eb Zotit p\u00ebr familjet e tok\u00ebs. Lutuni ve\u00e7an\u00ebrisht p\u00ebr ato grupe popujsh q\u00eb ende nuk kan\u00eb pasur asnj\u00eb l\u00ebvizje drejt Jezusit \u2014 Grupet Kufitare t\u00eb Popujve.<\/p>\n<p>&nbsp;<\/p>\n<p><b>Burime p\u00ebr disiplinimin drejt l\u00ebvizjeve <\/b><span style=\"font-weight: 400;\">:<\/span><\/p>\n<p><a href=\"https:\/\/tam.oms.training\/\"><span style=\"font-weight: 400;\">https:\/\/tam.oms.training\/<\/span><\/a><\/p>\n<p><a href=\"http:\/\/peopleofyes.com\/\"><span style=\"font-weight: 400;\">http:\/\/peopleofyes.com\/<\/span><\/a><\/p>\n<p><a href=\"https:\/\/obedience.life\/resources\"><span style=\"font-weight: 400;\">https:\/\/obedience.life\/resources<\/span><\/a><\/p>\n<p><a href=\"http:\/\/www.justobeyjesus.com\/\"><span style=\"font-weight: 400;\">www.justobeyjesus.com\/<\/span><\/a><span style=\"font-weight: 400;\">\u00a0\u00a0<\/span><\/p>\n<p><span style=\"font-weight: 400;\">Shembull me video se si mund t\u00eb funksionojn\u00eb L\u00ebvizjet e Jezusit : <\/span><a href=\"https:\/\/www.youtube.com\/watch?v=s-IUraCyByU&amp;t=285s\"><span style=\"font-weight: 400;\">https:\/\/www.youtube.com\/watch?v=s-IUraCyByU&amp;t=285s<\/span><\/a><span style=\"font-weight: 400;\">\u00a0\u00a0<\/span><\/p>\n","protected":false},"excerpt":{"rendered":"<p>N\u00eb shumic\u00ebn e Grupimeve Kufitare t\u00eb Popujve q\u00eb kan\u00eb mbetur, njer\u00ebzit besojn\u00eb se ndjekja e Jezusit do t\u00eb thot\u00eb t\u00eb [&hellip;]<\/p>\n","protected":false},"author":1,"featured_media":0,"parent":0,"menu_order":0,"comment_status":"closed","ping_status":"closed","template":"","meta":{"_acf_changed":false,"footnotes":""},"class_list":["post-290","page","type-page","status-publish","hentry"],"acf":{"show_to_menu":true},"_links":{"self":[{"href":"https:\/\/blessfrontierpeoples.org\/al\/wp-json\/wp\/v2\/pages\/290","targetHints":{"allow":["GET"]}}],"collection":[{"href":"https:\/\/blessfrontierpeoples.org\/al\/wp-json\/wp\/v2\/pages"}],"about":[{"href":"https:\/\/blessfrontierpeoples.org\/al\/wp-json\/wp\/v2\/types\/page"}],"author":[{"embeddable":true,"href":"https:\/\/blessfrontierpeoples.org\/al\/wp-json\/wp\/v2\/users\/1"}],"replies":[{"embeddable":true,"href":"https:\/\/blessfrontierpeoples.org\/al\/wp-json\/wp\/v2\/comments?post=290"}],"version-history":[{"count":6,"href":"https:\/\/blessfrontierpeoples.org\/al\/wp-json\/wp\/v2\/pages\/290\/revisions"}],"predecessor-version":[{"id":1218,"href":"https:\/\/blessfrontierpeoples.org\/al\/wp-json\/wp\/v2\/pages\/290\/revisions\/1218"}],"wp:attachment":[{"href":"https:\/\/blessfrontierpeoples.org\/al\/wp-json\/wp\/v2\/media?parent=290"}],"curies":[{"name":"wp","href":"https:\/\/api.w.org\/{rel}","templated":true}]}}