{"id":315,"date":"2022-04-28T14:47:23","date_gmt":"2022-04-28T14:47:23","guid":{"rendered":"http:\/\/fpg.gremza.al\/?page_id=315"},"modified":"2025-06-09T21:54:06","modified_gmt":"2025-06-09T21:54:06","slug":"pray-for-bible-access-hearing-god-speak","status":"publish","type":"page","link":"https:\/\/blessfrontierpeoples.org\/al\/pray-for-bible-access-hearing-god-speak\/","title":{"rendered":"Lutu P\u00ebr Akses n\u00eb Bib\u00ebl: T\u00eb D\u00ebgjosh Zotin Duke Folur"},"content":{"rendered":"<p><i><span style=\"font-weight: 400;\"><a href=\"http:\/\/fpg.gremza.al\/wp-content\/uploads\/2022\/04\/image57.png\"><img loading=\"lazy\" decoding=\"async\" class=\"alignright size-medium wp-image-316 img-responsive img-shadow\" src=\"http:\/\/fpg.gremza.al\/wp-content\/uploads\/2022\/04\/image57-300x174.png\" alt=\"\" width=\"300\" height=\"174\" srcset=\"https:\/\/blessfrontierpeoples.org\/al\/wp-content\/uploads\/2022\/04\/image57-300x174.png 300w, https:\/\/blessfrontierpeoples.org\/al\/wp-content\/uploads\/2022\/04\/image57-768x446.png 768w, https:\/\/blessfrontierpeoples.org\/al\/wp-content\/uploads\/2022\/04\/image57.png 980w\" sizes=\"auto, (max-width: 300px) 100vw, 300px\" \/><\/a>Lutu q\u00eb \u00e7do person t\u00eb gjej\u00eb Fjal\u00ebn e Zotit n\u00eb gjuh\u00ebn e zemr\u00ebs s\u00eb vet, ta kuptoj\u00eb dhe ta zbatoj\u00eb n\u00eb jet\u00ebn e p\u00ebrditshme.<\/span><\/i><\/p>\n<p>T\u00eb kesh Shkrimet \u00ebsht\u00eb thelb\u00ebsore: Biblja \u00ebsht\u00eb autoriteti p\u00ebr besimtar\u00ebt dhe kishat n\u00eb \u00e7do l\u00ebvizje ungjillore. Edhe n\u00ebse Bibla shp\u00ebrndahet kryesisht n\u00ebp\u00ebrmjet tregimeve gojore, \u00ebsht\u00eb e domosdoshme p\u00ebr t\u00eb udh\u00ebzuar bindjen dhe doktrin\u00ebn. Besimi vjen duke d\u00ebgjuar Fjal\u00ebn e Zotit, dhe transformimi vjen duke e zbatuar at\u00eb.<\/p>\n<p>\u00cbsht\u00eb b\u00ebr\u00eb p\u00ebrparim i madh: Si\u00e7 tregon ky grafik, nga 7,382 gjuh\u00eb, 2,326 prej tyre (720 + 1,606) kan\u00eb Dhjat\u00ebn e Re n\u00eb dispozicion, duke p\u00ebrfshir\u00eb mbi 90% t\u00eb popullsis\u00eb s\u00eb bot\u00ebs. N\u00eb secil\u00ebn nga 31 faqet e profilit ka informacion mbi aksesin q\u00eb ka secili grup gjuh\u00ebsor ndaj Bibl\u00ebs. Disa nga k\u00ebto grupe t\u00eb m\u00ebdha jan\u00eb studiuar q\u00eb koh\u00eb m\u00eb par\u00eb, por s\u00eb fundmi shum\u00eb prej tyre jan\u00eb p\u00ebrdit\u00ebsuar ose jan\u00eb vendosur n\u00eb versione t\u00eb lehta p\u00ebr t\u2019u lexuar. P\u00ebr nj\u00eb list\u00eb t\u00eb plot\u00eb t\u00eb p\u00ebrkthimeve t\u00eb Bibl\u00ebs dhe burimeve mund t\u00eb vizitoni: <a href=\"https:\/\/joshuaproject.net\/languages\/prs#resources\">https:\/\/joshuaproject.net\/languages\/prs#resources <\/a>ose <a href=\"https:\/\/find.bible\/languages\/\">https:\/\/find.bible\/languages\/<\/a> .<\/p>\n<p><em>Lut<\/em><em>u p\u00ebr versionet e shkruara dhe audio t\u00eb Shkrimeve. Shum\u00eb njer\u00ebz sot, ve\u00e7an\u00ebrisht n\u00eb Grupet Kufitare t\u00eb Popullsis\u00eb, preferojn\u00eb t\u00eb ken\u00eb akses n\u00eb Shkrimet e Shenjta n\u00eb telefonat e tyre, sesa t\u00eb mbajn\u00eb libra t\u00eb duksh\u00ebm. Shkrimet gojore n\u00eb gjuh\u00ebt amtare jan\u00eb thelb\u00ebsore q\u00eb Ungjilli t\u00eb p\u00ebrhapet leht\u00ebsisht, t\u00eb d\u00ebgjohet plot\u00ebsisht, t\u00eb kuptohet dhe pranohet, dhe t\u00eb ndodh\u00eb nj\u00eb transformim i zemr\u00ebs.<\/em><\/p>\n<p><em><strong>Bekojini familjet me Shkrimet :<\/strong> Lutu q\u00eb Fjala e Zotit t\u00eb p\u00ebrhapet shpejt dhe t\u00eb nderohet nga t\u00eb gjith\u00eb. Lutu q\u00eb shum\u00eb njer\u00ebz t\u00eb bazojn\u00eb jet\u00ebn e tyre n\u00eb Jezusin dhe Fjal\u00ebn e Tij, duke qen\u00eb nx\u00ebn\u00ebs t\u00eb bindur, jo thjesht d\u00ebgjues harbues. K\u00ebrko q\u00eb Zoti t\u00eb lart\u00ebsoj\u00eb Fjal\u00ebn e Tij n\u00eb \u00e7do Grup Kufitar t\u00eb Popullsis\u00eb, duke siguruar q\u00eb deri n\u00eb vitin 2025 t\u00eb ken\u00eb Shkrime n\u00eb gjuh\u00eb moderne q\u00eb ata mund t\u2019i kuptojn\u00eb duke lexuar dhe\/ose d\u00ebgjuar (2 Thes 3:1; Ef 4:16).<\/em><\/p>\n<p>&nbsp;<\/p>\n<p><strong>Lutu p\u00ebr Shkollimin n\u00eb Shkrim-Lexim: Nj\u00eb Ur\u00eb Drejt Shpres\u00ebs<\/strong><\/p>\n<p><strong>P\u00ebrfitimet e shkrim-leximit jan\u00eb t\u00eb shumta :<\/strong> Ai krijon mund\u00ebsi p\u00ebr t\u00eb m\u00ebsuar dhe zhvilluar aft\u00ebsi q\u00eb ndihmojn\u00eb njer\u00ebzit t\u00eb mb\u00ebshtesin familjet e tyre dhe t\u00eb sjellin zhvillim social dhe ekonomik n\u00eb komunitetin e tyre. Shkrim-leximi p\u00ebrmir\u00ebson sh\u00ebndetin dhe ul ndjesh\u00ebm vdekshm\u00ebrin\u00eb e foshnjave, si dhe ndihmon njer\u00ebzit t\u00eb ken\u00eb akses n\u00eb arsimin dhe programet qeveritare. Jo vet\u00ebm q\u00eb shkrim-leximi ndihmon njer\u00ebzit t\u00eb lexojn\u00eb Shkrimet e Shenjta, por komunitete t\u00eb t\u00ebra mund t\u00eb dalin nga varf\u00ebria duke u b\u00ebr\u00eb t\u00eb shkolluar n\u00eb gjuh\u00ebn e tyre amtare dhe n\u00eb gjuh\u00eb tregtare.<\/p>\n<p><strong>\u00cbsht\u00eb b\u00ebr\u00eb progres i madh :<\/strong> N\u00eb vitin 1820 vet\u00ebm 12% e njer\u00ebzve n\u00eb bot\u00eb dinin t\u00eb lexonin, nd\u00ebrsa tani 86% din\u00eb. Megjithat\u00eb, m\u00eb t\u00eb varf\u00ebrit shpesh jan\u00eb m\u00eb pak t\u00eb shkolluar dhe m\u00eb pak t\u00eb shkolluar n\u00eb shkrim-lexim. Mbi 75% e 781 milion\u00eb t\u00eb rriturve analfabet\u00eb jetojn\u00eb n\u00eb Azin\u00eb e Jugut, Azin\u00eb Per\u00ebndimore dhe Afrik\u00ebn n\u00ebn-Sahariane, dhe shumica jan\u00eb gra. Edhe ata q\u00eb din\u00eb t\u00eb lexojn\u00eb shpesh nuk lexojn\u00eb mir\u00eb, sidomos n\u00ebse ka pak materiale t\u00eb shkruara n\u00eb gjuh\u00ebn e tyre.<\/p>\n<p><strong>Bekojini familjet me shkollimin n\u00eb shkrim-lexim :<\/strong> Shkollimi i t\u00eb rriturve \u00ebsht\u00eb i ul\u00ebt n\u00eb shum\u00eb nga Grupet Kufitare t\u00eb Popullsis\u00eb (FPG), dhe mund t\u00eb jet\u00eb nj\u00eb m\u00ebnyr\u00eb p\u00ebr t\u00eb bekuar familjet. Trajnime p\u00ebr t\u00eb m\u00ebsuar t\u00eb rriturit t\u00eb lexojn\u00eb shpejt n\u00eb gjuh\u00ebn e tyre jan\u00eb t\u00eb disponueshme me libra fillestar\u00eb p\u00ebr t\u00eb gjitha gjuh\u00ebt e 31 FPG-ve m\u00eb t\u00eb m\u00ebdha n\u00eb <a href=\"https:\/\/www.literacyevangelism.org\/\">https:\/\/www.literacyevangelism.org\/<\/a>. K\u00ebta libra fillestar\u00eb ndihmojn\u00eb edhe punonj\u00ebsit e huaj q\u00eb t\u00eb m\u00ebsojn\u00eb gjuh\u00ebt e FPG-ve ku punojn\u00eb.<\/p>\n<p><em>Lutu q\u00eb shum\u00eb punonj\u00ebs t\u00eb marrin vizionin p\u00ebr t\u00eb p\u00ebrdorur trajnimin e shkrim-leximit t\u00eb t\u00eb rriturve si nj\u00eb ur\u00eb p\u00ebr t\u00eb hyr\u00eb n\u00eb FPG. Lutu q\u00eb besimtar\u00ebt lokal\u00eb t\u00eb trajnohen p\u00ebr t\u00eb m\u00ebsuar shkrim-leximin popullit t\u00eb tyre. Lutu q\u00eb shum\u00eb familje t\u00eb bekohen teksa n\u00ebnat, baballar\u00ebt dhe an\u00ebtar\u00eb t\u00eb tjer\u00eb t\u00eb familjes m\u00ebsojn\u00eb t\u00eb lexojn\u00eb dhe t\u00eb duan Shkrimet.<\/em><\/p>\n<p>&nbsp;<\/p>\n","protected":false},"excerpt":{"rendered":"<p>Lutu q\u00eb \u00e7do person t\u00eb gjej\u00eb Fjal\u00ebn e Zotit n\u00eb gjuh\u00ebn e zemr\u00ebs s\u00eb vet, ta kuptoj\u00eb dhe ta zbatoj\u00eb [&hellip;]<\/p>\n","protected":false},"author":1,"featured_media":0,"parent":0,"menu_order":0,"comment_status":"closed","ping_status":"closed","template":"","meta":{"_acf_changed":false,"footnotes":""},"class_list":["post-315","page","type-page","status-publish","hentry"],"acf":{"show_to_menu":false},"_links":{"self":[{"href":"https:\/\/blessfrontierpeoples.org\/al\/wp-json\/wp\/v2\/pages\/315","targetHints":{"allow":["GET"]}}],"collection":[{"href":"https:\/\/blessfrontierpeoples.org\/al\/wp-json\/wp\/v2\/pages"}],"about":[{"href":"https:\/\/blessfrontierpeoples.org\/al\/wp-json\/wp\/v2\/types\/page"}],"author":[{"embeddable":true,"href":"https:\/\/blessfrontierpeoples.org\/al\/wp-json\/wp\/v2\/users\/1"}],"replies":[{"embeddable":true,"href":"https:\/\/blessfrontierpeoples.org\/al\/wp-json\/wp\/v2\/comments?post=315"}],"version-history":[{"count":4,"href":"https:\/\/blessfrontierpeoples.org\/al\/wp-json\/wp\/v2\/pages\/315\/revisions"}],"predecessor-version":[{"id":1222,"href":"https:\/\/blessfrontierpeoples.org\/al\/wp-json\/wp\/v2\/pages\/315\/revisions\/1222"}],"wp:attachment":[{"href":"https:\/\/blessfrontierpeoples.org\/al\/wp-json\/wp\/v2\/media?parent=315"}],"curies":[{"name":"wp","href":"https:\/\/api.w.org\/{rel}","templated":true}]}}