{"id":319,"date":"2022-04-28T14:48:11","date_gmt":"2022-04-28T14:48:11","guid":{"rendered":"http:\/\/fpg.gremza.al\/?page_id=319"},"modified":"2025-06-09T22:47:29","modified_gmt":"2025-06-09T22:47:29","slug":"pray-to-bless-the-families-fulfilling-gods-covenant","status":"publish","type":"page","link":"https:\/\/blessfrontierpeoples.org\/al\/pray-to-bless-the-families-fulfilling-gods-covenant\/","title":{"rendered":"Lutuni p\u00ebr bekimin e familjeve: P\u00ebrmbushja e Bes\u00eblidhjes s\u00eb Per\u00ebndis\u00eb"},"content":{"rendered":"<p>N\u00eb Zanafilla 12:3b, Per\u00ebndia shkroi: \u201cN\u00eb ty do t\u00eb bekohen t\u00eb gjitha familjet e dheut.\u201d Q\u00eb nga krijimi i Adamit dhe Ev\u00ebs, dh\u00ebnia e Bes\u00eblidhjes Abrahame dhe deri m\u00eb sot, Per\u00ebndia nuk e ka ndryshuar planin e Tij global p\u00ebr t\u00eb shpenguar familjet e tok\u00ebs. P\u00ebr mij\u00ebra vjet Ai e ka kujtuar dhe p\u00ebrmbushur bes\u00eblidhjen e Tij t\u00eb dashuris\u00eb dhe bekimeve, si brenda ashtu edhe p\u00ebrmes familjeve t\u00eb zgjeruara. Dashamir\u00ebsia e Tij \u00ebsht\u00eb e re \u00e7do m\u00ebngjes. K\u00ebshtu e dim\u00eb \u00e7far\u00eb \u00ebsht\u00eb Dashuria e V\u00ebrtet\u00eb, duke par\u00eb te Per\u00ebndia q\u00eb \u00ebsht\u00eb dashuri. Jezusi tha se dashuria p\u00ebr Per\u00ebndin\u00eb dhe p\u00ebr ata q\u00eb na rrethojn\u00eb p\u00ebrmbledh gjith\u00eb ligjin dhe profet\u00ebt.<\/p>\n<p>Dashuria ting\u00ebllon kaq e bukur&#8230; derisa jeta na tregon \u00e7far\u00eb k\u00ebrkon n\u00eb t\u00eb v\u00ebrtet\u00eb! Dashuria gjithmon\u00eb p\u00ebrfshin dhembje dhe sakrific\u00eb. Dashuria e Tij p\u00ebr ne e \u00e7oi Jezusin n\u00eb kryq. Q\u00eb dashuria e Tij t\u00eb lul\u00ebzoj\u00eb brenda familjes son\u00eb, k\u00ebrkohet nj\u00eb sakrific\u00eb e pambaruar nga ana jon\u00eb, si dhe pendim i p\u00ebrditsh\u00ebm, falje dhe zgjedhja e hir\u00ebsis\u00eb kur ata q\u00eb na rrethojn\u00eb nuk e meritojn\u00eb at\u00eb! T\u00eb gjith\u00eb d\u00ebshtojm\u00eb n\u00eb momente t\u00eb caktuara, madje edhe kur kemi Jezusin q\u00eb na fuqizon.<\/p>\n<p>Mendoni sa e v\u00ebshtir\u00eb \u00ebsht\u00eb dashuria dhe falja p\u00ebr ndjek\u00ebsit e rinj t\u00eb Jezusit n\u00eb nj\u00eb Popull Kufitar, ku nuk ka histori t\u00eb shembullit sakrifikues t\u00eb Jezusit! Familjet e FPG-ve mund ta keqkuptojn\u00eb besimin e nj\u00eb besimtari t\u00eb ri si nj\u00eb tradhti ndaj trash\u00ebgimis\u00eb s\u00eb tyre. L\u00ebvizjet e Jezusit veniten kur besimtar\u00ebt e rinj neglizhojn\u00eb familjet e tyre. Apostulli Pal tha se nj\u00eb familje e sh\u00ebndetshme ishte e domosdoshme p\u00ebr k\u00ebdo q\u00eb kishte p\u00ebrgjegj\u00ebsi n\u00eb sh\u00ebrbes\u00eb. Prandaj, nd\u00ebrsa \u201ci lutemi Zotit t\u00eb korrjes t\u00eb d\u00ebrgoj\u00eb pun\u00ebtor\u00eb\u201d me Lajmin e Tij t\u00eb Mir\u00eb te v\u00ebllez\u00ebrit dhe motrat tona t\u00eb ardhshme n\u00eb FPG, k\u00ebrkojini Per\u00ebndis\u00eb t&#8217;i mbush\u00eb me dashurin\u00eb e Tij t\u00eb thell\u00eb p\u00ebr familjet e plota, jo vet\u00ebm p\u00ebr individ\u00ebt. Lutuni q\u00eb \u201cfamiljet e Jezusit\u201d t\u00eb lul\u00ebzojn\u00eb dhe t\u00eb shum\u00ebzohen n\u00eb l\u00ebvizje sh\u00ebruese, duke u rritur si nj\u00eb kok\u00ebrr sinapi derisa dashuria e Tij t\u00eb mbizot\u00ebroj\u00eb mbi komunitetin e tyre dhe m\u00eb tej. Plani i Per\u00ebndis\u00eb mbetet i pandryshuar!<\/p>\n","protected":false},"excerpt":{"rendered":"<p>N\u00eb Zanafilla 12:3b, Per\u00ebndia shkroi: \u201cN\u00eb ty do t\u00eb bekohen t\u00eb gjitha familjet e dheut.\u201d Q\u00eb nga krijimi i Adamit [&hellip;]<\/p>\n","protected":false},"author":1,"featured_media":0,"parent":0,"menu_order":0,"comment_status":"closed","ping_status":"closed","template":"","meta":{"_acf_changed":false,"footnotes":""},"class_list":["post-319","page","type-page","status-publish","hentry"],"acf":{"show_to_menu":true},"_links":{"self":[{"href":"https:\/\/blessfrontierpeoples.org\/al\/wp-json\/wp\/v2\/pages\/319","targetHints":{"allow":["GET"]}}],"collection":[{"href":"https:\/\/blessfrontierpeoples.org\/al\/wp-json\/wp\/v2\/pages"}],"about":[{"href":"https:\/\/blessfrontierpeoples.org\/al\/wp-json\/wp\/v2\/types\/page"}],"author":[{"embeddable":true,"href":"https:\/\/blessfrontierpeoples.org\/al\/wp-json\/wp\/v2\/users\/1"}],"replies":[{"embeddable":true,"href":"https:\/\/blessfrontierpeoples.org\/al\/wp-json\/wp\/v2\/comments?post=319"}],"version-history":[{"count":4,"href":"https:\/\/blessfrontierpeoples.org\/al\/wp-json\/wp\/v2\/pages\/319\/revisions"}],"predecessor-version":[{"id":1236,"href":"https:\/\/blessfrontierpeoples.org\/al\/wp-json\/wp\/v2\/pages\/319\/revisions\/1236"}],"wp:attachment":[{"href":"https:\/\/blessfrontierpeoples.org\/al\/wp-json\/wp\/v2\/media?parent=319"}],"curies":[{"name":"wp","href":"https:\/\/api.w.org\/{rel}","templated":true}]}}