{"id":321,"date":"2022-04-28T14:48:28","date_gmt":"2022-04-28T14:48:28","guid":{"rendered":"http:\/\/fpg.gremza.al\/?page_id=321"},"modified":"2025-06-09T21:48:15","modified_gmt":"2025-06-09T21:48:15","slug":"pray-for-the-persecuted-deliverance-from-death","status":"publish","type":"page","link":"https:\/\/blessfrontierpeoples.org\/al\/pray-for-the-persecuted-deliverance-from-death\/","title":{"rendered":"Lutu p\u00ebr t\u00eb Persekutuarit: \u00c7lirimi nga Vdekja"},"content":{"rendered":"<p data-start=\"0\" data-end=\"272\">Lutu q\u00eb Zoti t\u00eb mbroj\u00eb besimtar\u00ebt, kishat dhe organizatat q\u00eb sulmohen p\u00ebr shkak t\u00eb besimit t\u00eb tyre. Lutu q\u00eb d\u00ebshmit\u00eb e martir\u00ebve t\u00eb flasin p\u00ebr shum\u00eb njer\u00ebz.<\/p>\n<p data-start=\"0\" data-end=\"272\"><em>Lutu p\u00ebr qindra mij\u00ebra ndjek\u00ebs t\u00eb Jezusit q\u00eb jan\u00eb detyruar t\u00eb l\u00ebn\u00eb sht\u00ebpit\u00eb ose t\u00eb fshihen p\u00ebr shkak t\u00eb besimit.<\/em><\/p>\n<p data-start=\"274\" data-end=\"617\">Persekutimi ndaj besimtar\u00ebve po rritet n\u00eb t\u00eb gjith\u00eb bot\u00ebn. N\u00eb vitin 2021, sipas Open Doors, mbi 340 milion\u00eb ndjek\u00ebs t\u00eb Jezusit jan\u00eb p\u00ebrballur me persekutim ose diskriminim p\u00ebr shkak t\u00eb besimit t\u00eb tyre. N\u00eb vitin 2019 pati nj\u00eb rritje alarmante prej 60% n\u00eb numrin e vdekjeve, dhe n\u00eb vitin 2020 u vran\u00eb 5,898 besimtar\u00eb p\u00ebr besimin e tyre n\u00eb Jezus.<\/p>\n<p data-start=\"619\" data-end=\"956\">Persekutimi ndaj grupeve t\u00eb tjera etnike dhe fetare vazhdon gjithashtu n\u00eb t\u00eb gjith\u00eb bot\u00ebn, sidomos ndaj minoriteteve. P\u00ebr 35 vjet, qeveria kineze persekutoi popullin e saj, duke detyruar abortet p\u00ebr miliona gra me \u201crregullin e nj\u00eb f\u00ebmije.\u201d Tani p\u00ebrdor t\u00eb burgosurit dhe minoritetet si ujgurit p\u00ebr industrin\u00eb e transplantimit t\u00eb organeve.<\/p>\n<p data-start=\"958\" data-end=\"1301\"><em>Lutu p\u00ebr ata q\u00eb vriten apo shtypen p\u00ebr besimin, bindjet fetare apo p\u00ebrkat\u00ebsin\u00eb e tyre si minoritet. Lutu kund\u00ebr p\u00ebrdorimit n\u00eb rritje t\u00eb teknologjis\u00eb p\u00ebr persekutim \u2014 survejimi me video, aplikacionet p\u00ebr gjurmimin e kontakteve dhe teknologjit\u00eb e tjera. Lutu q\u00eb pandemia t\u00eb mos p\u00ebrdoret si justifikim p\u00ebr diskriminim ndaj grupeve t\u00eb caktuara.<\/em><\/p>\n<p data-start=\"1303\" data-end=\"1665\">Edhe pse nuk \u00ebsht\u00eb i nj\u00ebjt\u00eb me persekutimin, njer\u00ebzit e pafajsh\u00ebm shpesh b\u00ebhen objektiv n\u00eb konfliktet kufitare apo p\u00ebr sovranitet. 2-3 milion\u00eb njer\u00ebz u vran\u00eb n\u00eb Bangladeshin e vitit 1971 gjat\u00eb pavar\u00ebsis\u00eb nga Pakistani. Rusia po masakron civil\u00eb ukrainas n\u00eb nj\u00eb luft\u00eb t\u00eb ashp\u00ebr p\u00ebr territoret e tyre. Konfliktet shkaktojn\u00eb gjithashtu miliona t\u00eb zhvendosur \u00e7do vit.<\/p>\n<p data-start=\"1667\" data-end=\"1969\"><em>Lutu p\u00ebr shum\u00eb Grupa Kufitare q\u00eb po vuajn\u00eb prej breznive nga konflikte t\u00eb pafundme, si popujt e Afganistanit. K\u00ebrko ndihm\u00eb nga Zoti p\u00ebr familjet q\u00eb jan\u00eb p\u00ebrfshir\u00eb n\u00eb luft\u00ebra.<\/em><\/p>\n<p data-start=\"1667\" data-end=\"1969\"><em>Lutu p\u00ebr organizatat e ndihm\u00ebs q\u00eb punojn\u00eb n\u00eb k\u00ebto zona si <a class=\"\" href=\"http:\/\/www.runministries.org\/ministries\" target=\"_new\" rel=\"noopener\" data-start=\"1902\" data-end=\"1934\">www.runministries.org\/ministries<\/a>, <a class=\"\" href=\"http:\/\/www.fai.org\" target=\"_new\" rel=\"noopener\" data-start=\"1936\" data-end=\"1947\">www.fai.org<\/a>, samaritanspurse.org .<\/em><\/p>\n","protected":false},"excerpt":{"rendered":"<p>Lutu q\u00eb Zoti t\u00eb mbroj\u00eb besimtar\u00ebt, kishat dhe organizatat q\u00eb sulmohen p\u00ebr shkak t\u00eb besimit t\u00eb tyre. Lutu q\u00eb d\u00ebshmit\u00eb [&hellip;]<\/p>\n","protected":false},"author":1,"featured_media":0,"parent":0,"menu_order":0,"comment_status":"closed","ping_status":"closed","template":"","meta":{"_acf_changed":false,"footnotes":""},"class_list":["post-321","page","type-page","status-publish","hentry"],"acf":{"show_to_menu":true},"_links":{"self":[{"href":"https:\/\/blessfrontierpeoples.org\/al\/wp-json\/wp\/v2\/pages\/321","targetHints":{"allow":["GET"]}}],"collection":[{"href":"https:\/\/blessfrontierpeoples.org\/al\/wp-json\/wp\/v2\/pages"}],"about":[{"href":"https:\/\/blessfrontierpeoples.org\/al\/wp-json\/wp\/v2\/types\/page"}],"author":[{"embeddable":true,"href":"https:\/\/blessfrontierpeoples.org\/al\/wp-json\/wp\/v2\/users\/1"}],"replies":[{"embeddable":true,"href":"https:\/\/blessfrontierpeoples.org\/al\/wp-json\/wp\/v2\/comments?post=321"}],"version-history":[{"count":5,"href":"https:\/\/blessfrontierpeoples.org\/al\/wp-json\/wp\/v2\/pages\/321\/revisions"}],"predecessor-version":[{"id":1221,"href":"https:\/\/blessfrontierpeoples.org\/al\/wp-json\/wp\/v2\/pages\/321\/revisions\/1221"}],"wp:attachment":[{"href":"https:\/\/blessfrontierpeoples.org\/al\/wp-json\/wp\/v2\/media?parent=321"}],"curies":[{"name":"wp","href":"https:\/\/api.w.org\/{rel}","templated":true}]}}