{"id":323,"date":"2022-04-28T14:48:45","date_gmt":"2022-04-28T14:48:45","guid":{"rendered":"http:\/\/fpg.gremza.al\/?page_id=323"},"modified":"2025-06-09T22:16:27","modified_gmt":"2025-06-09T22:16:27","slug":"pray-for-the-poor-addressing-root-problems","status":"publish","type":"page","link":"https:\/\/blessfrontierpeoples.org\/al\/pray-for-the-poor-addressing-root-problems\/","title":{"rendered":"Lutu p\u00ebr t\u00eb Varf\u00ebrit: P\u00ebrballja me Shkaqet Thelb\u00ebsore"},"content":{"rendered":"<p><em>Lutu q\u00eb Zoti t\u2019u jap\u00eb men\u00e7uri pun\u00ebtor\u00ebve mes t\u00eb varf\u00ebrve, duke u dh\u00ebn\u00eb atyre v\u00ebshtrimin p\u00ebr problemet rr\u00ebnj\u00ebsore dhe zgjidhjet afatgjata. Lutu q\u00eb t\u00eb varf\u00ebrit t\u00eb p\u00ebrjetojn\u00eb dashurin\u00eb e madhe t\u00eb Zotit p\u00ebr familjet e tyre p\u00ebrmes pun\u00ebtor\u00ebve.<\/em><\/p>\n<p data-start=\"56\" data-end=\"196\"><strong>Disa nga Grupet m\u00eb t\u00eb M\u00ebdha t\u00eb Popujve n\u00eb Kufijt\u00eb e Frontier\u00ebs jan\u00eb shum\u00eb t\u00eb varf\u00ebr, megjith\u00ebse disa t\u00eb tjer\u00eb jan\u00eb t\u00eb pasur ose t\u00eb p\u00ebrziera.<\/strong><\/p>\n<p data-start=\"198\" data-end=\"684\"><strong>Shkaqet e varf\u00ebris\u00eb<\/strong> jan\u00eb shum\u00eb komplekse, dhe p\u00ebrpjekjet p\u00ebr zhvillim shpesh d\u00ebshtojn\u00eb. Nj\u00eb raport i Kombeve t\u00eb Bashkuara i vitit 2021 tregoi se nivelet e varf\u00ebris\u00eb ndryshojn\u00eb shum\u00eb midis grupeve etnike n\u00eb nj\u00eb vend. P\u00ebr shembull, n\u00eb Indi pes\u00eb nga gjasht\u00eb njer\u00ebz t\u00eb varf\u00ebr ishin nga fiset ose kastat e ul\u00ebta. Nivelet e varf\u00ebris\u00eb u vler\u00ebsuan bazuar n\u00eb sh\u00ebndetin, arsimin, banes\u00ebn, ujin e past\u00ebr dhe standardet e tjera t\u00eb jetes\u00ebs. (<a class=\"\" href=\"https:\/\/hdr.undp.org\/en\/2021-MPI\" target=\"_new\" rel=\"noopener\" data-start=\"627\" data-end=\"659\">https:\/\/hdr.undp.org\/en\/2021-MPI<\/a>, <a class=\"\" href=\"https:\/\/stratus.earth\/\" target=\"_new\" rel=\"noopener\" data-start=\"661\" data-end=\"683\">https:\/\/stratus.earth\/<\/a>)<\/p>\n<p data-start=\"686\" data-end=\"1095\">\u00cbsht\u00eb b\u00ebr\u00eb nj\u00eb p\u00ebrparim i madh me ardhjen e energjis\u00eb elektrike, transportit, telefonave celular\u00eb dhe ndihm\u00ebs me furnizimin me uj\u00eb dhe sh\u00ebndetin. Vet\u00ebm n\u00eb 20 vitet e fundit, m\u00eb shum\u00eb se nj\u00eb miliard njer\u00ebz kan\u00eb l\u00ebn\u00eb pas kushtet m\u00eb t\u00eb k\u00ebqija t\u00eb jetes\u00ebs, dhe numri i njer\u00ebzve q\u00eb jetojn\u00eb me m\u00eb shum\u00eb se 10 dollar\u00eb n\u00eb dit\u00eb \u00ebsht\u00eb rritur me 900 milion\u00eb. (<a class=\"\" href=\"http:\/\/iresearch.worldbank.org\/PovcalNet\/povDuplicateWB.aspx\" target=\"_new\" rel=\"noopener\" data-start=\"1034\" data-end=\"1094\">http:\/\/iresearch.worldbank.org\/PovcalNet\/povDuplicateWB.aspx<\/a>)<\/p>\n<p data-start=\"1097\" data-end=\"1590\">Por, edhe pse varf\u00ebria ekstreme ka r\u00ebn\u00eb, shum\u00eb njer\u00ebz ende vuajn\u00eb nga uria, sh\u00ebndeti i dob\u00ebt, mungesa e arsimit dhe jetojn\u00eb n\u00eb kushte t\u00eb dob\u00ebta, dhe bllokimet e Covid-it e kan\u00eb b\u00ebr\u00eb situat\u00ebn edhe m\u00eb keq. 85% e bot\u00ebs jetojn\u00eb me m\u00eb pak se 30 dollar\u00eb n\u00eb dit\u00eb, dy t\u00eb tretat jetojn\u00eb me m\u00eb pak se 10 dollar\u00eb n\u00eb dit\u00eb, dhe 10% jetojn\u00eb me m\u00eb pak se 1.90 dollar\u00eb n\u00eb dit\u00eb. Dhe m\u00ebnyra se si shpenzojn\u00eb parat\u00eb b\u00ebn nj\u00eb ndryshim t\u00eb madh. (<a class=\"\" href=\"https:\/\/ourworldindata.org\/extreme-poverty\" target=\"_new\" rel=\"noopener\" data-start=\"1521\" data-end=\"1563\">https:\/\/ourworldindata.org\/extreme-poverty<\/a>, <a class=\"\" href=\"https:\/\/urgentneeds.org\/\" target=\"_new\" rel=\"noopener\" data-start=\"1565\" data-end=\"1589\">https:\/\/urgentneeds.org\/<\/a>)<\/p>\n<p data-start=\"1592\" data-end=\"2486\"><strong>Var\u00ebsia nga drogat \u00e7on n\u00eb varf\u00ebri dhe trafikim seksual,<\/strong> pasi familjet e varura p\u00ebrpiqen t\u00eb mbijetojn\u00eb. Shum\u00eb njer\u00ebz n\u00eb Grupet e Popujve n\u00eb Kufijt\u00eb e Frontier\u00ebs vuajn\u00eb nga var\u00ebsia nga alkooli ose drogat, duke konsumuar pak burimet e njer\u00ebzve t\u00eb varf\u00ebr. Grat\u00eb n\u00eb lagjet e varfra t\u00eb Afrik\u00ebs Veriore dhe Indis\u00eb than\u00eb se \u201calkooli \u00ebsht\u00eb problemi yn\u00eb m\u00eb i madh.\u201d N\u00ebn dominimin per\u00ebndimor, Afganistani u b\u00eb prodhuesi i m\u00eb shum\u00eb se 90% t\u00eb heroin\u00ebs ilegale n\u00eb bot\u00eb, me nj\u00eb shkall\u00eb var\u00ebsie prej 8% t\u00eb popullsis\u00eb s\u00eb tij, nj\u00eb nivel i lart\u00eb edhe n\u00eb Iranin fqinje. Q\u00eb nga marrja e pushtetit nga taleban\u00ebt n\u00eb gusht t\u00eb vitit 2021, ata kan\u00eb d\u00ebnuar \u201cshtetin narkotik\u201d dhe kan\u00eb ndaluar kultivimin e opiumit dhe kan\u00eb krijuar klinika rehabilitimi p\u00ebr t\u00eb rritur dhe f\u00ebmij\u00eb, pasi Kurani ndalon p\u00ebrdorimin e substancave q\u00eb shkaktojn\u00eb dehje. Kjo d\u00ebshir\u00eb ofron nj\u00eb mund\u00ebsi p\u00ebr pun\u00ebtor\u00ebt q\u00eb t\u00eb ken\u00eb shqet\u00ebsim t\u00eb p\u00ebrbashk\u00ebt.<\/p>\n<p data-start=\"2488\" data-end=\"2863\"><em>Lutu q\u00eb besimtar\u00ebt dhe organizatat e devotshme t\u00eb tregojn\u00eb dashurin\u00eb e Jezusit p\u00ebr njer\u00ebzit e varur duke i ndihmuar t\u00eb \u00e7lirohen nga drogat dhe t\u2019u ndihmojn\u00eb t\u00eb gjejn\u00eb burime t\u00eb tjera t\u00eb t\u00eb ardhurave p\u00ebr t\u00eb z\u00ebvend\u00ebsuar tregtin\u00eb dhe trafikimin e drog\u00ebs.<\/em><\/p>\n<p data-start=\"2488\" data-end=\"2863\"><em> Lutu q\u00eb besimtar\u00ebt t\u00eb ndihmojn\u00eb familjet t\u00eb gjejn\u00eb forma t\u00eb tjera pun\u00ebsimi q\u00eb t\u00eb bekojn\u00eb familjet dhe komunitetet e tyre.<\/em><\/p>\n","protected":false},"excerpt":{"rendered":"<p>Lutu q\u00eb Zoti t\u2019u jap\u00eb men\u00e7uri pun\u00ebtor\u00ebve mes t\u00eb varf\u00ebrve, duke u dh\u00ebn\u00eb atyre v\u00ebshtrimin p\u00ebr problemet rr\u00ebnj\u00ebsore dhe zgjidhjet [&hellip;]<\/p>\n","protected":false},"author":1,"featured_media":0,"parent":0,"menu_order":0,"comment_status":"closed","ping_status":"closed","template":"","meta":{"_acf_changed":false,"footnotes":""},"class_list":["post-323","page","type-page","status-publish","hentry"],"acf":{"show_to_menu":true},"_links":{"self":[{"href":"https:\/\/blessfrontierpeoples.org\/al\/wp-json\/wp\/v2\/pages\/323","targetHints":{"allow":["GET"]}}],"collection":[{"href":"https:\/\/blessfrontierpeoples.org\/al\/wp-json\/wp\/v2\/pages"}],"about":[{"href":"https:\/\/blessfrontierpeoples.org\/al\/wp-json\/wp\/v2\/types\/page"}],"author":[{"embeddable":true,"href":"https:\/\/blessfrontierpeoples.org\/al\/wp-json\/wp\/v2\/users\/1"}],"replies":[{"embeddable":true,"href":"https:\/\/blessfrontierpeoples.org\/al\/wp-json\/wp\/v2\/comments?post=323"}],"version-history":[{"count":5,"href":"https:\/\/blessfrontierpeoples.org\/al\/wp-json\/wp\/v2\/pages\/323\/revisions"}],"predecessor-version":[{"id":1230,"href":"https:\/\/blessfrontierpeoples.org\/al\/wp-json\/wp\/v2\/pages\/323\/revisions\/1230"}],"wp:attachment":[{"href":"https:\/\/blessfrontierpeoples.org\/al\/wp-json\/wp\/v2\/media?parent=323"}],"curies":[{"name":"wp","href":"https:\/\/api.w.org\/{rel}","templated":true}]}}