{"id":349,"date":"2022-04-28T14:59:36","date_gmt":"2022-04-28T14:59:36","guid":{"rendered":"http:\/\/fpg.gremza.al\/?page_id=349"},"modified":"2025-06-09T22:09:58","modified_gmt":"2025-06-09T22:09:58","slug":"pray-for-prayer-movements-unleashing-the-spirit","status":"publish","type":"page","link":"https:\/\/blessfrontierpeoples.org\/al\/pray-for-prayer-movements-unleashing-the-spirit\/","title":{"rendered":"Lutu p\u00ebr L\u00ebvizjet e Lutjes: \u00c7lirimi i Frym\u00ebs"},"content":{"rendered":"<p data-start=\"65\" data-end=\"438\">Q\u00eb nga Pentekosti dhe apostulli Pav\u00ebl, dhe p\u00ebrmes shekujve deri n\u00eb dit\u00ebt e sotme, historia e l\u00ebvizjeve t\u00eb Jezusit ka qen\u00eb historia e p\u00ebrgjigjeve n\u00eb lutje. \u00c7do shp\u00ebrthim i ri i sh\u00ebrbimit pionier ka qen\u00eb rezultat i lutjes besnike. \u00c7do p\u00ebrpjekje e re nd\u00ebrkulturore q\u00eb ka qen\u00eb frytdh\u00ebn\u00ebse dhe e bekuar nga Zoti ka qen\u00eb far\u00ebzuar nga Fryma Hyjnore n\u00eb zemrat e besimtar\u00ebve q\u00eb lut\u00ebn.<\/p>\n<p data-start=\"440\" data-end=\"816\">N\u00eb Psalmin 2:8, Zoti na fton: \u201cK\u00ebrko prej meje dhe do t\u00eb b\u00ebj popujt trash\u00ebgimi t\u00ebnde dhe skajet e dheut pron\u00ebn t\u00ebnde.\u201d Gjith\u00e7ka q\u00eb mund t\u00eb marrim me vete n\u00eb p\u00ebrjet\u00ebsi si trash\u00ebgimi jan\u00eb njer\u00ebzit, njer\u00ebzit q\u00eb b\u00ebhen pjes\u00eb e familjes s\u00eb p\u00ebrjetshme t\u00eb Zotit. G\u00ebzimi dhe kurora jon\u00eb, ashtu si p\u00ebr apostullin e madh Pav\u00ebl, do t\u00eb jen\u00eb ata q\u00eb vijn\u00eb tek Krishti p\u00ebrmes p\u00ebrpjekjeve tona.<\/p>\n<p data-start=\"818\" data-end=\"1427\">Gjat\u00eb historis\u00eb, frytdh\u00ebnia e popullit t\u00eb Zotit n\u00eb m\u00ebsimin dhe bekimin e kombeve ka qen\u00eb drejtp\u00ebrdrejt e lidhur me lutjet e informuara.\u00a0 Deri sa Zoti t\u00eb nd\u00ebrhyj\u00eb, pothuajse \u00e7do individ nd\u00ebr k\u00ebto Grupa t\u00eb Kufirit do t\u00eb jetoj\u00eb dhe do t\u00eb vdes\u00eb pa njohur kurr\u00eb nj\u00eb besimtar apo pa u lutur p\u00ebr ta me em\u00ebr. Shiko Grupa t\u00eb Kufirit si\u00e7 i sheh Jezusi, shiko fytyrat e tyre, shiko n\u00eb syt\u00eb e tyre dhe bashkohu n\u00eb dashurin\u00eb e Jezusit p\u00ebr ta. Jezusi i deshi secilin prej tyre aq shum\u00eb sa vdiq p\u00ebr ta. Prandaj lutju Atit t\u00eb Ngjiz\u00eb f\u00ebmij\u00ebt e Tij p\u00ebr t\u00eb bekuar ata q\u00eb vuajn\u00eb ose nuk kan\u00eb d\u00ebgjuar kurr\u00eb p\u00ebr hirin e Tij shp\u00ebtues.<\/p>\n<p data-start=\"1429\" data-end=\"1789\"><em>Lutu q\u00eb Fryma e Shenjt\u00eb t\u00eb derdhet mbi dishepujt global\u00eb dhe mbi popujt e kufirit, duke t\u00ebrhequr shum\u00eb tek Jezusi. K\u00ebrko nga Fryma e Shenjt\u00eb t\u00eb t\u00eb udh\u00ebheq\u00eb n\u00eb lutjet e tua, dhe k\u00ebrko nga Ati q\u00eb t\u00eb t\u00eb jap\u00eb nj\u00eb ndjeshm\u00ebri t\u00eb thell\u00eb dhe urgjenc\u00eb n\u00eb lutje p\u00ebr k\u00ebta njer\u00ebz t\u00eb \u00e7muar, ashtu si do t\u00eb kishe n\u00ebse n\u00eb rrezik do t\u00eb ishte n\u00ebna, babai, djali apo vajza jote.<\/em><\/p>\n","protected":false},"excerpt":{"rendered":"<p>Q\u00eb nga Pentekosti dhe apostulli Pav\u00ebl, dhe p\u00ebrmes shekujve deri n\u00eb dit\u00ebt e sotme, historia e l\u00ebvizjeve t\u00eb Jezusit ka [&hellip;]<\/p>\n","protected":false},"author":1,"featured_media":0,"parent":0,"menu_order":0,"comment_status":"closed","ping_status":"closed","template":"","meta":{"_acf_changed":false,"footnotes":""},"class_list":["post-349","page","type-page","status-publish","hentry"],"acf":{"show_to_menu":true},"_links":{"self":[{"href":"https:\/\/blessfrontierpeoples.org\/al\/wp-json\/wp\/v2\/pages\/349","targetHints":{"allow":["GET"]}}],"collection":[{"href":"https:\/\/blessfrontierpeoples.org\/al\/wp-json\/wp\/v2\/pages"}],"about":[{"href":"https:\/\/blessfrontierpeoples.org\/al\/wp-json\/wp\/v2\/types\/page"}],"author":[{"embeddable":true,"href":"https:\/\/blessfrontierpeoples.org\/al\/wp-json\/wp\/v2\/users\/1"}],"replies":[{"embeddable":true,"href":"https:\/\/blessfrontierpeoples.org\/al\/wp-json\/wp\/v2\/comments?post=349"}],"version-history":[{"count":5,"href":"https:\/\/blessfrontierpeoples.org\/al\/wp-json\/wp\/v2\/pages\/349\/revisions"}],"predecessor-version":[{"id":1228,"href":"https:\/\/blessfrontierpeoples.org\/al\/wp-json\/wp\/v2\/pages\/349\/revisions\/1228"}],"wp:attachment":[{"href":"https:\/\/blessfrontierpeoples.org\/al\/wp-json\/wp\/v2\/media?parent=349"}],"curies":[{"name":"wp","href":"https:\/\/api.w.org\/{rel}","templated":true}]}}