{"id":351,"date":"2022-04-28T14:59:53","date_gmt":"2022-04-28T14:59:53","guid":{"rendered":"http:\/\/fpg.gremza.al\/?page_id=351"},"modified":"2025-06-09T22:12:59","modified_gmt":"2025-06-09T22:12:59","slug":"pray-for-mobilization-movements-unleashing-the-laborers","status":"publish","type":"page","link":"https:\/\/blessfrontierpeoples.org\/al\/pray-for-mobilization-movements-unleashing-the-laborers\/","title":{"rendered":"Lutu p\u00ebr L\u00ebvizjet e Mobilizimit: \u00c7lirimi i Pun\u00ebtor\u00ebve"},"content":{"rendered":"<p>Prioriteti m\u00eb i lart\u00eb sot n\u00eb sh\u00ebrbimin nd\u00ebrkulturor \u00ebsht\u00eb mobilizimi global. Shum\u00eb nga njer\u00ebzit e Zotit jan\u00eb n\u00eb gjum\u00eb p\u00ebr nevojat e Popujve t\u00eb Kufirit (FPG) dhe duhet t\u00eb zgjohen p\u00ebr d\u00ebshir\u00ebn e Zotit p\u00ebr t\u00eb bekuar k\u00ebto 2 miliard\u00eb njer\u00ebz q\u00eb ende nuk kan\u00eb pasur mund\u00ebsin\u00eb t\u00eb ndjekin Jezusin. Jezusi sjell paqe dhe sh\u00ebrim n\u00eb problemet dhe vuajtjet e bot\u00ebs dhe fiton mbi vdekjen. Nga Zanafilla deri n\u00eb Zbules\u00ebn, q\u00ebllimi i pandryshuesh\u00ebm i Zotit \u00ebsht\u00eb t\u00eb bekoj\u00eb t\u00eb gjitha popujt p\u00ebrmes Jezusit (Gjoni 16:33), dhe \u00ebsht\u00eb privilegji yn\u00eb t\u00eb punojm\u00eb me T\u00eb p\u00ebr t\u00eb arritur t\u00eb gjitha kombet.<\/p>\n<p><em>Lutju Frym\u00ebs s\u00eb Shenjt\u00eb q\u00eb t\u00eb zgjoj\u00eb \u00e7do besimtar p\u00ebr t\u00eb kuptuar se koha \u00ebsht\u00eb e shkurt\u00ebr, dhe t\u00eb k\u00ebrkoj\u00eb plot\u00ebsisht s\u00eb pari Mbret\u00ebrin\u00eb e Zotit dhe drejt\u00ebsin\u00eb e Tij (Romak\u00ebve 13:11-14; Luka 19:13; Psalmi 90:12).<\/em><br data-start=\"211\" data-end=\"214\" \/><em>Lutu q\u00eb \u00e7do ndjek\u00ebs i Jezusit t\u00eb B\u00cbHET nj\u00eb dishepull q\u00eb i bindet plot\u00ebsisht Jezusit n\u00eb dashurin\u00eb p\u00ebr Zotin, p\u00ebr t\u00eb tjer\u00ebt dhe n\u00eb b\u00ebrjen e dishepujve q\u00eb b\u00ebjn\u00eb dishepuj (Veprat 1:8; Mateu 22:37; Proverbs 11:30; Mateu 28:18-20).<\/em><\/p>\n<p><em>Lutu q\u00eb besimtar\u00ebt t\u00eb shohin zemrat e atyre q\u00eb Fryma e Shenjt\u00eb ka p\u00ebrgatitur p\u00ebr t\u00eb d\u00ebgjuar, dhe t\u00eb ndajn\u00eb n\u00eb nj\u00eb m\u00ebnyr\u00eb q\u00eb kuptohet dhe merr p\u00ebrgjigje (Gjoni 4:36; Gjoni 6:44; 2 Timoteut 4:2).<\/em><\/p>\n<p><em>Lutu p\u00ebr shum\u00eb pun\u00ebtor\u00eb q\u00eb t\u00eb d\u00ebrgohen n\u00eb \u00e7do vend ku Jezusi po d\u00ebrgon Frym\u00ebn e Tij, p\u00ebr t\u00eb gjetur sht\u00ebpi paqeje q\u00eb do t\u00eb b\u00ebhen fara e komuniteteve besimtare n\u00eb qytetet e tyre (Luka 10).<\/em><br data-start=\"827\" data-end=\"830\" \/><em>Lutu p\u00ebr \u00e7do Popull Kufiri, \u00e7do gjuh\u00eb, fis dhe komb, t\u00eb adoptohen p\u00ebr lutje dhe p\u00ebrhapje. Pastaj lutu q\u00eb l\u00ebvizjet e Jezusit t\u00eb p\u00ebrhapen n\u00eb k\u00ebto FPG, derisa t\u00eb mos mbetet asnj\u00eb vend pa d\u00ebshmitar t\u00eb ungjillit (Mateu 9:37-38; 2 Korintasve 10:16; 2 Pjetrit 3:9; Zbulesa 7:9).<\/em><\/p>\n<p><em>Lutu q\u00eb Trupi i Krishtit t\u00eb njoh\u00eb thirrjen ton\u00eb, t\u00eb ndjekim ardhjen e Mbret\u00ebris\u00eb s\u00eb Tij dhe vullnetin e Tij, dhe t\u00eb punojm\u00eb s\u00eb bashku n\u00eb unitetin e Frym\u00ebs, me lidhjen e paqes, p\u00ebr lavdin\u00eb e Tij midis T\u00cb GJITH\u00cb kombeve (Mateu 6:10; Efesian\u00ebve 4:3; Mateu 12:22-26).<\/em><\/p>\n","protected":false},"excerpt":{"rendered":"<p>Prioriteti m\u00eb i lart\u00eb sot n\u00eb sh\u00ebrbimin nd\u00ebrkulturor \u00ebsht\u00eb mobilizimi global. Shum\u00eb nga njer\u00ebzit e Zotit jan\u00eb n\u00eb gjum\u00eb p\u00ebr [&hellip;]<\/p>\n","protected":false},"author":1,"featured_media":0,"parent":0,"menu_order":0,"comment_status":"closed","ping_status":"closed","template":"","meta":{"_acf_changed":false,"footnotes":""},"class_list":["post-351","page","type-page","status-publish","hentry"],"acf":{"show_to_menu":false},"_links":{"self":[{"href":"https:\/\/blessfrontierpeoples.org\/al\/wp-json\/wp\/v2\/pages\/351","targetHints":{"allow":["GET"]}}],"collection":[{"href":"https:\/\/blessfrontierpeoples.org\/al\/wp-json\/wp\/v2\/pages"}],"about":[{"href":"https:\/\/blessfrontierpeoples.org\/al\/wp-json\/wp\/v2\/types\/page"}],"author":[{"embeddable":true,"href":"https:\/\/blessfrontierpeoples.org\/al\/wp-json\/wp\/v2\/users\/1"}],"replies":[{"embeddable":true,"href":"https:\/\/blessfrontierpeoples.org\/al\/wp-json\/wp\/v2\/comments?post=351"}],"version-history":[{"count":5,"href":"https:\/\/blessfrontierpeoples.org\/al\/wp-json\/wp\/v2\/pages\/351\/revisions"}],"predecessor-version":[{"id":1229,"href":"https:\/\/blessfrontierpeoples.org\/al\/wp-json\/wp\/v2\/pages\/351\/revisions\/1229"}],"wp:attachment":[{"href":"https:\/\/blessfrontierpeoples.org\/al\/wp-json\/wp\/v2\/media?parent=351"}],"curies":[{"name":"wp","href":"https:\/\/api.w.org\/{rel}","templated":true}]}}