{"id":353,"date":"2022-04-28T15:01:05","date_gmt":"2022-04-28T15:01:05","guid":{"rendered":"http:\/\/fpg.gremza.al\/?page_id=353"},"modified":"2025-06-09T22:42:18","modified_gmt":"2025-06-09T22:42:18","slug":"pray-for-the-unleashing-of-resources","status":"publish","type":"page","link":"https:\/\/blessfrontierpeoples.org\/al\/pray-for-the-unleashing-of-resources\/","title":{"rendered":"Lutuni p\u00ebr Lirimin e Burimeve"},"content":{"rendered":"<p><span style=\"font-weight: 400;\"><img loading=\"lazy\" decoding=\"async\" class=\"size-medium wp-image-354 alignleft img-responsive img-shadow\" src=\"http:\/\/fpg.gremza.al\/wp-content\/uploads\/2022\/04\/image4-300x277.png\" alt=\"\" width=\"300\" height=\"277\" srcset=\"https:\/\/blessfrontierpeoples.org\/al\/wp-content\/uploads\/2022\/04\/image4-300x277.png 300w, https:\/\/blessfrontierpeoples.org\/al\/wp-content\/uploads\/2022\/04\/image4.png 532w\" sizes=\"auto, (max-width: 300px) 100vw, 300px\" \/><\/span><\/p>\n<p>Lutuni p\u00ebr k\u00ebta popuj m\u00eb pak t\u00eb arritur, ve\u00e7an\u00ebrisht p\u00ebr grupet e popujve n\u00eb kufi (FPGs), q\u00eb t\u00eb vihen n\u00eb v\u00ebmendjen e besimtar\u00ebve anemban\u00eb bot\u00ebs. Ngrini ata n\u00eb lutje para fronit t\u00eb Per\u00ebndis\u00eb.<\/p>\n<p><em>K\u00ebrkojini Per\u00ebndis\u00eb t\u00eb trazoj\u00eb zemrat e pun\u00ebtor\u00ebve dhe t&#8217;i fuqizoj\u00eb ata p\u00ebr t\u00eb shkuar aty ku ka nevoj\u00eb m\u00eb s\u00eb shumti.<\/em><\/p>\n<p><em>Lutuni q\u00eb besimtar\u00ebt t\u00eb japin bujarisht p\u00ebr ta b\u00ebr\u00eb ungjillin t\u00eb disponuesh\u00ebm p\u00ebr t\u00eb gjith\u00eb. <\/em><\/p>\n<p><em>Lutuni q\u00eb Fryma e Shenjt\u00eb ta bind\u00eb kish\u00ebn globale p\u00ebr t\u00eb njohur dhe vepruar p\u00ebr t\u00eb zgjidhur k\u00ebt\u00eb padrejt\u00ebsi t\u00eb munges\u00ebs s\u00eb pun\u00ebtor\u00ebve dhe burimeve, duke shpejtuar bekimin e Per\u00ebndis\u00eb p\u00ebr t\u00eb gjitha kombet.<\/em><\/p>\n<p>&nbsp;<\/p>\n<p><i><span style=\"font-weight: 400;\"><img loading=\"lazy\" decoding=\"async\" class=\"aligncenter wp-image-355 size-large img-responsive img-shadow\" src=\"http:\/\/fpg.gremza.al\/wp-content\/uploads\/2022\/04\/image26-1024x692.png\" alt=\"\" width=\"1024\" height=\"692\" srcset=\"https:\/\/blessfrontierpeoples.org\/al\/wp-content\/uploads\/2022\/04\/image26-1024x692.png 1024w, https:\/\/blessfrontierpeoples.org\/al\/wp-content\/uploads\/2022\/04\/image26-300x203.png 300w, https:\/\/blessfrontierpeoples.org\/al\/wp-content\/uploads\/2022\/04\/image26-768x519.png 768w, https:\/\/blessfrontierpeoples.org\/al\/wp-content\/uploads\/2022\/04\/image26.png 1312w\" sizes=\"auto, (max-width: 1024px) 100vw, 1024px\" \/><\/span><\/i><\/p>\n<p><i><span style=\"font-weight: 400;\">Lutuni p\u00ebr nevojat e Grupeve t\u00eb Popujve t\u00eb Kufirit (FPGs), ku pothuajse nuk ka ndjek\u00ebs t\u00eb Jezusit q\u00eb jetojn\u00eb mes tyre, pasi nevojat e tyre jan\u00eb edhe m\u00eb t\u00eb m\u00ebdha se ato t\u00eb Grupeve t\u00eb Popujve t\u00eb Paarritur. K\u00ebrkojini Per\u00ebndis\u00eb q\u00eb t\u00eb sjell\u00eb drit\u00eb dhe shpres\u00eb n\u00eb jet\u00ebn e tyre, duke d\u00ebrguar njer\u00ebz q\u00eb mund t\u00eb ndajn\u00eb dashurin\u00eb dhe ungjillin e Jezusit me ta.<\/p>\n<p><\/span><\/i><\/p>\n","protected":false},"excerpt":{"rendered":"<p>Lutuni p\u00ebr k\u00ebta popuj m\u00eb pak t\u00eb arritur, ve\u00e7an\u00ebrisht p\u00ebr grupet e popujve n\u00eb kufi (FPGs), q\u00eb t\u00eb vihen n\u00eb [&hellip;]<\/p>\n","protected":false},"author":1,"featured_media":0,"parent":0,"menu_order":0,"comment_status":"closed","ping_status":"closed","template":"","meta":{"_acf_changed":false,"footnotes":""},"class_list":["post-353","page","type-page","status-publish","hentry"],"acf":{"show_to_menu":true},"_links":{"self":[{"href":"https:\/\/blessfrontierpeoples.org\/al\/wp-json\/wp\/v2\/pages\/353","targetHints":{"allow":["GET"]}}],"collection":[{"href":"https:\/\/blessfrontierpeoples.org\/al\/wp-json\/wp\/v2\/pages"}],"about":[{"href":"https:\/\/blessfrontierpeoples.org\/al\/wp-json\/wp\/v2\/types\/page"}],"author":[{"embeddable":true,"href":"https:\/\/blessfrontierpeoples.org\/al\/wp-json\/wp\/v2\/users\/1"}],"replies":[{"embeddable":true,"href":"https:\/\/blessfrontierpeoples.org\/al\/wp-json\/wp\/v2\/comments?post=353"}],"version-history":[{"count":4,"href":"https:\/\/blessfrontierpeoples.org\/al\/wp-json\/wp\/v2\/pages\/353\/revisions"}],"predecessor-version":[{"id":1234,"href":"https:\/\/blessfrontierpeoples.org\/al\/wp-json\/wp\/v2\/pages\/353\/revisions\/1234"}],"wp:attachment":[{"href":"https:\/\/blessfrontierpeoples.org\/al\/wp-json\/wp\/v2\/media?parent=353"}],"curies":[{"name":"wp","href":"https:\/\/api.w.org\/{rel}","templated":true}]}}