{"id":379,"date":"2022-04-28T15:16:55","date_gmt":"2022-04-28T15:16:55","guid":{"rendered":"http:\/\/fpg.gremza.al\/?page_id=379"},"modified":"2025-06-09T22:38:28","modified_gmt":"2025-06-09T22:38:28","slug":"honorable-mention-of-the-remaining-fpgs-with-10000000-population","status":"publish","type":"page","link":"https:\/\/blessfrontierpeoples.org\/al\/honorable-mention-of-the-remaining-fpgs-with-10000000-population\/","title":{"rendered":"P\u00ebrmendje e Nderuar e Grupimeve t\u00eb Mbijetueshme t\u00eb Kufirit (FPG) me Popullsi >10,000,000"},"content":{"rendered":"<p>Lavd\u00ebro Zotin p\u00ebr zbulimin e l\u00ebvizjeve t\u00eb q\u00ebndrueshme ndaj Jezusit dhe p\u00ebr numrin m\u00eb t\u00eb madh t\u00eb besimtar\u00ebve t\u00eb njohur n\u00eb tre nga 31 Grupimet Origjinale t\u00eb Kufirit (m\u00eb t\u00eb m\u00ebdha se 10 milion\u00eb) \u2014 dy grupet Hausa dhe Azerbaijani t\u00eb Iranit. Lavd\u00ebro Zotin q\u00eb ata nuk konsiderohen m\u00eb si Grupime t\u00eb Kufirit pa p\u00ebrparim t\u00eb Lajmit t\u00eb Mir\u00eb! Megjithat\u00eb, tani ka 36 Grupime t\u00eb Kufirit q\u00eb kan\u00eb kaluar mbi 10 milion\u00eb; m\u00eb posht\u00eb jan\u00eb profilet e tyre t\u00eb shkurtra, pasi jan\u00eb gjithashtu grupe t\u00eb r\u00ebnd\u00ebsishme q\u00eb kan\u00eb nevoj\u00eb p\u00ebr lutje.<\/p>\n<p>&nbsp;<\/p>\n<p><b>Afghan Tajiks n\u00eb Afghanistan (TAH-jeek)<\/b><\/p>\n<p><span style=\"font-weight: 400;\"><img loading=\"lazy\" decoding=\"async\" class=\"size-medium wp-image-380 alignleft img-responsive img-shadow\" src=\"http:\/\/fpg.gremza.al\/wp-content\/uploads\/2022\/04\/image56-200x300.jpg\" alt=\"\" width=\"200\" height=\"300\" srcset=\"https:\/\/blessfrontierpeoples.org\/al\/wp-content\/uploads\/2022\/04\/image56-200x300.jpg 200w, https:\/\/blessfrontierpeoples.org\/al\/wp-content\/uploads\/2022\/04\/image56-683x1024.jpg 683w, https:\/\/blessfrontierpeoples.org\/al\/wp-content\/uploads\/2022\/04\/image56.jpg 720w\" sizes=\"auto, (max-width: 200px) 100vw, 200px\" \/><\/span><\/p>\n<p>Tajik\u00ebt jetojn\u00eb n\u00eb Taxhikistan, nd\u00ebrsa nj\u00eb e kat\u00ebrta e popullsis\u00eb s\u00eb tyre ndodhet n\u00eb Afganistan. Ashtu si shumica e popujve afgan\u00eb, ata jan\u00eb mysliman\u00eb sunit\u00eb, megjith\u00ebse ruajn\u00eb disa praktika popullore ose animiste. Familjet taxhike jan\u00eb mikprit\u00ebse, t\u00eb m\u00ebdha dhe t\u00eb lidhura ngusht\u00eb, me banor\u00ebt e qyteteve q\u00eb mbajn\u00eb lidhje t\u00eb forta me t\u00eb af\u00ebrmit e tyre n\u00eb zona rurale. Kriza politike e fundit n\u00eb Afganistan e b\u00ebn\u00a0 \u00a0besimin te Jezusi dhe ndihm\u00ebn p\u00ebr refugjat\u00ebt m\u00eb t\u00eb v\u00ebshtir\u00eb.<\/p>\n<ul>\n<li>Lutju Zotit p\u00ebr guxim q\u00eb besimtar\u00ebt t\u00eb ndajn\u00eb dashurin\u00eb e pakusht\u00ebzuar t\u00eb Zotit me taxhik\u00ebt, sidomos ata q\u00eb jan\u00eb zhvendosur nga sht\u00ebpit\u00eb e tyre.<\/li>\n<li>Lutu p\u00ebr qasje tek Shkrimi dhe p\u00ebr besim t\u00eb zjarrt\u00eb q\u00eb t\u00eb lindin dishepuj taxhik\u00eb, t\u00eb cil\u00ebt do t\u00eb b\u00ebjn\u00eb dishepuj t\u00eb tjer\u00eb, duke p\u00ebrhapur ungjillin n\u00ebp\u00ebr t\u00ebr\u00eb vendin.<\/li>\n<li>Lutu p\u00ebr familjet q\u00eb jetojn\u00eb n\u00eb k\u00ebt\u00eb koh\u00eb lufte, urie dhe udh\u00ebheqjeje t\u00eb paq\u00ebndrueshme q\u00eb t\u00eb gjejn\u00eb sh\u00ebrim tek Princi i Paqes. K\u00ebrko Zotin t\u00eb prek\u00eb zemrat e udh\u00ebheq\u00ebsve n\u00eb Afganistan, duke i sjell\u00eb ata tek Vetja s\u00eb bashku me ushqim dhe paqe p\u00ebr popullin e Afganistanit.<\/li>\n<\/ul>\n<p><b>Sylhet n\u00eb Bangladesh (SIH-let)<\/b><\/p>\n<p><span style=\"font-weight: 400;\"><img loading=\"lazy\" decoding=\"async\" class=\"size-medium wp-image-381 alignright img-responsive img-shadow\" src=\"http:\/\/fpg.gremza.al\/wp-content\/uploads\/2022\/04\/image42-225x300.jpg\" alt=\"\" width=\"225\" height=\"300\" srcset=\"https:\/\/blessfrontierpeoples.org\/al\/wp-content\/uploads\/2022\/04\/image42-225x300.jpg 225w, https:\/\/blessfrontierpeoples.org\/al\/wp-content\/uploads\/2022\/04\/image42-768x1023.jpg 768w, https:\/\/blessfrontierpeoples.org\/al\/wp-content\/uploads\/2022\/04\/image42-1153x1536.jpg 1153w, https:\/\/blessfrontierpeoples.org\/al\/wp-content\/uploads\/2022\/04\/image42.jpg 1500w\" sizes=\"auto, (max-width: 225px) 100vw, 225px\" \/><\/span><\/p>\n<p>N\u00eb Bangladeshin lindor jetojn\u00eb mbi 11 milion mysliman\u00eb Sylhet, t\u00eb cil\u00ebt jan\u00eb mysliman\u00eb sunit\u00eb (Hanafi dhe Sufi), por q\u00eb n\u00eb traditat e tyre p\u00ebrfshijn\u00eb disa praktika hinduiste. Ata flasin bengalisht si gjuh\u00eb tregtare, por ekzistojn\u00eb pjes\u00eb t\u00eb Shkrimit, filmi JESUS dhe burime audio n\u00eb gjuh\u00ebn Sylheti. Provinca Sylheti e Bangladeshit ndodhet n\u00eb veri-lindje, n\u00eb kufi me nj\u00eb nga zonat m\u00eb kristiane t\u00eb Indis\u00eb, tokat fisnike n\u00eb lindje t\u00eb Bangladeshit.<\/p>\n<ul>\n<li>Lutju Zotit q\u00eb t\u00eb th\u00ebrras\u00eb shum\u00eb besimtar\u00eb q\u00eb flasin Sylheti dhe besimtar\u00eb nga zona pran\u00eb Assam-it, q\u00eb t\u00eb tregojn\u00eb dashurin\u00eb dhe sakrific\u00ebn e Tij ndaj mysliman\u00ebve Sylhet.<\/li>\n<li>Lutu p\u00ebr sh\u00ebrime, vizione dhe \u00ebndrra q\u00eb t\u00eb ndihmojn\u00eb mysliman\u00ebt Sylhet t\u00eb shohin Jezusin duke vepruar mes tyre dhe duke i udh\u00ebhequr drejt \u201cadhurimit n\u00eb Frym\u00eb dhe n\u00eb t\u00eb V\u00ebrtet\u00eb.\u201d (Gjoni 4)<\/li>\n<\/ul>\n<p>&nbsp;<\/p>\n<p>&nbsp;<\/p>\n<p><b>Lohar n\u00eb Indi (LOW-har)<\/b><\/p>\n<p><span style=\"font-weight: 400;\"><img loading=\"lazy\" decoding=\"async\" class=\"size-full wp-image-382 alignleft img-responsive img-shadow\" src=\"http:\/\/fpg.gremza.al\/wp-content\/uploads\/2022\/04\/image58.png\" alt=\"\" width=\"200\" height=\"250\" \/><\/span><\/p>\n<p>N\u00eb Indi jetojn\u00eb mbi 11 milion njer\u00ebz Lohar hindu, si dhe grupe myslimane dhe sikh Lohar. Tradicionalisht, njer\u00ebzit Lohar n\u00eb Indi kan\u00eb qen\u00eb mjesht\u00ebr metali nomad\u00eb q\u00eb udh\u00ebtonin p\u00ebr t\u00eb shitur mallrat e tyre. Ishin m\u00eb par\u00eb arm\u00ebb\u00ebr\u00ebs me kast\u00eb t\u00eb lart\u00eb n\u00eb Mbret\u00ebrin\u00eb e Mewar-it n\u00eb Indi, por u b\u00ebn\u00eb nomad\u00eb t\u00eb varf\u00ebr kur mbret\u00ebria ra n\u00eb vitin 1568. Lohar\u00ebt i konsiderojn\u00eb veten pasardh\u00ebs t\u00eb per\u00ebndis\u00eb Vishwakarma, t\u00eb cilin e adhurojn\u00eb. Shum\u00eb Lohar hindu jetojn\u00eb n\u00eb shtetin indian Rajasthan dhe flasin hindisht. Edhe pse zanati i tyre nuk konsiderohet \u201ci papast\u00ebr\u201d si ai i grupeve jasht\u00eb kast\u00ebs, \u00ebsht\u00eb e v\u00ebshtir\u00eb p\u00ebr ta t\u00eb hyjn\u00eb n\u00eb fuqin\u00eb pun\u00ebtore moderne n\u00eb zanate t\u00eb reja. Stili i tyre jet\u00ebsor nomad e ka b\u00ebr\u00eb arsimin t\u00eb v\u00ebshtir\u00eb.<\/p>\n<ul>\n<li>Lutu p\u00ebr Lohar\u00ebt, t\u00eb cil\u00ebve zanati po u shtyhet nga mallrat metalike t\u00eb fabrikave q\u00eb gjenden gjer\u00ebsisht.<\/li>\n<li>Lutu q\u00eb Zoti t\u2019u d\u00ebrgoj\u00eb dashurin\u00eb e Tij p\u00ebrmes besimtar\u00ebve q\u00eb mund t\u2019i ndihmojn\u00eb me problemet\u00a0 \u00a0 \u00a0 \u00a0 \u00a0 \u00a0 \u00a0 ekonomike. K\u00ebrkoji Jezusit t\u00eb bekoj\u00eb dhe sh\u00ebroj\u00eb familjet e tyre, duke i b\u00ebr\u00eb ata nj\u00eb drit\u00eb p\u00ebr shum\u00eb t\u00eb tjer\u00eb.<\/li>\n<\/ul>\n<p>&nbsp;<\/p>\n<p>&nbsp;<\/p>\n<p><b>Mappila n\u00eb Indi (MAH-pee-lah)<\/b><\/p>\n<p><span style=\"font-weight: 400;\"><img loading=\"lazy\" decoding=\"async\" class=\"size-full wp-image-383 alignright img-responsive img-shadow\" src=\"http:\/\/fpg.gremza.al\/wp-content\/uploads\/2022\/04\/image27.png\" alt=\"\" width=\"200\" height=\"250\" \/><\/span><\/p>\n<p>Mbi 10 milion mysliman\u00eb Mappila jetojn\u00eb n\u00eb Indi, kryesisht n\u00eb shtetin jugor t\u00eb Kerala-s, duke p\u00ebrfshir\u00eb edhe ishujt pran\u00eb bregdetit, ku flasin gjuh\u00ebn zyrtare t\u00eb shtetit, malajalamisht. Ata u b\u00ebn\u00eb mysliman\u00eb nga detar\u00eb sunni q\u00eb ishin t\u00eb p\u00ebrfshir\u00eb n\u00eb tregtin\u00eb e er\u00ebzave dhe misionar\u00eb mysliman\u00eb. Shumica jan\u00eb pjes\u00eb e sektit Salafi t\u00eb Islamit Sunni. Flasin t\u00eb nj\u00ebjt\u00ebn gjuh\u00eb si Mappilat kristian\u00eb Mar Thoma (t\u00eb fituar p\u00ebr Krishtin nga dishepulli Thoma n\u00eb shekullin e par\u00eb).<\/p>\n<ul>\n<li>Lutu q\u00eb Zoti t\u00eb vendos\u00eb dashurin\u00eb p\u00ebr mysliman\u00ebt Mappila n\u00eb zemr\u00ebn e shum\u00eb ndjek\u00ebsve t\u00eb Jezusit Mar Thoma, q\u00eb ata t\u2019i fitojn\u00eb p\u00ebr Jezusin pa u ndjer\u00eb se duhet t\u00eb b\u00ebhen kristian\u00eb n\u00eb stilin Mar Thoma.<\/li>\n<li>Lutu q\u00eb shum\u00eb Mappila q\u00eb k\u00ebrkojn\u00eb me p\u00ebrkushtim t&#8217;i binden Zotit, t\u00eb lexojn\u00eb Fjal\u00ebn e Tij dhe t\u00eb udh\u00ebhiqen te Jezusi p\u00ebrmes \u00ebndrrave, vizioneve dhe sh\u00ebrimeve, duke p\u00ebrhapur Lajmin e Mir\u00eb tek t\u00eb tjer\u00ebt.<\/li>\n<\/ul>\n<p>&nbsp;<\/p>\n<p>&nbsp;<\/p>\n<p><b>Hijazi Arabs n\u00eb Arabin\u00eb Saudite (hee-JAH-zee)<\/b><\/p>\n<p><span style=\"font-weight: 400;\"><img loading=\"lazy\" decoding=\"async\" class=\"size-full wp-image-384 alignleft img-responsive img-shadow\" src=\"http:\/\/fpg.gremza.al\/wp-content\/uploads\/2022\/04\/image55.png\" alt=\"\" width=\"200\" height=\"250\" \/><\/span><\/p>\n<p>N\u00eb an\u00ebn e Arabis\u00eb Saudite t\u00eb Detit t\u00eb Kuq jetojn\u00eb mbi 11 milion\u00eb fol\u00ebs t\u00eb gjuh\u00ebs Hijazi-Arabike, forma e arabishtes q\u00eb p\u00ebrdoret m\u00eb shum\u00eb n\u00eb Medin\u00eb dhe Mek\u00eb, dhe q\u00eb ndryshon ndjesh\u00ebm nga Arabishtja Standarde Moderne. Edhe pse \u00ebsht\u00eb e v\u00ebshtir\u00eb t\u2019u afrohen n\u00eb Arabin\u00eb Saudite, mbi 300,000 arabo-hijazi punojn\u00eb n\u00eb Emiratet e Bashkuara Arabe.<\/p>\n<ul>\n<li>Lutu q\u00eb ata t\u00eb ken\u00eb Shkrime gojore dhe t\u00eb shkruara n\u00eb gjuh\u00ebn e tyre amtare. K\u00ebrko nga Zoti t\u2019ua zbuloj\u00eb dashurin\u00eb e Tij p\u00ebrmes Isa al Massih (Jezusi Mesia) dhe t\u2019i t\u00ebrheq\u00eb te pasazhet kuranore q\u00eb nderojn\u00eb lindjen e Tij t\u00eb virgj\u00ebr dhe sh\u00ebrimin q\u00eb b\u00ebri.<\/li>\n<li>Lutu gjithashtu q\u00eb Shpirti i Zotit t\u00eb derdhet mbi ata q\u00eb e k\u00ebrkojn\u00eb p\u00ebrmes pelegrinazheve n\u00eb Medin\u00eb dhe Mek\u00eb, duke u dh\u00ebn\u00eb \u00ebndrra dhe vizione p\u00ebr Mesin\u00eb.<\/li>\n<li>Lutu q\u00eb d\u00ebshmitar\u00ebt t\u00eb mund t\u00eb ndajn\u00eb d\u00ebshmit\u00eb e tyre me arab\u00ebt Hijazi q\u00eb punojn\u00eb n\u00eb Emiratet e Bashkuara Arabe.<\/li>\n<\/ul>\n<p>&nbsp;<\/p>\n<p>&nbsp;<\/p>\n<p><strong>B\u00ebj ndryshimin n\u00eb jet\u00ebn e njer\u00ebzve q\u00eb jetojn\u00eb brenda Grupeve t\u00eb Kufirit t\u00eb Ungjill\u00ebzuar!<\/strong><\/p>\n<p>Q\u00ebllimi i pandryshuesh\u00ebm i Zotit ka qen\u00eb, \u00ebsht\u00eb dhe do t\u00eb jet\u00eb gjithmon\u00eb t\u00eb bekoj\u00eb t\u00eb gjitha familjet e tok\u00ebs: \u00e7do komb, fis, popull dhe gjuh\u00eb. K\u00ebt\u00eb e shohim qart\u00eb n\u00eb Zbules\u00ebn 5:9 dhe 7:9-10.<\/p>\n<p>Jezusi ka gjith\u00eb autoritetin mbi t\u00eb gjitha kombet dhe na ka th\u00ebn\u00eb se do t\u00eb shkoj\u00eb me ne deri n\u00eb fund t\u00eb bot\u00ebs dhe koh\u00ebs, duke na ndihmuar t\u00eb b\u00ebjm\u00eb dishepuj nga t\u00eb gjitha popujt (Mateu 28:18-20). Prandaj, guxo! Lutu, m\u00ebso, shko, i trego t\u00eb tjer\u00ebve ose jep, q\u00eb bekimi i Zotit p\u00ebr falje dhe jet\u00eb t\u00eb p\u00ebrjetshme t\u00eb arrij\u00eb n\u00eb t\u00eb gjitha familjet e tok\u00ebs \u2014 ve\u00e7an\u00ebrisht n\u00eb grupet e popujve ku ende nuk ka l\u00ebvizje Jezusi.<\/p>\n<p><strong>B\u00ebhu nj\u00eb Avokat p\u00ebr nj\u00eb Grup t\u00eb Kufirit t\u00eb Ungjill\u00ebzuar<\/strong><\/p>\n<p>Lutju Zotit q\u00eb t\u00eb t\u00eb jap\u00eb nj\u00eb Grup t\u00eb Kufirit p\u00ebr t\u00eb cilin mund t\u00eb b\u00ebhesh avokat \u2014 duke i p\u00ebrqafuar ata n\u00eb zemr\u00ebn dhe lutjet e tua, dhe duke k\u00ebrkuar nga Shpirti i Shenjt\u00eb t\u00eb udh\u00ebheq\u00eb familjen ose grupin t\u00ebnd t\u00eb vog\u00ebl p\u00ebr t\u00eb bekuar at\u00eb Grup t\u00eb Kufirit. Mund t\u00eb zgjedh\u00ebsh nj\u00eb nga grupet m\u00eb t\u00eb m\u00ebdha dhe m\u00eb t\u00eb nevojshme n\u00eb k\u00ebt\u00eb lib\u00ebr ose mund t\u00eb k\u00ebrkosh n\u00eb Joshua Project sipas vendit p\u00ebr t\u00eb gjetur atje Grupi t\u00eb Kufirit. Shko n\u00eb hart\u00ebn interaktive n\u00eb <a href=\"http:\/\/www.joshuaproject.net\/frontier\/interactive\">www.joshuaproject.net\/frontier\/interactive<\/a> p\u00ebr t\u00eb zgjedhur nj\u00eb Grup t\u00eb Kufirit sipas gjuh\u00ebs, fes\u00eb ose madh\u00ebsis\u00eb. Gjej t\u00eb tjer\u00eb t\u00eb angazhuar me grupin t\u00ebnd n\u00eb <a href=\"http:\/\/www.getinvolved.com\/\">www.getinvolved.com\/<\/a>.<\/p>\n<p>&nbsp;<\/p>\n<p><strong>T\u00eb lutem, lutu q\u00eb t\u00eb marr\u00ebsh nj\u00eb ose m\u00eb shum\u00eb nga k\u00ebto angazhime :<\/strong><\/p>\n<ul>\n<li data-start=\"233\" data-end=\"464\"><strong data-start=\"233\" data-end=\"253\">Un\u00eb do t\u00eb lutem.<\/strong> Do t\u00eb lutem ve\u00e7an\u00ebrisht q\u00eb t\u00eb b\u00ebhet vullneti i Tij n\u00eb tok\u00eb, q\u00eb \u00e7do grup populli t\u00eb d\u00ebgjoj\u00eb, dhe q\u00eb pun\u00ebtor\u00ebt t\u00eb d\u00ebrgohen n\u00eb korrje (Mateu 9:37-38). Jep k\u00ebt\u00eb udh\u00ebzues lutjeje t\u00eb tjer\u00ebve p\u00ebr t\u2019u lutur (go31.org).<\/li>\n<li data-start=\"466\" data-end=\"634\"><strong data-start=\"466\" data-end=\"506\">Do t\u00eb jetoj sipas q\u00ebllimit t\u00eb Zotit.<\/strong> Do t\u00eb rishikoj prioritetet e mia dhe do t\u00eb filloj t\u00eb ndryshoj stilin e jet\u00ebs sipas q\u00ebllimit t\u00eb Zotit (Mateu 6:24-33; 10:37-39).<\/li>\n<li data-start=\"636\" data-end=\"721\"><strong data-start=\"636\" data-end=\"650\">Do t\u00eb jap.<\/strong> Do t\u00eb mb\u00ebshtes ata q\u00eb punojn\u00eb n\u00eb vend ose jasht\u00eb p\u00ebr popujt e kufirit.<\/li>\n<li data-start=\"723\" data-end=\"872\"><strong data-start=\"723\" data-end=\"741\">Do t\u00eb sh\u00ebrbej.<\/strong> Do t\u00eb sh\u00ebrbej n\u00eb nj\u00eb organizat\u00eb misionare, duke p\u00ebrdorur aft\u00ebsit\u00eb e mia n\u00eb m\u00ebnyr\u00ebn m\u00eb strategjike p\u00ebr t\u00eb arritur popujt e kufirit.<\/li>\n<li data-start=\"874\" data-end=\"1135\"><strong data-start=\"874\" data-end=\"892\">Do t\u00eb studioj.<\/strong> Do t\u00eb m\u00ebsoj gjith\u00e7ka q\u00eb mund p\u00ebr q\u00ebllimin global t\u00eb Zotit n\u00eb Shkrim (Luka 24:45-47) dhe p\u00ebr at\u00eb q\u00eb po ndodh n\u00eb bot\u00eb, sidomos me Grupe t\u00eb Kufirit. Do t\u00eb mendoj t\u00eb marr kursin Perspectives on the World Christian Movement (<a class=\"\" href=\"http:\/\/www.perspectives.org\" target=\"_new\" rel=\"noopener\" data-start=\"1113\" data-end=\"1133\">www.perspectives.org<\/a>).<\/li>\n<li data-start=\"1137\" data-end=\"1303\"><strong data-start=\"1137\" data-end=\"1154\">Do t\u00eb lidhem.<\/strong> Do t\u00eb jem p\u00ebrgjegj\u00ebs p\u00ebr besimtar\u00eb t\u00eb tjer\u00eb p\u00ebr t\u00eb lutur, m\u00ebsuar, dh\u00ebn\u00eb, rritur, d\u00ebrguar ose shkuar si pjes\u00eb e planit t\u00eb Zotit (Hebrenjve 10:24-25).<\/li>\n<li data-start=\"1305\" data-end=\"1434\"><strong data-start=\"1305\" data-end=\"1337\">Do ta shp\u00ebrndaj k\u00ebt\u00eb vizion.<\/strong> Do t\u00eb ndihmoj t\u00eb p\u00ebrhapet lajmi p\u00ebr at\u00eb q\u00eb Zoti po b\u00ebn dhe nevojat e Grupeve t\u00eb Kufirit n\u00eb bot\u00eb.<\/li>\n<li data-start=\"1436\" data-end=\"1748\"><strong data-start=\"1436\" data-end=\"1465\">Do t\u00eb sfidoj kish\u00ebn time.<\/strong> Do t\u00eb sigurohem q\u00eb nj\u00eb bot\u00ebkuptim global t\u00eb arrij\u00eb n\u00eb \u00e7do nivel t\u00eb kish\u00ebs time dhe q\u00eb an\u00ebtar\u00ebt t\u00eb din\u00eb se si mund t\u00eb p\u00ebrfshihen n\u00eb detyr\u00ebn p\u00ebr t\u00eb arritur t\u00eb gjith\u00eb popujt. Do t\u00eb inkurajoj kish\u00ebn dhe ministrin\u00eb globale t\u00eb shp\u00ebrndarjes t\u00eb caktojn\u00eb fonde p\u00ebr pun\u00ebn me Grupe t\u00eb Kufirit.<\/li>\n<li data-start=\"1750\" data-end=\"1885\"><strong data-start=\"1750\" data-end=\"1776\">Do t\u2019i jap koh\u00ebn time.<\/strong> Do t\u2019i kushtoj 5-10 or\u00eb n\u00eb jav\u00eb duke ndihmuar kish\u00ebn ose bashk\u00ebsin\u00eb time t\u00eb arrij\u00eb Grupe t\u00eb Kufirit n\u00eb bot\u00eb.<\/li>\n<li data-start=\"1887\" data-end=\"2091\"><strong data-start=\"1887\" data-end=\"1907\">Do t\u00eb mobilizoj.<\/strong> Do t\u00eb sh\u00ebrbej kishat n\u00eb zon\u00ebn time duke i informuar p\u00ebr mund\u00ebsi, burime, trajnime dhe mjete q\u00eb ekzistojn\u00eb p\u00ebr t\u00eb ndihmuar n\u00eb kapjen e vizionit t\u00eb p\u00ebrfundimit t\u00eb ungjillizimit bot\u00ebror.<\/li>\n<li data-start=\"2093\" data-end=\"2267\"><strong data-start=\"2093\" data-end=\"2151\">Do t\u00eb jem avokat p\u00ebr \u201cadoptimin\u201d e Grupeve t\u00eb Kufirit.<\/strong> Do t\u00eb inkurajoj kishat dhe individ\u00ebt t\u00eb \u201cadoptojn\u00eb\u201d nj\u00eb nga Grupe e mbetura t\u00eb Kufirit (shiko <a class=\"\" href=\"http:\/\/www.getinvolved.com\" target=\"_new\" rel=\"noopener\" data-start=\"2246\" data-end=\"2265\">www.getinvolved.com<\/a>).<\/li>\n<li data-start=\"2269\" data-end=\"2519\"><strong data-start=\"2269\" data-end=\"2287\">Do t\u2019i bindem.<\/strong> Angazhohem t\u00eb jem pjes\u00eb e pun\u00ebs s\u00eb Zotit p\u00ebr t\u00eb b\u00ebr\u00eb dishepuj t\u00eb \u201ckombeve,\u201d grupeve t\u00eb njer\u00ebzve n\u00eb bot\u00eb (Mateu 28:19). Do t\u2019i bindem Jezusit, q\u00eb tha: \u201cShkoni n\u00eb gjith\u00eb bot\u00ebn dhe b\u00ebni dishepuj nga t\u00eb gjitha popujt\/familjet\/kombeve.\u201d<\/li>\n<\/ul>\n<p>&nbsp;<\/p>\n<p>Presim me padurim t\u00eb festojm\u00eb me ty p\u00ebrpara fronit t\u00eb Zotit, s\u00eb bashku me njer\u00ebz nga \u00e7do fis, gjuh\u00eb dhe komb. N\u00ebse d\u00ebshiron t\u00eb dish m\u00eb shum\u00eb, vizito JoshuaProject.net\/frontier, nj\u00eb burim i shk\u00eblqyer q\u00eb ndjek grupet m\u00eb pak t\u00eb arritura n\u00eb bot\u00eb p\u00ebr t\u00eb p\u00ebrmbushur Misionin e Madh.<\/p>\n<h3><b><img loading=\"lazy\" decoding=\"async\" class=\"aligncenter wp-image-385 size-full img-responsive img-shadow\" src=\"http:\/\/fpg.gremza.al\/wp-content\/uploads\/2022\/04\/image44.png\" alt=\"\" width=\"1960\" height=\"1126\" srcset=\"https:\/\/blessfrontierpeoples.org\/al\/wp-content\/uploads\/2022\/04\/image44.png 1960w, https:\/\/blessfrontierpeoples.org\/al\/wp-content\/uploads\/2022\/04\/image44-300x172.png 300w, https:\/\/blessfrontierpeoples.org\/al\/wp-content\/uploads\/2022\/04\/image44-1024x588.png 1024w, https:\/\/blessfrontierpeoples.org\/al\/wp-content\/uploads\/2022\/04\/image44-768x441.png 768w, https:\/\/blessfrontierpeoples.org\/al\/wp-content\/uploads\/2022\/04\/image44-1536x882.png 1536w\" sizes=\"auto, (max-width: 1960px) 100vw, 1960px\" \/><\/b><\/h3>\n<h3><b>Lutu p\u00ebr t\u00eb gjith\u00eb Popujt Frontier: Popullsia sipas Rajonit<br \/>\n<\/b><\/h3>\n<p><span style=\"font-weight: 400;\"><img loading=\"lazy\" decoding=\"async\" class=\"alignleft wp-image-386 size-large img-responsive img-shadow\" src=\"http:\/\/fpg.gremza.al\/wp-content\/uploads\/2022\/04\/image12-1024x968.png\" alt=\"\" width=\"1024\" height=\"968\" srcset=\"https:\/\/blessfrontierpeoples.org\/al\/wp-content\/uploads\/2022\/04\/image12-1024x968.png 1024w, https:\/\/blessfrontierpeoples.org\/al\/wp-content\/uploads\/2022\/04\/image12-300x284.png 300w, https:\/\/blessfrontierpeoples.org\/al\/wp-content\/uploads\/2022\/04\/image12-768x726.png 768w, https:\/\/blessfrontierpeoples.org\/al\/wp-content\/uploads\/2022\/04\/image12.png 1134w\" sizes=\"auto, (max-width: 1024px) 100vw, 1024px\" \/><\/span><\/p>\n<p data-start=\"355\" data-end=\"573\">Grupet Frontier t\u00eb Popujve (FPG) jan\u00eb popujt m\u00eb t\u00eb v\u00ebshtir\u00eb p\u00ebr t\u2019u arritur n\u00eb bot\u00eb, me pothuajse asnj\u00eb akses n\u00eb ungjillin. Shumica jetojn\u00eb n\u00eb Azin\u00eb Jugore, dhe pjesa tjet\u00ebr kryesisht n\u00eb vende ku shumica jan\u00eb mysliman\u00eb. Kjo grafik\u00eb dhe karta tregojn\u00eb ku ndodhen k\u00ebto grupe sipas popullsis\u00eb dhe p\u00ebrqindjes. \u00cbsht\u00eb e qart\u00eb ku duhet t\u00eb p\u00ebrqendrohemi.<\/p>\n<p data-start=\"703\" data-end=\"1063\"><em>Le t\u00eb lutemi q\u00eb l\u00ebvizje t\u00eb q\u00ebndrueshme t\u00eb Jezusit t\u00eb fillojn\u00eb n\u00eb secilin prej k\u00ebtyre grupeve, duke mbushur tok\u00ebn me njohjen e lavdis\u00eb s\u00eb Zotit ashtu si uji mbulon detin (Habakuku 2:14). Lutuni q\u00eb p\u00ebr \u00e7do milion njer\u00ebz n\u00eb k\u00ebto grupe t\u00eb ket\u00eb t\u00eb pakt\u00ebn dy ekipe lutjesh q\u00eb i p\u00ebrkrahin dhe dy ekipe q\u00eb ndajn\u00eb dashurin\u00eb e Zotit dhe lirin\u00eb q\u00eb vjen nga njohja e Jezusit.<\/em><\/p>\n<p>&nbsp;<\/p>\n","protected":false},"excerpt":{"rendered":"<p>Lavd\u00ebro Zotin p\u00ebr zbulimin e l\u00ebvizjeve t\u00eb q\u00ebndrueshme ndaj Jezusit dhe p\u00ebr numrin m\u00eb t\u00eb madh t\u00eb besimtar\u00ebve t\u00eb njohur [&hellip;]<\/p>\n","protected":false},"author":1,"featured_media":0,"parent":0,"menu_order":0,"comment_status":"closed","ping_status":"closed","template":"","meta":{"_acf_changed":false,"footnotes":""},"class_list":["post-379","page","type-page","status-publish","hentry"],"acf":{"show_to_menu":false},"_links":{"self":[{"href":"https:\/\/blessfrontierpeoples.org\/al\/wp-json\/wp\/v2\/pages\/379","targetHints":{"allow":["GET"]}}],"collection":[{"href":"https:\/\/blessfrontierpeoples.org\/al\/wp-json\/wp\/v2\/pages"}],"about":[{"href":"https:\/\/blessfrontierpeoples.org\/al\/wp-json\/wp\/v2\/types\/page"}],"author":[{"embeddable":true,"href":"https:\/\/blessfrontierpeoples.org\/al\/wp-json\/wp\/v2\/users\/1"}],"replies":[{"embeddable":true,"href":"https:\/\/blessfrontierpeoples.org\/al\/wp-json\/wp\/v2\/comments?post=379"}],"version-history":[{"count":4,"href":"https:\/\/blessfrontierpeoples.org\/al\/wp-json\/wp\/v2\/pages\/379\/revisions"}],"predecessor-version":[{"id":1232,"href":"https:\/\/blessfrontierpeoples.org\/al\/wp-json\/wp\/v2\/pages\/379\/revisions\/1232"}],"wp:attachment":[{"href":"https:\/\/blessfrontierpeoples.org\/al\/wp-json\/wp\/v2\/media?parent=379"}],"curies":[{"name":"wp","href":"https:\/\/api.w.org\/{rel}","templated":true}]}}