{"id":388,"date":"2022-04-28T15:17:31","date_gmt":"2022-04-28T15:17:31","guid":{"rendered":"http:\/\/fpg.gremza.al\/?page_id=388"},"modified":"2025-06-09T22:02:37","modified_gmt":"2025-06-09T22:02:37","slug":"pray-for-the-larger-frontier-people-groups-over-1-million-in-size","status":"publish","type":"page","link":"https:\/\/blessfrontierpeoples.org\/al\/pray-for-the-larger-frontier-people-groups-over-1-million-in-size\/","title":{"rendered":"Lutu p\u00ebr Gruposjet Kufitare m\u00eb t\u00eb M\u00ebdha t\u00eb Popullsis\u00eb (me mbi 1 milion banor\u00eb)"},"content":{"rendered":"<p>Po b\u00ebhen p\u00ebrparime t\u00eb m\u00ebdha mes Gruposjeve t\u00eb Pa Arritura (UPGs), por jo ende mes Gruposjeve Kufitare (FPGs). Q\u00eb nga fundi i viteve 1970, Fryma e Shenjt\u00eb ka udh\u00ebhequr shum\u00eb misionar\u00eb dhe organizata t\u00eb shkojn\u00eb tek UPG-t\u00eb. Ata kan\u00eb promovuar gjithnj\u00eb e m\u00eb shum\u00eb frytshm\u00ebrin\u00eb e shumimit t\u00eb dishepujve dhe kishave p\u00ebrmes bindjes s\u00eb thjesht\u00eb. Q\u00eb nga janari i vitit 2022, studiuesit po ndjekin m\u00eb shum\u00eb se 1000 l\u00ebvizje t\u00eb ngjashme me veprat e Jezusit, kryesisht mes UPG-ve. N\u00eb vet\u00ebm disa dekada, k\u00ebto l\u00ebvizje kan\u00eb prodhuar rreth 70 milion dishepuj t\u00eb rinj n\u00eb kisha familjare q\u00eb shum\u00ebzohen shpejt. Kjo \u00ebsht\u00eb m\u00eb shum\u00eb se 2% e popullsis\u00eb globale t\u00eb Gruposjeve t\u00eb Paarritura. Gruposjet Kufitare jan\u00eb nj\u00eb n\u00ebngrup i UPG-ve ku ende nuk ekziston nj\u00eb l\u00ebvizje e till\u00eb.<\/p>\n<p data-start=\"64\" data-end=\"271\"><strong>T\u00eb lutem, lutu p\u00ebr t\u00eb gjitha Gruposjet Kufitare t\u00eb Popullsis\u00eb (FPG), sidomos p\u00ebr 290 grupet m\u00eb t\u00eb m\u00ebdha se 1 milion njer\u00ebz, q\u00eb mund t\u00eb ndihmojn\u00eb p\u00ebr t\u00eb sjell\u00eb lajmin e mir\u00eb tek t\u00eb gjitha grupet m\u00eb t\u00eb vogla:<\/strong><\/p>\n<ul data-start=\"273\" data-end=\"1989\">\n<li data-start=\"273\" data-end=\"409\">\n<p data-start=\"275\" data-end=\"409\">Lutu q\u00eb Zoti t\u00eb t\u00eb tregoj\u00eb nj\u00eb Grup Kufitar t\u00eb Popullsis\u00eb p\u00ebr t\u00eb p\u00ebrqendruar lutjet e tua, ose n\u00ebse duhet t\u00eb lutesh p\u00ebr t\u00eb gjith\u00eb ata.<\/p>\n<\/li>\n<li data-start=\"410\" data-end=\"681\">\n<p data-start=\"412\" data-end=\"681\">Lutu q\u00eb Zoti t\u00eb sjell\u00eb bekimin e Tij, t\u00eb forcoj\u00eb dhe sh\u00ebroj\u00eb familjet dhe komunitetet brenda grupit q\u00eb ke zgjedhur. Lutu q\u00eb jeta dhe dashuria e bollshme e Jezusit t\u00eb p\u00ebrqafohen gjer\u00ebsisht nga familjet dhe klanet e grupit t\u00ebnd (Gjeneza 12:5, 28:14; Veprat 3:25, 10:43).<\/p>\n<\/li>\n<li data-start=\"682\" data-end=\"1197\">\n<p data-start=\"684\" data-end=\"1197\">Lutu q\u00eb Zoti t\u00eb d\u00ebrgoj\u00eb njer\u00ebzit e Tij p\u00ebr t\u00eb luftuar vuajtjet dhe t\u00eb keqen n\u00eb emrin e Tij, dhe p\u00ebr t\u00eb rr\u00ebzuar fuqit\u00eb shpirt\u00ebrore t\u00eb err\u00ebsir\u00ebs q\u00eb kund\u00ebrshtojn\u00eb p\u00ebrhapjen e lajmit t\u00eb mir\u00eb. Lutu q\u00eb Zoti t\u00eb \u00e7liroj\u00eb familjet dhe komunitetet n\u00eb grupin t\u00ebnd nga frik\u00ebrat p\u00ebr ndjekjen e Jezusit. Lutu q\u00eb besimtar\u00ebt t\u00eb mbushen me Frym\u00ebn e Tij dhe t\u00eb z\u00ebvend\u00ebsojn\u00eb \u00e7do frik\u00eb me dashuri, fuqi dhe vet\u00ebdisiplin\u00eb, nd\u00ebrsa bekimi i Zotit rrjedh nga familja n\u00eb familje (Romak\u00ebve 12:21, Gjeneza 3:10, Isaia 25:7, II Timoteut 1:7).<\/p>\n<\/li>\n<li data-start=\"1198\" data-end=\"1450\">\n<p data-start=\"1200\" data-end=\"1450\">Lutu q\u00eb Zoti t\u00eb derdh\u00eb bekimin e Tij mbi udh\u00ebheq\u00ebsit fetar\u00eb dhe laik\u00eb t\u00eb grupit q\u00eb ke zgjedhur. Lutu q\u00eb Ai t\u00eb bekoj\u00eb familjet e k\u00ebtyre udh\u00ebheq\u00ebsve dhe t\u00eb frym\u00ebzoj\u00eb komunitetet e t\u00ebra t\u00eb mir\u00ebpresin shp\u00ebtimin p\u00ebrmes besimit n\u00eb Jezus (I Timoteut 2:1-5).<\/p>\n<\/li>\n<li data-start=\"1451\" data-end=\"1686\">\n<p data-start=\"1453\" data-end=\"1686\">Lutu q\u00eb Fryma e Zotit t\u00eb udh\u00ebheq\u00eb njer\u00ebzit e grupit t\u00ebnd t\u00eb duan Fjal\u00ebn e Tij dhe t\u00eb p\u00ebrhapin ndikimin e saj, n\u00eb m\u00ebnyr\u00eb q\u00eb ky grup t\u00eb doj\u00eb Zotin me gjith\u00eb qenien dhe t\u00eb ecin n\u00eb rrug\u00ebt e Tij (Veprat 6:7, 12:24, 19:20; Marku 12:29-31).<\/p>\n<\/li>\n<li data-start=\"1687\" data-end=\"1989\">\n<p data-start=\"1689\" data-end=\"1989\">Lutu q\u00eb Zoti t\u00eb derdh\u00eb Frym\u00ebn e Shenjt\u00eb duke bekuar familjet e grupit t\u00ebnd, ve\u00e7an\u00ebrisht f\u00ebmij\u00ebt dhe t\u00eb rinjt\u00eb. Lutju Zotit t\u00eb ngrej\u00eb dhe t\u00eb d\u00ebrgoj\u00eb nj\u00eb brez t\u00eb ri d\u00ebshmitar\u00ebsh frytdh\u00ebn\u00ebs dhe q\u00eb shumohen, brenda grupit t\u00ebnd dhe q\u00eb t\u00eb p\u00ebrhapin bekimin edhe n\u00eb grupe t\u00eb tjera (Mateu 9:37\u201338, Luka 10:2).<\/p>\n<\/li>\n<\/ul>\n<p>&nbsp;<\/p>\n","protected":false},"excerpt":{"rendered":"<p>Po b\u00ebhen p\u00ebrparime t\u00eb m\u00ebdha mes Gruposjeve t\u00eb Pa Arritura (UPGs), por jo ende mes Gruposjeve Kufitare (FPGs). Q\u00eb nga [&hellip;]<\/p>\n","protected":false},"author":1,"featured_media":0,"parent":0,"menu_order":0,"comment_status":"closed","ping_status":"closed","template":"","meta":{"_acf_changed":false,"footnotes":""},"class_list":["post-388","page","type-page","status-publish","hentry"],"acf":{"show_to_menu":true},"_links":{"self":[{"href":"https:\/\/blessfrontierpeoples.org\/al\/wp-json\/wp\/v2\/pages\/388","targetHints":{"allow":["GET"]}}],"collection":[{"href":"https:\/\/blessfrontierpeoples.org\/al\/wp-json\/wp\/v2\/pages"}],"about":[{"href":"https:\/\/blessfrontierpeoples.org\/al\/wp-json\/wp\/v2\/types\/page"}],"author":[{"embeddable":true,"href":"https:\/\/blessfrontierpeoples.org\/al\/wp-json\/wp\/v2\/users\/1"}],"replies":[{"embeddable":true,"href":"https:\/\/blessfrontierpeoples.org\/al\/wp-json\/wp\/v2\/comments?post=388"}],"version-history":[{"count":5,"href":"https:\/\/blessfrontierpeoples.org\/al\/wp-json\/wp\/v2\/pages\/388\/revisions"}],"predecessor-version":[{"id":1226,"href":"https:\/\/blessfrontierpeoples.org\/al\/wp-json\/wp\/v2\/pages\/388\/revisions\/1226"}],"wp:attachment":[{"href":"https:\/\/blessfrontierpeoples.org\/al\/wp-json\/wp\/v2\/media?parent=388"}],"curies":[{"name":"wp","href":"https:\/\/api.w.org\/{rel}","templated":true}]}}