{"id":390,"date":"2022-04-28T15:18:28","date_gmt":"2022-04-28T15:18:28","guid":{"rendered":"http:\/\/fpg.gremza.al\/?page_id=390"},"modified":"2025-07-07T20:31:19","modified_gmt":"2025-07-07T20:31:19","slug":"the-290-largest-frontier-people-groups-over-1000000-in-population","status":"publish","type":"page","link":"https:\/\/blessfrontierpeoples.org\/al\/the-290-largest-frontier-people-groups-over-1000000-in-population\/","title":{"rendered":"290 Grupet m\u00eb t\u00eb M\u00ebdha t\u00eb Popujve Frontier (me mbi 1,000,000 banor\u00eb)"},"content":{"rendered":"<p>K\u00ebto Grupe t\u00eb Popujve m\u00eb t\u00eb pa arritur (FPGs), me mbi 1 milion an\u00ebtar\u00eb secili, p\u00ebrfaq\u00ebsojn\u00eb 80% t\u00eb popullsis\u00eb s\u00eb t\u00eb gjith\u00eb FPG-ve dhe mbi 20% t\u00eb popullsis\u00eb globale. Nga k\u00ebto, 7 jan\u00eb grupe diasporike. Ju mund t\u00eb shikoni list\u00ebn e plot\u00eb t\u00eb renditshme, bashk\u00eb me vendndodhjen, gjuh\u00ebn dhe informacione t\u00eb tjera, si dhe t\u00eb klikoni mbi rrethat ose emrat p\u00ebr profile individuale duke vizituar: <a href=\"http:\/\/www.joshuaproject.net\/frontier\/interactive\">www.joshuaproject.net\/frontier\/interactive<\/a>.<\/p>\n<p><a href=\"http:\/\/fpg.gremza.al\/wp-content\/uploads\/2022\/04\/image31.png\"><img loading=\"lazy\" decoding=\"async\" class=\"aligncenter size-large wp-image-391 img-responsive img-shadow\" src=\"http:\/\/fpg.gremza.al\/wp-content\/uploads\/2022\/04\/image31-1024x561.png\" alt=\"\" width=\"1024\" height=\"561\" srcset=\"https:\/\/blessfrontierpeoples.org\/al\/wp-content\/uploads\/2022\/04\/image31-1024x561.png 1024w, https:\/\/blessfrontierpeoples.org\/al\/wp-content\/uploads\/2022\/04\/image31-300x164.png 300w, https:\/\/blessfrontierpeoples.org\/al\/wp-content\/uploads\/2022\/04\/image31-768x421.png 768w, https:\/\/blessfrontierpeoples.org\/al\/wp-content\/uploads\/2022\/04\/image31-1536x842.png 1536w, https:\/\/blessfrontierpeoples.org\/al\/wp-content\/uploads\/2022\/04\/image31.png 1999w\" sizes=\"auto, (max-width: 1024px) 100vw, 1024px\" \/><\/a><\/p>\n<p>&nbsp;<\/p>\n<p>&nbsp;<\/p>\n<p>&nbsp;<\/p>\n<p>Sepse korrja \u00ebsht\u00eb e bollshme, por pun\u00ebtor\u00ebt jan\u00eb t\u00eb pakt\u00eb.<\/p>\n<p>Prandaj, lutuni Zotit t\u00eb korrjes<\/p>\n<p>q\u00eb t\u00eb d\u00ebrgoj\u00eb pun\u00ebtor\u00eb n\u00eb korrjen e Tij. \u2014 Mateu 9:37-38<\/p>\n<p>&nbsp;<\/p>\n","protected":false},"excerpt":{"rendered":"<p>K\u00ebto Grupe t\u00eb Popujve m\u00eb t\u00eb pa arritur (FPGs), me mbi 1 milion an\u00ebtar\u00eb secili, p\u00ebrfaq\u00ebsojn\u00eb 80% t\u00eb popullsis\u00eb s\u00eb [&hellip;]<\/p>\n","protected":false},"author":1,"featured_media":0,"parent":0,"menu_order":0,"comment_status":"closed","ping_status":"closed","template":"","meta":{"_acf_changed":false,"footnotes":""},"class_list":["post-390","page","type-page","status-publish","hentry"],"acf":{"show_to_menu":false},"_links":{"self":[{"href":"https:\/\/blessfrontierpeoples.org\/al\/wp-json\/wp\/v2\/pages\/390","targetHints":{"allow":["GET"]}}],"collection":[{"href":"https:\/\/blessfrontierpeoples.org\/al\/wp-json\/wp\/v2\/pages"}],"about":[{"href":"https:\/\/blessfrontierpeoples.org\/al\/wp-json\/wp\/v2\/types\/page"}],"author":[{"embeddable":true,"href":"https:\/\/blessfrontierpeoples.org\/al\/wp-json\/wp\/v2\/users\/1"}],"replies":[{"embeddable":true,"href":"https:\/\/blessfrontierpeoples.org\/al\/wp-json\/wp\/v2\/comments?post=390"}],"version-history":[{"count":6,"href":"https:\/\/blessfrontierpeoples.org\/al\/wp-json\/wp\/v2\/pages\/390\/revisions"}],"predecessor-version":[{"id":1257,"href":"https:\/\/blessfrontierpeoples.org\/al\/wp-json\/wp\/v2\/pages\/390\/revisions\/1257"}],"wp:attachment":[{"href":"https:\/\/blessfrontierpeoples.org\/al\/wp-json\/wp\/v2\/media?parent=390"}],"curies":[{"name":"wp","href":"https:\/\/api.w.org\/{rel}","templated":true}]}}