{"id":393,"date":"2022-04-28T15:19:07","date_gmt":"2022-04-28T15:19:07","guid":{"rendered":"http:\/\/fpg.gremza.al\/?page_id=393"},"modified":"2025-06-09T22:24:30","modified_gmt":"2025-06-09T22:24:30","slug":"helpful-definitions-words-terms","status":"publish","type":"page","link":"https:\/\/blessfrontierpeoples.org\/al\/helpful-definitions-words-terms\/","title":{"rendered":"P\u00ebrkufizime t\u00eb Dobishme (Fjal\u00eb dhe Terma)"},"content":{"rendered":"<p>Bota \u00ebsht\u00eb ndar\u00eb n\u00eb vende politike, por Bibla tregon se Zoti e sheh bot\u00ebn si shum\u00eb familje dhe grupe njer\u00ebzish q\u00eb flasin gjuh\u00eb t\u00eb ndryshme dhe kan\u00eb histori t\u00eb ndryshme. India, p\u00ebr shembull, \u00ebsht\u00eb nj\u00eb VEND politik, por ka mbi 3,000 grupe t\u00eb ndryshme njer\u00ebzish (<em>ethn\u0113<\/em>). Secili nga k\u00ebto grupe ka identitetin e vet t\u00eb ve\u00e7ant\u00eb, gjuh\u00ebt e veta, traditat kulturore, martohet brenda grupit dhe reziston ndaj ndikimeve t\u00eb jashtme. P\u00ebr t\u00eb arritur t\u00eb gjitha k\u00ebto grupe, studiuesit dhe strateg\u00ebt kan\u00eb zhvilluar terminologjin\u00eb e m\u00ebposhtme p\u00ebr t\u00eb ndihmuar n\u00eb identifikimin ku nevojiten m\u00eb shum\u00eb pun\u00ebtor\u00eb dhe burime.<\/p>\n<p><strong>Grupi i Njer\u00ebzve ose Kombi (ethne) :<\/strong> Nj\u00eb linj\u00eb familjare q\u00eb k\u00ebrkon t\u00eb ruaj\u00eb identitetin e gjeneratave t\u00eb saj (historia e p\u00ebrbashk\u00ebt dhe prejardhja, si populli ose kombi i Izraelit n\u00eb Bib\u00ebl). P\u00ebr t\u00eb ruajtur k\u00ebt\u00eb identitet, kombet mbajn\u00eb traditat e tyre, martohen nd\u00ebrmjet tyre dhe rezistojn\u00eb ndaj ndikimeve t\u00eb jashtme (shpesh duke p\u00ebrfshir\u00eb ungjillin). N\u00eb zonat urbane, identitetet etnike ndonj\u00ebher\u00eb z\u00ebvend\u00ebsohen me grupe afiniteti, pasi njer\u00ebzit ende kan\u00eb nevoj\u00eb p\u00ebr nj\u00eb grup ku t\u00eb ndihen t\u00eb p\u00ebrfshir\u00eb dhe t\u00eb identifikohen, por k\u00ebto grupe nuk jan\u00eb aq t\u00eb forta ose t\u00eb q\u00ebndrueshme sa gjurm\u00ebt e gjakut.<\/p>\n<p><strong>Ungjillor\u00ebt :<\/strong> Studiuesit i num\u00ebrojn\u00eb sipas p\u00ebrkat\u00ebsis\u00eb denominacionale ndaj besimit Biblik. Ky udh\u00ebzues p\u00ebrdor shifrat e publikuara p\u00ebr Ungjillor\u00ebt , Karizmatik\u00ebt dhe Pentekostal\u00ebt p\u00ebr t\u00eb vler\u00ebsuar numrin global t\u00eb ndjek\u00ebsve t\u00eb Krishtit t\u00eb udh\u00ebhequr nga Fryma e Shenjt\u00eb, q\u00eb duan q\u00eb t\u00eb tjer\u00ebt t\u00eb ndajn\u00eb bekimin q\u00eb ata kan\u00eb, nj\u00eb marr\u00ebdh\u00ebnie dashurie me Zotin bazuar n\u00eb besimin n\u00eb Jezusin.<\/p>\n<p><strong>Grupet e Arritura (Reached People Groups) :<\/strong> Grupe t\u00eb arritura kan\u00eb mjaft besimtar\u00eb q\u00eb jetojn\u00eb mes tyre, njer\u00ebzit njohin p\u00ebr Jezusin dhe mund t\u00eb zgjedhin ta ndjekin At\u00eb, kan\u00eb Bibla q\u00eb mund t\u2019i lexojn\u00eb dhe komunitete besimtar\u00ebsh q\u00eb flasin gjuh\u00ebn e tyre dhe mund t\u2019i arrijn\u00eb. Kan\u00eb m\u00eb shum\u00eb se 2 ungjillor\u00eb p\u00ebr \u00e7do 100 persona (2%) dhe 5% q\u00eb identifikohen me Krishterimin.<\/p>\n<p><strong>Grupet e Paarritura (Unreached People Groups &#8211; UPGs) :<\/strong> UPG-t\u00eb jan\u00eb m\u00eb pak se 5% t\u00eb Krishter\u00eb t\u00eb \u00e7do lloji dhe m\u00eb pak se 2% Ungjillor\u00eb (2 nga \u00e7do 100 persona), k\u00ebshtu q\u00eb mesazhi i Jezusit nuk \u00ebsht\u00eb i njohur gjer\u00ebsisht dhe ka pak ndikim n\u00eb grupin e tyre. Megjithat\u00eb, shum\u00eb prej k\u00ebtyre grupeve tani kan\u00eb l\u00ebvizje p\u00ebr Jezusin n\u00eb zhvillim dhe \u00ebsht\u00eb e mundur t\u00eb bashk\u00ebpunosh me besimtar\u00ebt vendas n\u00eb 40% t\u00eb UPG-ve q\u00eb nuk jan\u00eb FPG.<\/p>\n<p><strong>Grupet Kufitare t\u00eb Popujve (Frontier People Groups &#8211; FPGs) :<\/strong> FPG-t\u00eb jan\u00eb n\u00ebnseti m\u00eb pak i arritur i UPG-ve dhe p\u00ebrb\u00ebjn\u00eb 60% t\u00eb UPG-ve. Mund t\u00eb ken\u00eb pasur d\u00ebshmitar\u00eb nd\u00ebrkulturor\u00eb p\u00ebr vite ose shekuj, por kan\u00eb pothuajse aspak ndjek\u00ebs t\u00eb Jezusit (m\u00eb pak se 1 n\u00eb 1000). Pra, njer\u00ebzit n\u00eb FPG mund t\u00eb mos takojn\u00eb asnj\u00ebher\u00eb dik\u00eb q\u00eb njeh Jezusin gjat\u00eb gjith\u00eb jet\u00ebs s\u00eb tyre, dhe nuk ka ende l\u00ebvizje vet\u00eb-shp\u00ebrndar\u00ebse t\u00eb Jezusit brenda grupit q\u00eb t\u00eb arrij\u00eb t\u00ebr\u00eb grupin me kalimin e koh\u00ebs. Nevojiten pun\u00ebtor\u00eb pionier\u00eb.<\/p>\n<p><strong>T\u00eb Paangazhuarit (Unengaged):<\/strong> \u201cT\u00eb paangazhuarit\u201d jan\u00eb UPG ose FPG pa pun\u00ebtor\u00eb t\u00eb njohur midis tyre q\u00eb k\u00ebrkojn\u00eb t\u00eb fillojn\u00eb l\u00ebvizje t\u00eb Jezusit. Njihen shpesh si UUPG.<\/p>\n<p><strong>Pun\u00ebtor\u00ebt Pionier\u00eb :<\/strong> Kur nuk ka besimtar\u00eb t\u00eb njohur, pun\u00ebtor\u00ebt pionier\u00eb p\u00ebrpiqen t\u00eb krijojn\u00eb \u201csht\u00ebpin\u00eb e par\u00eb t\u00eb paqes\u201d (Luka 10) ose komunitetin e par\u00eb t\u00eb familjeve besimtare brenda nj\u00eb FPG, q\u00eb t\u00eb tjer\u00ebt t\u00eb shohin se mund t\u00eb ndjekin Krishtin pa tradhtuar popullin e tyre.<\/p>\n<p><strong>L\u00ebvizja e Jezusit :<\/strong> Besimi n\u00eb Jezusin q\u00eb shum\u00ebfishohet shpejt p\u00ebrmes familjeve dhe rrjeteve t\u00eb tjera ekzistuese t\u00eb marr\u00ebdh\u00ebnieve, i fuqizuar nga Fryma e Shenjt\u00eb.<\/p>\n<p>Jezusi na thot\u00eb n\u00eb Mt. 24:14, se mesazhi i tij \u201cdo t\u00eb predikohet n\u00eb gjith\u00eb bot\u00ebn si d\u00ebshmi p\u00ebr t\u00eb gjitha kombet (ethn\u0113), dhe pastaj do t\u00eb vij\u00eb fundi.\u201d Dishepulli i Jezusit, Gjoni, shkruan n\u00eb Zbules\u00ebn 5:9 dhe 7:9 se n\u00eb vizionin e tij pa njer\u00ebz nga \u00e7do grup njer\u00ebzor n\u00eb tok\u00eb q\u00ebndronin para fronit t\u00eb Zotit n\u00eb fund t\u00eb koh\u00ebs. Dishepulli Pjet\u00ebr tha se ne mund t\u00eb ndihmojm\u00eb p\u00ebr t\u00eb p\u00ebrshpejtuar ardhjen e k\u00ebtij dite (2 Pjetri 3:12), duke treguar p\u00ebr t\u00eb gjitha grupet njer\u00ebzore t\u00eb bot\u00ebs p\u00ebr Jezusin.<\/p>\n<p>1\/4 e bot\u00ebs ende jeton n\u00eb Grupet Kufitare t\u00eb Popujve \u2014 pa kontakt t\u00eb duksh\u00ebm me ndjek\u00ebsit e Jezusit dhe pa shenja ende t\u00eb nj\u00eb l\u00ebvizjeje ungjillore q\u00eb sjell bekimin e premtuar nga Zoti p\u00ebr familjet e tyre. Af\u00ebrsisht gjysma e k\u00ebtyre familjeve jetojn\u00eb n\u00eb 31 Grupet m\u00eb t\u00eb m\u00ebdha Kufitare t\u00eb Popujve. Arritja e k\u00ebtyre 31 grupeve m\u00eb t\u00eb m\u00ebdha pritet dhe lutemi q\u00eb do t\u00eb p\u00ebrhap\u00eb Lajmin e Mir\u00eb t\u00eb Jezusit tek FPG-t\u00eb m\u00eb t\u00eb vogla q\u00eb jetojn\u00eb pran\u00eb tyre. \u00c7far\u00eb mund\u00ebsie mahnit\u00ebse kemi p\u00ebr t\u00eb sjell\u00eb bekimin e Zotit p\u00ebr 25% t\u00eb bot\u00ebs n\u00eb dit\u00ebt tona!<\/p>\n","protected":false},"excerpt":{"rendered":"<p>Bota \u00ebsht\u00eb ndar\u00eb n\u00eb vende politike, por Bibla tregon se Zoti e sheh bot\u00ebn si shum\u00eb familje dhe grupe njer\u00ebzish [&hellip;]<\/p>\n","protected":false},"author":1,"featured_media":0,"parent":0,"menu_order":0,"comment_status":"closed","ping_status":"closed","template":"","meta":{"_acf_changed":false,"footnotes":""},"class_list":["post-393","page","type-page","status-publish","hentry"],"acf":{"show_to_menu":true},"_links":{"self":[{"href":"https:\/\/blessfrontierpeoples.org\/al\/wp-json\/wp\/v2\/pages\/393","targetHints":{"allow":["GET"]}}],"collection":[{"href":"https:\/\/blessfrontierpeoples.org\/al\/wp-json\/wp\/v2\/pages"}],"about":[{"href":"https:\/\/blessfrontierpeoples.org\/al\/wp-json\/wp\/v2\/types\/page"}],"author":[{"embeddable":true,"href":"https:\/\/blessfrontierpeoples.org\/al\/wp-json\/wp\/v2\/users\/1"}],"replies":[{"embeddable":true,"href":"https:\/\/blessfrontierpeoples.org\/al\/wp-json\/wp\/v2\/comments?post=393"}],"version-history":[{"count":9,"href":"https:\/\/blessfrontierpeoples.org\/al\/wp-json\/wp\/v2\/pages\/393\/revisions"}],"predecessor-version":[{"id":1231,"href":"https:\/\/blessfrontierpeoples.org\/al\/wp-json\/wp\/v2\/pages\/393\/revisions\/1231"}],"wp:attachment":[{"href":"https:\/\/blessfrontierpeoples.org\/al\/wp-json\/wp\/v2\/media?parent=393"}],"curies":[{"name":"wp","href":"https:\/\/api.w.org\/{rel}","templated":true}]}}