{"id":395,"date":"2022-04-28T15:19:35","date_gmt":"2022-04-28T15:19:35","guid":{"rendered":"http:\/\/fpg.gremza.al\/?page_id=395"},"modified":"2025-06-09T21:30:10","modified_gmt":"2025-06-09T21:30:10","slug":"resources","status":"publish","type":"page","link":"https:\/\/blessfrontierpeoples.org\/al\/resources\/","title":{"rendered":"Burime"},"content":{"rendered":"<p>\u00c7do dit\u00eb, mij\u00ebra besimtar\u00eb bashkohen n\u00eb lutje p\u00ebr nj\u00eb grup njer\u00ebzish, pastaj t\u00eb nes\u00ebrmen b\u00ebjn\u00eb t\u00eb nj\u00ebjt\u00ebn gj\u00eb p\u00ebr nj\u00eb grup tjet\u00ebr. Nj\u00eb lutje e bashkuar e till\u00eb p\u00ebr grupet e popujve shpesh p\u00ebrkon me p\u00ebrparime t\u00eb m\u00ebdha nd\u00ebrmjet atyre popujve p\u00ebr t\u00eb cil\u00ebt \u00ebsht\u00eb lutur, dhe ne ju inkurajojm\u00eb ta shfryt\u00ebzoni sa m\u00eb mir\u00eb secil\u00ebn prej k\u00ebtyre burimeve.<\/p>\n<p>P\u00ebr kopje t\u00eb printuara t\u00eb Udh\u00ebzuesit t\u00eb Lutjes \u201cLutu p\u00ebr 31\u201d, p\u00ebrfshir\u00eb porosit\u00eb me zbritje n\u00eb sasi t\u00eb m\u00ebdha, vizitoni: <a href=\"http:\/\/www.go31.org\/\">www.Go31.org<\/a><\/p>\n<p>Burime t\u00eb tjera:<\/p>\n<ul>\n<li>\n<h5>Shkarko \u201cPopulli i paprekur i dit\u00ebs\u201d nga Joshua Project (i disponuesh\u00ebm edhe si aplikacion p\u00ebr telefon):<\/h5>\n<h5><a href=\"https:\/\/unreachedoftheday.org\/\">https:\/\/unreachedoftheday.org<\/a><\/h5>\n<\/li>\n<li>\n<h5>S\u00eb shpejti: \u201cGrupi Kufitar i Dit\u00ebs\u201d (edhe si aplikacion) dhe nj\u00eb faqe e re p\u00ebr grupet kufitare.<\/h5>\n<h5>M\u00eb shum\u00eb info k\u00ebtu: <a href=\"https:\/\/www.joshuaproject.net\/frontier\">https:\/\/www.JoshuaProject.net\/frontier<\/a><\/h5>\n<\/li>\n<li>\n<h5>Gjej udh\u00ebzues sezonal\u00eb p\u00ebr lutje p\u00ebr mysliman\u00ebt, hindut\u00eb dhe budist\u00ebt \u2013 p\u00ebr t\u00eb rritur dhe f\u00ebmij\u00eb:<\/h5>\n<h5><a href=\"https:\/\/worldchristian.com\/\">https:\/\/worldchristian.com\/<\/a> dhe <a href=\"https:\/\/worldprayerguides.org\/\">https:\/\/worldprayerguides.org\/<\/a><\/h5>\n<\/li>\n<li>\n<h5>Merr nj\u00eb udh\u00ebzues lutjeje p\u00ebr \u201c\u00c7el\u00ebsat e Dishepullimit\u201d dhe grupet q\u00eb ende nuk jan\u00eb arritur, nga Finishing the Task (FTT) dhe 24:14:<\/h5>\n<h5><a href=\"https:\/\/www.disciplekeys.world\/\">https:\/\/www.disciplekeys.world\/<\/a><\/h5>\n<\/li>\n<li>\n<h5>Shiko nj\u00eb video p\u00ebr L\u00ebvizjet e Mbjelljes s\u00eb Kishave:<\/h5>\n<h5><a href=\"https:\/\/open.spotify.com\/show\/3b9yKkCXZaLOAsELFfXMMI?si=4460a89910ae4eaf\">Spotify<\/a> |<\/h5>\n<h5><a href=\"https:\/\/www.youtube.com\/watch?v=s-IUraCyByU&amp;t=285s\">YouTube<\/a><\/h5>\n<\/li>\n<li>\n<h5>B\u00ebhu pjes\u00eb e Dit\u00ebs Nd\u00ebrkomb\u00ebtare t\u00eb Lutjes p\u00ebr t\u00eb Paprekurit, \u00e7do t\u00eb Diel t\u00eb Rr\u00ebshajave nga Alliance for the Unreached:<\/h5>\n<h5><a href=\"https:\/\/dayfortheunreached.org\/\">https:\/\/DayForTheUnreached.org<\/a>, <a href=\"https:\/\/alliancefortheunreached.org\/\">https:\/\/alliancefortheunreached.org\/<\/a><\/h5>\n<\/li>\n<li>\n<h5>Zbulo International Prayer Connect: nj\u00eb rrjet global i lutjes p\u00ebr popujt e paprekur dhe transformimin e kombeve:<\/h5>\n<h5><a href=\"https:\/\/ipcprayer.org\/\">https:\/\/ipcPrayer.org<\/a><\/h5>\n<\/li>\n<li>\n<h5>Gjej burime p\u00ebr trajnimin e shkrim-leximit p\u00ebr t\u00eb rriturit:<\/h5>\n<h5><a href=\"https:\/\/www.literacyevangelism.org\/\">https:\/\/www.literacyevangelism.org<\/a><\/h5>\n<\/li>\n<li>\n<h5>Kupto thelbin p\u00ebr t\u00eb arritur popujt kufitar\u00eb:<\/h5>\n<h5><a href=\"https:\/\/www.telosfellowship.org\/\">https:\/\/www.telosfellowship.org<\/a><\/h5>\n<\/li>\n<li>\n<h5>Bashkohu me t\u00eb tjer\u00eb q\u00eb p\u00ebrkushtohen p\u00ebr nj\u00eb Grup t\u00eb Caktuar Kufitar:<\/h5>\n<h5><a href=\"https:\/\/www.getinvolved.com\/\">https:\/\/www.getinvolved.com<\/a><\/h5>\n<\/li>\n<li>\n<h5>Shiko video lutjeje p\u00ebr UPG-t\u00eb dhe FPG-t\u00eb:<\/h5>\n<h5><a href=\"http:\/\/prayercast.com\/\">http:\/\/prayercast.com<\/a><\/h5>\n<\/li>\n<li>\n<h5>Shiko t\u00eb dh\u00ebna p\u00ebr nevojat m\u00eb urgjente shpirt\u00ebrore dhe fizike n\u00eb bot\u00eb:<\/h5>\n<h5><a href=\"https:\/\/stratus.earth\/\">https:\/\/stratus.earth<\/a><\/h5>\n<\/li>\n<li>\n<h5>Ndihmo p\u00ebr t\u00eb plot\u00ebsuar nevojat shpirt\u00ebrore dhe fizike t\u00eb UPG-ve:<\/h5>\n<h5><a href=\"https:\/\/urgentneeds.org\/\">https:\/\/urgentneeds.org<\/a><\/h5>\n<\/li>\n<li>\n<h5>Gjej grupet diaspor\u00eb t\u00eb UPG-ve n\u00eb Amerik\u00ebn e Veriut:<\/h5>\n<h5><a href=\"https:\/\/upgnorthamerica.com\/\">https:\/\/upgnorthamerica.com<\/a><\/h5>\n<\/li>\n<li>\n<h5>Shijo materiale vizuale t\u00eb bukura n\u00eb shum\u00eb gjuh\u00eb:<\/h5>\n<h5><a href=\"https:\/\/www.indigitube.tv\/\">https:\/\/www.indigitube.tv<\/a><\/h5>\n<\/li>\n<li>\n<h5>P\u00ebr ata q\u00eb d\u00ebshirojn\u00eb t\u00eb shkojn\u00eb te FPG-t\u00eb myslimane:<\/h5>\n<h5><a href=\"https:\/\/www.frontiers.org\/\">https:\/\/www.frontiers.org<\/a><\/h5>\n<\/li>\n<li>\n<h5>P\u00ebr ata q\u00eb d\u00ebshirojn\u00eb t\u00eb shkojn\u00eb te FPG-t\u00eb hindu:<\/h5>\n<h5><a href=\"https:\/\/beyond.org\/\">https:\/\/beyond.org<\/a> ose <a href=\"https:\/\/pioneers.org\/\">https:\/\/pioneers.org<\/a><\/h5>\n<\/li>\n<li>\n<h5>P\u00ebr t\u00eb kuptuar vizionin e organizat\u00ebs 24:14 dhe se si Per\u00ebndia po bekon familjet p\u00ebrmes l\u00ebvizjeve, gjenden dy tregime falas t\u00eb bazuara n\u00eb ngjarje reale.<\/h5>\n<ol>\n<li>\n<h5>Hyr \u201cGo31\u201d dhe \u201cGo31@<a href=\"mailto:Go31Now@gmail.com\">Go31Now@gmail.com<\/a>\u201d si \u201cmiku bujar\u201d n\u00eb:<\/h5>\n<h5><a href=\"https:\/\/stubbornperseverance.org\/claim-your-copy\">StubbornPerseverance.org\/claim-your-copy<\/a><\/h5>\n<\/li>\n<li>\n<h5>Hyr \u201cGo31\u201d dhe \u201c<a href=\"mailto:Go31Now@gmail.com\">Go31Now@gmail.com<\/a>\u201d si \u201cmiku bujar\u201d n\u00eb:<\/h5>\n<h5><a href=\"https:\/\/npl2025.org\/claim-your-copy\">NPL2025.org\/claim-your-copy<\/a><\/h5>\n<\/li>\n<\/ol>\n<\/li>\n<\/ul>\n<p>&nbsp;<\/p>\n<p>&nbsp;<\/p>\n<p><em><strong>Mendoj se duhet t\u00eb p\u00ebrfshijm\u00eb pak m\u00eb shum\u00eb udh\u00ebzim.<\/strong><\/em><\/p>\n<p><i><span style=\"font-weight: 400;\"><img loading=\"lazy\" decoding=\"async\" class=\"alignleft wp-image-397 img-responsive img-shadow\" src=\"http:\/\/fpg.gremza.al\/wp-content\/uploads\/2022\/04\/image62-666x1024.png\" alt=\"\" width=\"418\" height=\"643\" srcset=\"https:\/\/blessfrontierpeoples.org\/al\/wp-content\/uploads\/2022\/04\/image62-666x1024.png 666w, https:\/\/blessfrontierpeoples.org\/al\/wp-content\/uploads\/2022\/04\/image62-195x300.png 195w, https:\/\/blessfrontierpeoples.org\/al\/wp-content\/uploads\/2022\/04\/image62-768x1181.png 768w, https:\/\/blessfrontierpeoples.org\/al\/wp-content\/uploads\/2022\/04\/image62.png 778w\" sizes=\"auto, (max-width: 418px) 100vw, 418px\" \/><\/span><\/i><\/p>\n<p><em>T\u00eb gjitha familjet mbi tok\u00eb do t\u00eb bekohen p\u00ebrmes teje.<\/em><br \/>\n<em>Zanafilla 12:3<\/em><\/p>\n<p><em>Nj\u00eb ftes\u00eb p\u00ebr trupin global t\u00eb Krishtit q\u00eb t\u00eb lutet p\u00ebr 31 Grupet m\u00eb t\u00eb M\u00ebdha t\u00eb Popujve Kufitar\u00eb<\/em><\/p>\n<p><em>Ky udh\u00ebzues lutjeje \u00ebsht\u00eb nj\u00eb dhurat\u00eb p\u00ebr trupin e Krishtit, fryt i bashk\u00ebpunimit t\u00eb k\u00ebtyre organizatave dhe rrjeteve:<\/em><\/p>\n<p><em>Koalicioni 24:14<\/em><\/p>\n<p><em>24:14 Inherit the Nations<\/em><\/p>\n<p><em>Alliance for the Unreached<\/em><\/p>\n<p><em>Beyond<\/em><\/p>\n<p><em>L\u00ebvizja Ethn\u00ea<\/em><\/p>\n<p><em>Fellowship of Prayer Strategists<\/em><\/p>\n<p><em>Frontier Ventures<\/em><\/p>\n<p><em>Frontiers<\/em><\/p>\n<p><em>GoDecade<\/em><\/p>\n<p><em>Great Commission Community<\/em><\/p>\n<p><em>International Prayer Connect<\/em><\/p>\n<p><em>International Prayer Council<\/em><\/p>\n<p><em>Joshua Project<\/em><\/p>\n<p><em>Light of the World Prayer Center<\/em><\/p>\n<p><em>Mission Network \/ MultMove.net<\/em><\/p>\n<p><em>Perspectives<\/em><\/p>\n<p><em>Telos Fellowship<\/em><\/p>\n<p><em>The Seed Company \/ Pray for Zero<\/em><\/p>\n<p><em>International Orality Network<\/em><\/p>\n<p><em>\u2026 dhe shum\u00eb t\u00eb tjer\u00eb.<\/em><\/p>\n<p><em>\u201cKur Jezusi i pa turmat, pati dhembshuri p\u00ebr ta.\u201d <\/em><em>(Mateu 9:36)<\/em><\/p>\n<p><em>N\u00eb k\u00ebt\u00eb broshur\u00eb, ne bashkohemi me Atin Qiellor n\u00eb rrug\u00ebt dhe sht\u00ebpit\u00eb e popujve t\u00eb harruar, p\u00ebr t\u2019i \u201cpar\u00eb\u201d bijt\u00eb dhe bijat e Tij me syt\u00eb e Tij.<\/em><\/p>\n<p><em>\u201cPrandaj lutuni me ngulm q\u00eb Zoti i korrjes t\u00eb nxjerr\u00eb pun\u00ebtor\u00eb n\u00eb korrjen e vet.\u201d <\/em><em>(Mateu 9:38)<\/em><\/p>\n<p><em>Vizito <a href=\"https:\/\/www.go31.org\/\">go31.org<\/a> p\u00ebr t\u00eb:<\/em><\/p>\n<ul>\n<li><em>Shkarkuar versionin elektronik m\u00eb t\u00eb fundit (gjithmon\u00eb falas)<\/em><\/li>\n<li><em>Lexuar historin\u00eb pas k\u00ebtij udh\u00ebzuesi lutjeje<\/em><\/li>\n<li><em>K\u00ebrkuar nj\u00eb kopje shqyrtimi falas<\/em><\/li>\n<li><em>M\u00ebsuar m\u00eb shum\u00eb p\u00ebr vepr\u00ebn q\u00eb Zoti po b\u00ebn sot<\/em><\/li>\n<li><em>Porositur kopje t\u00eb printuara t\u00eb udh\u00ebzuesit Lutu p\u00ebr 31<\/em><\/li>\n<\/ul>\n<p><em>\ud83d\udce7 Pyetje? Shkruaj n\u00eb: <a href=\"mailto:go31now@gmail.com\">go31now@gmail.com<\/a><\/em><\/p>\n<p><strong><em>ISBN: 978-0-9969652-6-2 \u2013 50499<\/em><\/strong><\/p>\n<p><i>\u00a0<\/i><\/p>\n<p>&nbsp;<\/p>\n","protected":false},"excerpt":{"rendered":"<p>\u00c7do dit\u00eb, mij\u00ebra besimtar\u00eb bashkohen n\u00eb lutje p\u00ebr nj\u00eb grup njer\u00ebzish, pastaj t\u00eb nes\u00ebrmen b\u00ebjn\u00eb t\u00eb nj\u00ebjt\u00ebn gj\u00eb p\u00ebr nj\u00eb [&hellip;]<\/p>\n","protected":false},"author":1,"featured_media":0,"parent":0,"menu_order":0,"comment_status":"closed","ping_status":"closed","template":"","meta":{"_acf_changed":false,"footnotes":""},"class_list":["post-395","page","type-page","status-publish","hentry"],"acf":{"show_to_menu":false},"_links":{"self":[{"href":"https:\/\/blessfrontierpeoples.org\/al\/wp-json\/wp\/v2\/pages\/395","targetHints":{"allow":["GET"]}}],"collection":[{"href":"https:\/\/blessfrontierpeoples.org\/al\/wp-json\/wp\/v2\/pages"}],"about":[{"href":"https:\/\/blessfrontierpeoples.org\/al\/wp-json\/wp\/v2\/types\/page"}],"author":[{"embeddable":true,"href":"https:\/\/blessfrontierpeoples.org\/al\/wp-json\/wp\/v2\/users\/1"}],"replies":[{"embeddable":true,"href":"https:\/\/blessfrontierpeoples.org\/al\/wp-json\/wp\/v2\/comments?post=395"}],"version-history":[{"count":10,"href":"https:\/\/blessfrontierpeoples.org\/al\/wp-json\/wp\/v2\/pages\/395\/revisions"}],"predecessor-version":[{"id":1215,"href":"https:\/\/blessfrontierpeoples.org\/al\/wp-json\/wp\/v2\/pages\/395\/revisions\/1215"}],"wp:attachment":[{"href":"https:\/\/blessfrontierpeoples.org\/al\/wp-json\/wp\/v2\/media?parent=395"}],"curies":[{"name":"wp","href":"https:\/\/api.w.org\/{rel}","templated":true}]}}