{"id":407,"date":"2022-04-28T15:23:02","date_gmt":"2022-04-28T15:23:02","guid":{"rendered":"http:\/\/fpg.gremza.al\/?page_id=407"},"modified":"2025-06-09T23:03:19","modified_gmt":"2025-06-09T23:03:19","slug":"thirty-one-significant-people-groups","status":"publish","type":"page","link":"https:\/\/blessfrontierpeoples.org\/al\/thirty-one-significant-people-groups\/","title":{"rendered":"Tridhjet\u00eb e nj\u00eb Grupe t\u00eb R\u00ebnd\u00ebsishme t\u00eb Popujve!"},"content":{"rendered":"<p><strong>Tridhjet\u00eb e nj\u00eb Grupe t\u00eb R\u00ebnd\u00ebsishme t\u00eb Popujve!<\/strong><\/p>\n<p>Faleminderit q\u00eb po bashkoheni n\u00eb lutje p\u00ebr gati nj\u00eb miliard njer\u00ebz q\u00eb jetojn\u00eb n\u00eb k\u00ebto tridhjet\u00eb e nj\u00eb Grupe t\u00eb Popujve t\u00eb Kufirit (FPGs),\u00a0 secili me mbi 10 milion banor\u00eb, ku praktikisht nuk ka asnj\u00eb p\u00ebrparim t\u00eb ungjillit mes tyre.<\/p>\n<p>Grupet e Popujve t\u00eb Kufirit jan\u00eb ata q\u00eb nuk kan\u00eb asnj\u00eb shenj\u00eb t\u00eb kuptimit se mesazhi i Jezusit \u00ebsht\u00eb p\u00ebr ta. Shpesh kjo ndodh sepse askush nuk u ka folur ende, ose sepse jan\u00eb paralajm\u00ebruar kund\u00ebr Jezusit me informacione t\u00eb rreme. Ata nuk kan\u00eb l\u00ebvizje indigjene t\u00eb njohura drejt Jezusit dhe vet\u00ebm 0.1% ose m\u00eb pak t\u00eb krishter\u00eb t\u00eb \u00e7do lloj forme jetojn\u00eb mes tyre (shih faqen 52 p\u00ebr p\u00ebrkufizimin e plot\u00eb).<\/p>\n<p>&nbsp;<\/p>\n<p><strong>P\u00ebrparim i Madh n\u00eb vet\u00ebm 50 vjet!<\/strong><\/p>\n<p>N\u00eb vitet e fundit, lajmi i mir\u00eb i Jezusit \u00ebsht\u00eb p\u00ebrhapur me shpejt\u00ebsi n\u00eb mbar\u00eb bot\u00ebn! M\u00eb pak se 50 vjet m\u00eb par\u00eb, gjysma e popullsis\u00eb s\u00eb bot\u00ebs jetonte n\u00eb grupe njer\u00ebzish pa asnj\u00eb l\u00ebvizje t\u00eb njohur t\u00eb Jezusit. Tani, vet\u00ebm nj\u00eb e kat\u00ebrta e njer\u00ebzve n\u00eb bot\u00eb jetojn\u00eb n\u00eb Grupet e Popujve t\u00eb Kufirit (FPGs).<\/p>\n<p>Jezusi ka nd\u00ebrtuar komunitete familjare besimtare n\u00eb shum\u00eb grupe njer\u00ebzish q\u00eb m\u00eb par\u00eb ishin t\u00eb paarritur. Dhe **\u201cnjer\u00ebzit e paqes\u201d** (Mateu 10:11; Luka 10:6) kan\u00eb mir\u00ebpritur ndjek\u00ebsit e Jezusit n\u00eb familjet e tyre p\u00ebr t&#8217;u d\u00ebgjuar p\u00ebr Jezusin. Familjet d\u00ebgjojn\u00eb dhe m\u00eb pas shp\u00ebrndajn\u00eb lajmin e mir\u00eb me shpejt\u00ebsi te t\u00eb af\u00ebrmit dhe miqt\u00eb. Jezusi thot\u00eb n\u00eb Mateu 24:14 se mesazhi i Tij do t\u00eb shpallet te t\u00eb gjith\u00eb popujt e tok\u00ebs para se t\u00eb vij\u00eb fundi.<\/p>\n<p>&nbsp;<\/p>\n<p><strong>\u00c7far\u00eb mbetet ende p\u00ebr t&#8217;u b\u00ebr\u00eb?<\/strong><\/p>\n<p>Pavar\u00ebsisht k\u00ebtij p\u00ebrparimi, disa grupe njer\u00ebzish ende mbeten jasht\u00eb k\u00ebtij bekimi dhe humbin trash\u00ebgimin\u00eb e tyre n\u00eb mbret\u00ebrin\u00eb e Per\u00ebndis\u00eb. Duhet t\u00eb lutemi p\u00ebr k\u00ebto Grupi t\u00eb Popujve t\u00eb Kufirit (FPGs), ve\u00e7an\u00ebrisht p\u00ebr 31 grupet m\u00eb t\u00eb m\u00ebdha, pasi besimi i tyre do t\u00eb ndikoj\u00eb qindra grupe m\u00eb t\u00eb vogla. Shumica e k\u00ebtyre popujve jetojn\u00eb n\u00eb kushte t\u00eb v\u00ebshtira q\u00eb i pengojn\u00eb t\u00eb njohin Jezusin. Prandaj, kemi p\u00ebrfshir\u00eb njohuri p\u00ebr t&#8217;ju ndihmuar t\u00eb luteni q\u00eb Per\u00ebndia t\u00eb sh\u00ebroj\u00eb familjet e tyre dhe t\u00eb sjell\u00eb jet\u00eb t\u00eb re n\u00eb komunitetet e tyre. Nd\u00ebrsa luteni p\u00ebr ta, urojm\u00eb q\u00eb Zoti t&#8217;ju mbush\u00eb me dashurin\u00eb e Tij p\u00ebr ta, duke ju treguar vler\u00ebn e madhe q\u00eb kan\u00eb n\u00eb syt\u00eb e Tij.<\/p>\n<p>Faleminderit q\u00eb po bashkoheni n\u00eb lutje p\u00ebr gati nj\u00eb miliard njer\u00ebz, q\u00eb t\u00eb marrin bekimin q\u00eb Per\u00ebndia premtoi p\u00ebr t\u00eb gjitha familjet e dheut p\u00ebrmes Abrahamit (Zanafilla 12:3).<\/p>\n<p><em>\u201cSi mund ta th\u00ebrrasin at\u00eb n\u00eb t\u00eb cilin nuk kan\u00eb besuar? Dhe si mund t\u00eb besojn\u00eb n\u00eb at\u00eb p\u00ebr t\u00eb cilin nuk kan\u00eb d\u00ebgjuar? Dhe si mund t\u00eb d\u00ebgjojn\u00eb pa pasur dik\u00eb q\u00eb t\u2019ua predikoj\u00eb?\u201d<\/em><br \/>\n<em>(Romak\u00ebve 10:14)<\/em><\/p>\n<p>&nbsp;<\/p>\n<p><strong>Zemra e Per\u00ebndis\u00eb p\u00ebr t\u00eb gjith\u00eb popujt!<\/strong><\/p>\n<p>Pothuajse <strong>1 miliard<\/strong> njer\u00ebz\u2014pothuajse sa e gjith\u00eb popullsia e Grupeve t\u00eb Popujve t\u00eb Kufirit (FPGs)\u2014jetojn\u00eb n\u00eb <strong>31 grupet<\/strong> p\u00ebr t\u00eb cilat do t\u00eb luteni. K\u00ebto grupe jan\u00eb renditur sipas nevoj\u00ebs s\u00eb tyre, nga m\u00eb e madhja tek m\u00eb e vogla, duke marr\u00eb parasysh <strong>popullsin\u00eb e tyre, nevoj\u00ebn p\u00ebr pun\u00ebtor\u00eb, izolimin dhe p\u00ebrndjekjen<\/strong>\u00a0q\u00eb p\u00ebrjetojn\u00eb.<\/p>\n<p>Zemra e Per\u00ebndis\u00eb p\u00ebr t\u00eb gjith\u00eb popujt<\/p>\n<p>D\u00ebshira e Per\u00ebndis\u00eb \u00ebsht\u00eb t\u00eb <strong>bekoj\u00eb t\u00eb gjitha familjet e dheut<\/strong>. Ai ia premtoi k\u00ebt\u00eb Abrahamit<strong> 4,000 vjet m\u00eb par\u00eb<\/strong>\u00a0dhe ka treguar p\u00ebrmes profet\u00ebve t\u00eb Tij se <strong>njer\u00ebz nga \u00e7do fis, gjuh\u00eb dhe komb<\/strong>\u00a0do t\u00eb jen\u00eb para fronit t\u00eb Tij n\u00eb dit\u00ebt e fundit.<\/p>\n<p>Shpresojm\u00eb q\u00eb ky <strong>udh\u00ebzues lutjesh<\/strong> t\u00eb <strong>ngrej\u00eb lutje anemban\u00eb bot\u00ebs<\/strong>\u00a0dhe t\u00eb d\u00ebrgoj\u00eb <strong>shum\u00eb d\u00ebshmitar\u00eb t\u00eb rinj<\/strong>\u00a0te <strong>1\/4 e popullsis\u00eb s\u00eb bot\u00ebs<\/strong>\u00a0(2 miliard\u00eb njer\u00ebz) q\u00eb <em>ende jetojn\u00eb n\u00eb FPGs pa asnj\u00eb shenj\u00eb se lajmi i mir\u00eb i Jezusit po p\u00ebrhapet mes tyre<\/em>.<\/p>\n<p><em>Sa mund\u00ebsi e mrekullueshme kemi p\u00ebr t\u00eb sjell\u00eb bekimin e Per\u00ebndis\u00eb te 25% e bot\u00ebs n\u00eb dit\u00ebt tona!<\/em><\/p>\n<p><strong>Pse \u00ebsht\u00eb kaq e r\u00ebnd\u00ebsishme t\u00eb lutemi p\u00ebr k\u00ebto 31 grupe?<\/strong><\/p>\n<p>Pothuajse gjysma e k\u00ebtyre 2 miliard\u00eb njer\u00ebzve jetojn\u00eb brenda k\u00ebtyre 31 grupeve m\u00eb t\u00eb m\u00ebdha t\u00eb Popujve t\u00eb Kufirit (FPGs), secili me mbi 10 milion banor\u00eb. Besohet se l\u00ebvizjet drejt Jezusit n\u00eb k\u00ebto 31 grupe m\u00eb t\u00eb m\u00ebdha do t\u00eb p\u00ebrhapin lajmin e mir\u00eb t\u00eb Jezusit te grupet m\u00eb t\u00eb vogla t\u00eb FPG-ve q\u00eb jetojn\u00eb pran\u00eb tyre.<\/p>\n<p>Shumica e k\u00ebtyre 31 grupeve p\u00ebrballen me sfida t\u00eb v\u00ebshtira politike dhe ekonomike, me mund\u00ebsi t\u00eb kufizuara p\u00ebr familjet e tyre. Ndjekja e Jezusit sjell qasje n\u00eb fuqin\u00eb dhe rrug\u00ebn e Per\u00ebndis\u00eb p\u00ebrmes Fjal\u00ebs s\u00eb Tij, shpesh duke p\u00ebrmir\u00ebsuar marr\u00ebdh\u00ebniet familjare, shkall\u00ebn e arsimimit dhe standardet e jetes\u00ebs, duke reduktuar var\u00ebsin\u00eb, dhun\u00ebn dhe varf\u00ebrin\u00eb.<\/p>\n<p><strong>Pse Grupet e Popujve t\u00eb Kufirit jan\u00eb t\u00eb neglizhuara?<\/strong><\/p>\n<p>Pjesa m\u00eb e madhe e lutjeve, dh\u00ebnies dhe pun\u00ebs s\u00eb misionar\u00ebve fokusohet n\u00eb forcimin e komuniteteve t\u00eb krishtera ku tashm\u00eb ka besimtar\u00eb. Vet\u00ebm nj\u00eb pjes\u00eb e vog\u00ebl, rreth 1 p\u00ebr qind, shkon p\u00ebr FPGs\u2014at\u00eb \u00e7erek t\u00eb bot\u00ebs ku besimi n\u00eb Jezus ende nuk njihet ose \u00ebsht\u00eb perceptuar si di\u00e7ka e huaj.<\/p>\n<p>Shum\u00eb popuj t\u00eb kufirit jetojn\u00eb n\u00eb vende t\u00eb v\u00ebshtira gjeografikisht, politikisht ose kulturorisht, duke u b\u00ebr\u00eb t\u00eb paarritur nga lajmi i mir\u00eb. Si rezultat, shum\u00eb prej tyre nuk kan\u00eb d\u00ebgjuar p\u00ebr Jezusin, ose e kan\u00eb keqkuptuar si nj\u00eb per\u00ebndi t\u00eb nj\u00eb feje t\u00eb huaj.<\/p>\n<p><em>Lutuni q\u00eb k\u00ebto popuj t\u00eb marrin mund\u00ebsin\u00eb t\u00eb njohin dashurin\u00eb e Jezusit, duke u prekur nga bekimi dhe hiri i Per\u00ebndis\u00eb.<\/em><\/p>\n<p><strong>Pse jan\u00eb t\u00eb nevojshme l\u00ebvizjet e Jezusit?<\/strong><\/p>\n<p>N\u00eb shumic\u00ebn e Grupeve t\u00eb Popujve t\u00eb Kufirit (FPGs), mesazhi i v\u00ebrtet\u00eb i Jezusit nuk po d\u00ebgjohet ose kuptohet. Ata e ngat\u00ebrrojn\u00eb Jezusin me Krishterimin, q\u00eb shihet si nj\u00eb forc\u00eb e fuqishme politike\/fetare per\u00ebndimore q\u00eb k\u00ebrkon t\u00eb minoj\u00eb identitetin e tyre si popull. Por Jezusi tha se Per\u00ebndia po k\u00ebrkon t\u00eb gjith\u00eb ata q\u00eb do ta adhurojn\u00eb \u201cn\u00eb frym\u00eb dhe n\u00eb t\u00eb v\u00ebrtet\u00eb\u201d (Gjoni 4). L\u00ebvizjet jan\u00eb t\u00eb nevojshme n\u00eb FPGs p\u00ebr t\u00eb sjell\u00eb dashurin\u00eb dhe fuqin\u00eb e Jezusit p\u00ebr t\u00eb forcuar familjet dhe komunitetet, pa i p\u00ebr\u00e7ar\u00eb ato. L\u00ebvizjet e Jezusit q\u00eb p\u00ebrhapen me shpejt\u00ebsi do t\u00eb bekojn\u00eb t\u00eb gjith\u00eb familjet, ashtu si n\u00eb librin e Veprave t\u00eb Apostujve.<\/p>\n<p>D\u00ebshira e Per\u00ebndis\u00eb \u00ebsht\u00eb t\u00eb bekoj\u00eb t\u00eb gjitha grupet e njer\u00ebzve n\u00eb tok\u00eb. Persekutimi dhe sfidat mund t\u00eb vazhdojn\u00eb, por Fryma e Per\u00ebndis\u00eb do t\u00eb sjell\u00eb shpres\u00eb dhe ndihm\u00eb p\u00ebr familjet p\u00ebrmes k\u00ebsaj jete t\u00eb re. Lavdia dhe dashuria e Per\u00ebndis\u00eb do t\u00eb shfaqen nd\u00ebrsa k\u00ebto 31 FPGs, t\u00eb cil\u00ebt aktualisht kan\u00eb pak njohuri p\u00ebr T\u00eb, do t\u00eb hyjn\u00eb n\u00eb nj\u00eb marr\u00ebdh\u00ebnie me T\u00eb p\u00ebrmes Jezusit.<\/p>\n","protected":false},"excerpt":{"rendered":"<p>Tridhjet\u00eb e nj\u00eb Grupe t\u00eb R\u00ebnd\u00ebsishme t\u00eb Popujve! Faleminderit q\u00eb po bashkoheni n\u00eb lutje p\u00ebr gati nj\u00eb miliard njer\u00ebz q\u00eb [&hellip;]<\/p>\n","protected":false},"author":1,"featured_media":0,"parent":0,"menu_order":0,"comment_status":"closed","ping_status":"closed","template":"","meta":{"_acf_changed":false,"footnotes":""},"class_list":["post-407","page","type-page","status-publish","hentry"],"acf":{"show_to_menu":false},"_links":{"self":[{"href":"https:\/\/blessfrontierpeoples.org\/al\/wp-json\/wp\/v2\/pages\/407","targetHints":{"allow":["GET"]}}],"collection":[{"href":"https:\/\/blessfrontierpeoples.org\/al\/wp-json\/wp\/v2\/pages"}],"about":[{"href":"https:\/\/blessfrontierpeoples.org\/al\/wp-json\/wp\/v2\/types\/page"}],"author":[{"embeddable":true,"href":"https:\/\/blessfrontierpeoples.org\/al\/wp-json\/wp\/v2\/users\/1"}],"replies":[{"embeddable":true,"href":"https:\/\/blessfrontierpeoples.org\/al\/wp-json\/wp\/v2\/comments?post=407"}],"version-history":[{"count":4,"href":"https:\/\/blessfrontierpeoples.org\/al\/wp-json\/wp\/v2\/pages\/407\/revisions"}],"predecessor-version":[{"id":1243,"href":"https:\/\/blessfrontierpeoples.org\/al\/wp-json\/wp\/v2\/pages\/407\/revisions\/1243"}],"wp:attachment":[{"href":"https:\/\/blessfrontierpeoples.org\/al\/wp-json\/wp\/v2\/media?parent=407"}],"curies":[{"name":"wp","href":"https:\/\/api.w.org\/{rel}","templated":true}]}}