{"id":410,"date":"2022-04-28T15:27:15","date_gmt":"2022-04-28T15:27:15","guid":{"rendered":"http:\/\/fpg.gremza.al\/?page_id=410"},"modified":"2025-06-09T22:55:49","modified_gmt":"2025-06-09T22:55:49","slug":"the-31-largest-frontier-people-groups-map","status":"publish","type":"page","link":"https:\/\/blessfrontierpeoples.org\/al\/the-31-largest-frontier-people-groups-map\/","title":{"rendered":"Harta e 31 Grupeve m\u00eb t\u00eb M\u00ebdha t\u00eb Popujve t\u00eb Kufirit"},"content":{"rendered":"<p><img loading=\"lazy\" decoding=\"async\" class=\"aligncenter wp-image-391 size-full img-responsive img-shadow\" src=\"http:\/\/fpg.gremza.al\/wp-content\/uploads\/2022\/04\/image31.png\" alt=\"\" width=\"1999\" height=\"1096\" srcset=\"https:\/\/blessfrontierpeoples.org\/al\/wp-content\/uploads\/2022\/04\/image31.png 1999w, https:\/\/blessfrontierpeoples.org\/al\/wp-content\/uploads\/2022\/04\/image31-300x164.png 300w, https:\/\/blessfrontierpeoples.org\/al\/wp-content\/uploads\/2022\/04\/image31-1024x561.png 1024w, https:\/\/blessfrontierpeoples.org\/al\/wp-content\/uploads\/2022\/04\/image31-768x421.png 768w, https:\/\/blessfrontierpeoples.org\/al\/wp-content\/uploads\/2022\/04\/image31-1536x842.png 1536w\" sizes=\"auto, (max-width: 1999px) 100vw, 1999px\" \/><\/p>\n<p>K\u00ebto grupe njer\u00ebzish jan\u00eb renditur nga nevoja m\u00eb e madhe te ajo m\u00eb e vog\u00ebl, duke marr\u00eb parasysh popullsin\u00eb e grupit, nevoj\u00ebn p\u00ebr pun\u00ebtor\u00eb, si dhe izolimin dhe p\u00ebrndjekjen q\u00eb p\u00ebrjetojn\u00eb.<\/p>\n<p><img loading=\"lazy\" decoding=\"async\" class=\"aligncenter wp-image-412 size-full img-responsive img-shadow\" src=\"http:\/\/fpg.gremza.al\/wp-content\/uploads\/2022\/04\/image54.png\" alt=\"\" width=\"1436\" height=\"846\" srcset=\"https:\/\/blessfrontierpeoples.org\/al\/wp-content\/uploads\/2022\/04\/image54.png 1436w, https:\/\/blessfrontierpeoples.org\/al\/wp-content\/uploads\/2022\/04\/image54-300x177.png 300w, https:\/\/blessfrontierpeoples.org\/al\/wp-content\/uploads\/2022\/04\/image54-1024x603.png 1024w, https:\/\/blessfrontierpeoples.org\/al\/wp-content\/uploads\/2022\/04\/image54-768x452.png 768w\" sizes=\"auto, (max-width: 1436px) 100vw, 1436px\" \/><\/p>\n<p>Hulumtimi i m\u00ebtejsh\u00ebm mund t\u00eb tregoj\u00eb se disa ose t\u00eb gjitha k\u00ebto grupe njer\u00ebzish jan\u00eb t\u00eb lidhura, por ende grupe t\u00eb ve\u00e7anta, secili duke pasur nevoj\u00eb p\u00ebr nj\u00eb ose m\u00eb shum\u00eb l\u00ebvizje ungjillore.<\/p>\n<p>P\u00ebr hart\u00ebn e plot\u00eb dhe list\u00ebn e grupeve t\u00eb popujve, vizitoni:\u00a0<strong><a href=\"https:\/\/joshuaproject.net\/frontier\/5\"><span style=\"font-weight: 300;\">joshuaproject.net\/frontier\/5<\/span><\/a><\/strong><\/p>\n","protected":false},"excerpt":{"rendered":"<p>K\u00ebto grupe njer\u00ebzish jan\u00eb renditur nga nevoja m\u00eb e madhe te ajo m\u00eb e vog\u00ebl, duke marr\u00eb parasysh popullsin\u00eb e [&hellip;]<\/p>\n","protected":false},"author":1,"featured_media":0,"parent":0,"menu_order":0,"comment_status":"closed","ping_status":"closed","template":"","meta":{"_acf_changed":false,"footnotes":""},"class_list":["post-410","page","type-page","status-publish","hentry"],"acf":{"show_to_menu":false},"_links":{"self":[{"href":"https:\/\/blessfrontierpeoples.org\/al\/wp-json\/wp\/v2\/pages\/410","targetHints":{"allow":["GET"]}}],"collection":[{"href":"https:\/\/blessfrontierpeoples.org\/al\/wp-json\/wp\/v2\/pages"}],"about":[{"href":"https:\/\/blessfrontierpeoples.org\/al\/wp-json\/wp\/v2\/types\/page"}],"author":[{"embeddable":true,"href":"https:\/\/blessfrontierpeoples.org\/al\/wp-json\/wp\/v2\/users\/1"}],"replies":[{"embeddable":true,"href":"https:\/\/blessfrontierpeoples.org\/al\/wp-json\/wp\/v2\/comments?post=410"}],"version-history":[{"count":3,"href":"https:\/\/blessfrontierpeoples.org\/al\/wp-json\/wp\/v2\/pages\/410\/revisions"}],"predecessor-version":[{"id":1241,"href":"https:\/\/blessfrontierpeoples.org\/al\/wp-json\/wp\/v2\/pages\/410\/revisions\/1241"}],"wp:attachment":[{"href":"https:\/\/blessfrontierpeoples.org\/al\/wp-json\/wp\/v2\/media?parent=410"}],"curies":[{"name":"wp","href":"https:\/\/api.w.org\/{rel}","templated":true}]}}