{"id":414,"date":"2022-04-28T15:27:45","date_gmt":"2022-04-28T15:27:45","guid":{"rendered":"http:\/\/fpg.gremza.al\/?page_id=414"},"modified":"2025-06-09T21:59:23","modified_gmt":"2025-06-09T21:59:23","slug":"praying-for-frontier-people-groups","status":"publish","type":"page","link":"https:\/\/blessfrontierpeoples.org\/al\/praying-for-frontier-people-groups\/","title":{"rendered":"Lutu p\u00ebr Grupet e njer\u00ebzve t\u00eb Paarritur"},"content":{"rendered":"<p>N\u00eb faqen p\u00ebrball\u00eb do t\u00eb shihni se pothuajse 33% e bot\u00ebs identifikohet si t\u00eb krishter\u00eb, dhe nj\u00eb e treta prej tyre p\u00ebrpiqen t\u00eb jetojn\u00eb p\u00ebr Jezusin. Ata mund t\u00eb ndikojn\u00eb te njer\u00ebzit p\u00ebrreth tyre, duke p\u00ebrfshir\u00eb edhe jobesimtar\u00ebt n\u00eb kulturat e tyre. Prandaj, grupet e njer\u00ebzve n\u00eb k\u00ebto zona nuk konsiderohen si \u201c<strong>t\u00eb paarritur<\/strong>\u201d.<\/p>\n<p><strong>Grupet e njer\u00ebzve t\u00eb Paarritur<\/strong> ndahen n\u00eb dy kategori: nj\u00ebra ka pasur disa p\u00ebrparime me ungjillin (15% e bot\u00ebs), dhe tjetra p\u00ebrfshin <strong>Grupet e Popujve t\u00eb Kufirit<\/strong> pa asnj\u00eb p\u00ebrparim (25% e bot\u00ebs). Vini re se shumica e Grupeve t\u00eb Popujve t\u00eb Kufirit ndodhen n\u00eb vendet me shumic\u00eb myslimane dhe n\u00eb Indi. Gjysma e t\u00eb gjith\u00eb njer\u00ebzve q\u00eb jetojn\u00eb n\u00eb Grupet e Popujve t\u00eb Kufirit p\u00ebrfaq\u00ebsohen nga grupet e njer\u00ebzve t\u00eb p\u00ebrmendura n\u00eb k\u00ebt\u00eb broshur\u00eb, rreth 1 miliard njer\u00ebz.<\/p>\n<p>Ju lutemi, bashkohuni me mij\u00ebra ndjek\u00ebs t\u00eb Jezusit anemban\u00eb bot\u00ebs n\u00eb lutjen globale p\u00ebr t\u00eb sjell\u00eb bekimin e Per\u00ebndis\u00eb p\u00ebrmes l\u00ebvizjeve t\u00eb Jezusit te k\u00ebto grupe m\u00eb t\u00eb m\u00ebdha t\u00eb popujve n\u00eb kufi (FPGs).<\/p>\n<ul>\n<li>K\u00ebrkojini Per\u00ebndis\u00eb t\u00eb ndez\u00eb zemrat tona me dashurin\u00eb e Tij p\u00ebr familjet n\u00eb k\u00ebto grupe. Per\u00ebndia ka premtuar n\u00eb m\u00ebnyr\u00eb t\u00eb p\u00ebrs\u00ebritur t\u00eb bekoj\u00eb t\u00eb gjitha familjet e tok\u00ebs (Zanafilla 12:2-3, 18:18, 22:18, 28:14; Veprat e Apostujve 3:25; Galatasve 3:8).<\/li>\n<li>Thirrini Per\u00ebndis\u00eb q\u00eb t\u00eb d\u00ebrgoj\u00eb pun\u00ebtor\u00eb n\u00eb qytetet dhe rajonet e tyre, si\u00e7 na urdh\u00ebroi Jezusi (Mateu 9:38). Lutuni q\u00eb pun\u00ebtor\u00ebt t\u00eb shohin korrjen e pjekur, ata q\u00eb zemrat e tyre jan\u00eb p\u00ebrgatitur nga Fryma e Shenjt\u00eb p\u00ebr t\u00eb d\u00ebgjuar z\u00ebrin e Tij (Gjoni 4:36; Gjoni 6:44; 2 Timoteut 4:2).<\/li>\n<li>Fal\u00ebnderoni Per\u00ebndin\u00eb q\u00eb Jezusi ka t\u00eb gjith\u00eb autoritetin n\u00eb qiell dhe n\u00eb tok\u00eb, dhe nd\u00ebrsa na urdh\u00ebron t\u00eb b\u00ebjm\u00eb dishepuj nga t\u00eb gjith\u00eb popujt, Ai do t\u00eb shkoj\u00eb me ne deri n\u00eb skajet e tok\u00ebs dhe koh\u00ebrave (Mateu 28:18-20).<\/li>\n<\/ul>\n<p>Lutuni q\u00eb asnj\u00eb grup njer\u00ebzish t\u00eb mos mbetet jasht\u00eb, por q\u00eb t\u00eb gjith\u00eb t\u00eb adoptohen p\u00ebr lutje dhe p\u00ebrhapje t\u00eb ungjillit (Mateu 9:37-38; 2 Korintasve 10:16; 2 Pjetrit 3:9; Zbulesa 7:9).<\/p>\n<ul>\n<li>K\u00ebrkojini Frym\u00ebs s\u00eb Shenjt\u00eb t\u00eb hap\u00eb syt\u00eb dhe zemr\u00ebn tuaj p\u00ebr nevojat e \u00e7do FPG. Shikoni fotot dhe pyesni veten, \u201cA shoh dik\u00eb q\u00eb Per\u00ebndia e do?\u201d D\u00ebgjoni dhe lutuni derisa realiteti i jet\u00ebs s\u00eb tyre pa Jezusin t\u00eb b\u00ebhet nj\u00eb britm\u00eb e zemr\u00ebs suaj. Lutjet tona t\u00eb sugjeruara jan\u00eb vet\u00ebm nj\u00eb pik\u00ebnisje p\u00ebr ju. L\u00ebreni Per\u00ebndin\u00eb t&#8217;ju udh\u00ebheq\u00eb dhe drejtoj\u00eb.<\/li>\n<li>P\u00ebrdorni \u00e7do mund\u00ebsi p\u00ebr t&#8217;u treguar t\u00eb tjer\u00ebve p\u00ebr FPG-t\u00eb dhe p\u00ebr m\u00ebnyr\u00ebn se si ata pothuajse nuk kan\u00eb mund\u00ebsi t\u00eb d\u00ebgjojn\u00eb Ungjillin. Ndani k\u00ebt\u00eb nevoj\u00eb me kish\u00ebn tuaj, familjen, miqt\u00eb, fqinj\u00ebt, dhe madje edhe n\u00eb rrjetet sociale, duke i ftuar ata t\u00eb luten dhe t\u00eb avokojn\u00eb p\u00ebr FPG-t\u00eb (shihni faqen e burimeve).<\/li>\n<\/ul>\n<p>&nbsp;<\/p>\n<p>Ne shp\u00ebrqendrohemi leht\u00ebsisht nga gj\u00ebrat q\u00eb jan\u00eb m\u00eb t\u00eb r\u00ebnd\u00ebsishmet p\u00ebr Per\u00ebndin\u00eb. Kisha shpesh devijohet duke u p\u00ebrqendruar tek vetja dhe tek programet e saj t\u00eb ndryshme, dhe p\u00ebrpar\u00ebsia e k\u00ebtyre dy miliard\u00eb njer\u00ebzve n\u00eb grupet e popujve t\u00eb kufirit (FPGs) kalon n\u00eb plan t\u00eb dyt\u00eb. Megjithat\u00eb, k\u00ebta njer\u00ebz kan\u00eb nevoj\u00eb p\u00ebr koh\u00ebn ton\u00eb, v\u00ebmendjen ton\u00eb, lutjet tona dhe burimet tona p\u00ebr t&#8217;i sjell\u00eb te Krishti. Lutuni q\u00eb bekimi i Jezusit t\u00eb arrij\u00eb te t\u00eb gjith\u00eb FPG-t\u00eb.<\/p>\n<p><em>Sepse Per\u00ebndia e deshi aq bot\u00ebn, saq\u00eb dha Birin e Tij t\u00eb vet\u00ebmlindur, q\u00eb kushdo q\u00eb beson n\u00eb T\u00eb t\u00eb mos humbas\u00eb, por t\u00eb ket\u00eb jet\u00eb t\u00eb p\u00ebrjetshme. (Gjoni 3:16)<\/em><\/p>\n","protected":false},"excerpt":{"rendered":"<p>N\u00eb faqen p\u00ebrball\u00eb do t\u00eb shihni se pothuajse 33% e bot\u00ebs identifikohet si t\u00eb krishter\u00eb, dhe nj\u00eb e treta prej [&hellip;]<\/p>\n","protected":false},"author":1,"featured_media":0,"parent":0,"menu_order":0,"comment_status":"closed","ping_status":"closed","template":"","meta":{"_acf_changed":false,"footnotes":""},"class_list":["post-414","page","type-page","status-publish","hentry"],"acf":{"show_to_menu":true},"_links":{"self":[{"href":"https:\/\/blessfrontierpeoples.org\/al\/wp-json\/wp\/v2\/pages\/414","targetHints":{"allow":["GET"]}}],"collection":[{"href":"https:\/\/blessfrontierpeoples.org\/al\/wp-json\/wp\/v2\/pages"}],"about":[{"href":"https:\/\/blessfrontierpeoples.org\/al\/wp-json\/wp\/v2\/types\/page"}],"author":[{"embeddable":true,"href":"https:\/\/blessfrontierpeoples.org\/al\/wp-json\/wp\/v2\/users\/1"}],"replies":[{"embeddable":true,"href":"https:\/\/blessfrontierpeoples.org\/al\/wp-json\/wp\/v2\/comments?post=414"}],"version-history":[{"count":6,"href":"https:\/\/blessfrontierpeoples.org\/al\/wp-json\/wp\/v2\/pages\/414\/revisions"}],"predecessor-version":[{"id":1225,"href":"https:\/\/blessfrontierpeoples.org\/al\/wp-json\/wp\/v2\/pages\/414\/revisions\/1225"}],"wp:attachment":[{"href":"https:\/\/blessfrontierpeoples.org\/al\/wp-json\/wp\/v2\/media?parent=414"}],"curies":[{"name":"wp","href":"https:\/\/api.w.org\/{rel}","templated":true}]}}