{"id":416,"date":"2022-04-28T15:28:51","date_gmt":"2022-04-28T15:28:51","guid":{"rendered":"http:\/\/fpg.gremza.al\/?page_id=416"},"modified":"2025-06-09T21:26:15","modified_gmt":"2025-06-09T21:26:15","slug":"our-world-today-the-remaining-mission-task","status":"publish","type":"page","link":"https:\/\/blessfrontierpeoples.org\/al\/our-world-today-the-remaining-mission-task\/","title":{"rendered":"Bota Jon\u00eb Sot: Detyra e Mbetur e Misionit"},"content":{"rendered":"<p>Grafiku tregon ku jetojn\u00eb t\u00eb gjith\u00eb t\u00eb krishter\u00ebt dhe jo t\u00eb krishter\u00ebt n\u00eb bot\u00eb, p\u00ebrfshir\u00eb Grupet e Pakapshme dhe Grupet Kufitare t\u00eb Popullsis\u00eb. V\u00ebreji pjes\u00ebn me ngjyr\u00eb blu t\u00eb err\u00ebt, q\u00eb p\u00ebrfaq\u00ebson 25% t\u00eb bot\u00ebs n\u00eb Grupet Kufitare t\u00eb Popullsis\u00eb \u2014 q\u00eb jetojn\u00eb kryesisht n\u00eb vende me shumic\u00eb myslimane dhe n\u00eb Indi.<\/p>\n<h5><span style=\"font-weight: 400;\"><img loading=\"lazy\" decoding=\"async\" class=\"aligncenter wp-image-417  img-responsive img-shadow\" src=\"http:\/\/fpg.gremza.al\/wp-content\/uploads\/2022\/04\/image61.png\" alt=\"\" width=\"627\" height=\"627\" srcset=\"https:\/\/blessfrontierpeoples.org\/al\/wp-content\/uploads\/2022\/04\/image61.png 820w, https:\/\/blessfrontierpeoples.org\/al\/wp-content\/uploads\/2022\/04\/image61-300x300.png 300w, https:\/\/blessfrontierpeoples.org\/al\/wp-content\/uploads\/2022\/04\/image61-150x150.png 150w, https:\/\/blessfrontierpeoples.org\/al\/wp-content\/uploads\/2022\/04\/image61-768x768.png 768w, https:\/\/blessfrontierpeoples.org\/al\/wp-content\/uploads\/2022\/04\/image61-60x60.png 60w\" sizes=\"auto, (max-width: 627px) 100vw, 627px\" \/><\/span><\/h5>\n<p><span style=\"font-weight: 400;\"><img loading=\"lazy\" decoding=\"async\" class=\"aligncenter wp-image-418 size-full img-responsive img-shadow\" src=\"http:\/\/fpg.gremza.al\/wp-content\/uploads\/2022\/04\/image50.png\" alt=\"\" width=\"608\" height=\"276\" srcset=\"https:\/\/blessfrontierpeoples.org\/al\/wp-content\/uploads\/2022\/04\/image50.png 608w, https:\/\/blessfrontierpeoples.org\/al\/wp-content\/uploads\/2022\/04\/image50-300x136.png 300w\" sizes=\"auto, (max-width: 608px) 100vw, 608px\" \/><\/span><\/p>\n<p>&nbsp;<\/p>\n<p><em>Lutu p\u00ebr grupet e njer\u00ebzve q\u00eb jetojn\u00eb n\u00eb zonat e bot\u00ebs t\u00eb sh\u00ebnuara me blu. <\/em><\/p>\n<p><em>Kurr\u00eb m\u00eb par\u00eb nj\u00eb brez nuk ka pasur nj\u00eb mund\u00ebsi kaq t\u00eb madhe p\u00ebr t\u00eb korrur frytet, me nj\u00eb popullsi bot\u00ebrore prej 7.8 miliard\u00eb njer\u00ebzish, nj\u00eb korrje n\u00eb dit\u00ebt tona mund t\u00eb jet\u00eb m\u00eb e madhe se t\u00eb gjitha korrjet e brezave t\u00eb m\u00ebparsh\u00ebm t\u00eb bashkuara.<\/em><\/p>\n<p><em>Lutu q\u00eb brezi yn\u00eb t\u00eb ngrihet dhe t\u00eb p\u00ebrballoj\u00eb k\u00ebt\u00eb mund\u00ebsi t\u00eb jasht\u00ebzakonshme q\u00eb Zoti na ka dh\u00ebn\u00eb. T\u00eb mos rrim\u00eb duarkryq, por t\u00eb jemi pun\u00ebtor\u00eb t\u00eb zellsh\u00ebm n\u00eb t\u00eb korr\u00ebn shpirt\u00ebrore!<\/em><\/p>\n<ul>\n<li data-start=\"59\" data-end=\"276\">\n<p data-start=\"62\" data-end=\"276\"><strong data-start=\"62\" data-end=\"95\">Grupet e njer\u00ebzve t\u00eb arritur:<\/strong> K\u00ebto jan\u00eb grupet ku Ungjilli \u00ebsht\u00eb i njohur mir\u00eb dhe ka pasur ndikim t\u00eb duksh\u00ebm \u2014 q\u00eb do t\u00eb thot\u00eb se m\u00eb shum\u00eb se 2% jan\u00eb evangjelist\u00eb ose mbi 5% jan\u00eb t\u00eb krishter\u00eb q\u00eb e ndjekin fen\u00eb.<\/p>\n<\/li>\n<li data-start=\"278\" data-end=\"517\">\n<p data-start=\"281\" data-end=\"517\"><strong data-start=\"281\" data-end=\"312\">F\u00ebmij\u00ebt e Zotit (Rom 8:14):<\/strong> Kjo i referohet atyre q\u00eb udh\u00ebhiqen nga Fryma e Shenjt\u00eb. K\u00ebto shifra jan\u00eb vler\u00ebsime bazuar n\u00eb t\u00eb dh\u00ebnat e publikuara p\u00ebr evangjelist\u00ebt, karizmatik\u00ebt dhe pentekostalist\u00ebt \u2014 besimtar\u00ebt e udh\u00ebhequr nga Fryma.<\/p>\n<\/li>\n<li data-start=\"519\" data-end=\"799\">\n<p data-start=\"522\" data-end=\"799\"><strong data-start=\"522\" data-end=\"583\">Grupet e njer\u00ebzve t\u00eb paarritur (Unreached People Groups):<\/strong> Nj\u00eb grup quhet i pa-arrir\u00eb n\u00ebse plot\u00ebsohen dy kushte: nuk ka m\u00eb shum\u00eb se 2% evangjelist\u00eb dhe nuk ka m\u00eb shum\u00eb se 5% besimtar\u00eb t\u00eb krishter\u00eb n\u00eb p\u00ebrgjith\u00ebsi. N\u00ebse kalojn\u00eb nj\u00ebrin nga k\u00ebto kufij, konsiderohen t\u00eb arritura.<\/p>\n<\/li>\n<\/ul>\n<p>K\u00ebto jan\u00eb shifra t\u00eb rrumbullaktuara, bazuar n\u00eb t\u00eb dh\u00ebnat e publikuara dhe nj\u00eb popullsi bot\u00ebrore prej rreth 7.8 miliard\u00eb njer\u00ebz.<\/p>\n<p>&nbsp;<\/p>\n","protected":false},"excerpt":{"rendered":"<p>Grafiku tregon ku jetojn\u00eb t\u00eb gjith\u00eb t\u00eb krishter\u00ebt dhe jo t\u00eb krishter\u00ebt n\u00eb bot\u00eb, p\u00ebrfshir\u00eb Grupet e Pakapshme dhe Grupet [&hellip;]<\/p>\n","protected":false},"author":1,"featured_media":0,"parent":0,"menu_order":0,"comment_status":"closed","ping_status":"closed","template":"","meta":{"_acf_changed":false,"footnotes":""},"class_list":["post-416","page","type-page","status-publish","hentry"],"acf":{"show_to_menu":false},"_links":{"self":[{"href":"https:\/\/blessfrontierpeoples.org\/al\/wp-json\/wp\/v2\/pages\/416","targetHints":{"allow":["GET"]}}],"collection":[{"href":"https:\/\/blessfrontierpeoples.org\/al\/wp-json\/wp\/v2\/pages"}],"about":[{"href":"https:\/\/blessfrontierpeoples.org\/al\/wp-json\/wp\/v2\/types\/page"}],"author":[{"embeddable":true,"href":"https:\/\/blessfrontierpeoples.org\/al\/wp-json\/wp\/v2\/users\/1"}],"replies":[{"embeddable":true,"href":"https:\/\/blessfrontierpeoples.org\/al\/wp-json\/wp\/v2\/comments?post=416"}],"version-history":[{"count":5,"href":"https:\/\/blessfrontierpeoples.org\/al\/wp-json\/wp\/v2\/pages\/416\/revisions"}],"predecessor-version":[{"id":1214,"href":"https:\/\/blessfrontierpeoples.org\/al\/wp-json\/wp\/v2\/pages\/416\/revisions\/1214"}],"wp:attachment":[{"href":"https:\/\/blessfrontierpeoples.org\/al\/wp-json\/wp\/v2\/media?parent=416"}],"curies":[{"name":"wp","href":"https:\/\/api.w.org\/{rel}","templated":true}]}}