{"id":608,"date":"2022-05-11T21:06:03","date_gmt":"2022-05-11T21:06:03","guid":{"rendered":"https:\/\/blessfrontierpeoples.org\/?page_id=608"},"modified":"2025-06-08T19:55:39","modified_gmt":"2025-06-08T19:55:39","slug":"31-intro","status":"publish","type":"page","link":"https:\/\/blessfrontierpeoples.org\/al\/31-intro\/","title":{"rendered":"31 Prezantim"},"content":{"rendered":"<p data-start=\"0\" data-end=\"417\">Faleminderit q\u00eb u bashkuat n\u00eb lutje p\u00ebr pothuajse nj\u00eb miliard njer\u00ebz q\u00eb jetojn\u00eb n\u00eb k\u00ebto tridhjet\u00eb e nj\u00eb Grupe t\u00eb Popujve n\u00eb Kufij (Frontier People Groups &#8211; FPG). Secili nga k\u00ebta grupe ka mbi 10 milion\u00eb njer\u00ebz dhe pothuajse asnj\u00eb p\u00ebrparim n\u00eb p\u00ebrhapjen e Ungjillit. Ata nuk kan\u00eb ndonj\u00eb l\u00ebvizje t\u00eb njohur vendase drejt Jezusit dhe kan\u00eb m\u00eb pak ose t\u00eb barabart\u00eb me 0.1% t\u00eb krishter\u00eb t\u00eb \u00e7far\u00ebdo lloji q\u00eb jetojn\u00eb midis tyre.<\/p>\n<p data-start=\"419\" data-end=\"677\">Grupet e Popujve n\u00eb Kufij jan\u00eb grupe etnike q\u00eb nuk kan\u00eb asnj\u00eb shenj\u00eb se e kuptojn\u00eb se mesazhi i Jezusit \u00ebsht\u00eb edhe p\u00ebr ta. Shpesh kjo ndodh sepse askush nuk ka shkuar t\u2019ua tregoj\u00eb. Ose sepse ata jan\u00eb paralajm\u00ebruar me informacione t\u00eb rreme kund\u00ebr Jezusit.<\/p>\n<p data-start=\"684\" data-end=\"721\"><strong>P\u00ebrparim i madh p\u00ebr vet\u00ebm 50 vjet!<\/strong><\/p>\n<p data-start=\"723\" data-end=\"996\">N\u00eb vitet e fundit, Lajmi i Mir\u00eb i Jezusit \u00ebsht\u00eb p\u00ebrhapur shum\u00eb shpejt n\u00eb mbar\u00eb bot\u00ebn! M\u00eb pak se 50 vjet m\u00eb par\u00eb, gjysma e popullsis\u00eb s\u00eb bot\u00ebs jetonte n\u00eb Grupa t\u00eb Popujve n\u00eb Kufij pa ndonj\u00eb l\u00ebvizje t\u00eb njohur drejt Jezusit. Tani, vet\u00ebm 1\/4 e popullsis\u00eb s\u00eb bot\u00ebs jeton n\u00eb FPG.<\/p>\n<p data-start=\"998\" data-end=\"1381\">Jezusi ka rritur komunitete familjesh besimtare n\u00eb shum\u00eb FPG. Dhe \u201cNjer\u00ebzit e Paqes\u201d (Mat. 10:11; Luka 10:6) kan\u00eb mir\u00ebpritur besimtar\u00ebt n\u00eb familjet e tyre p\u00ebr t\u00eb d\u00ebgjuar p\u00ebr Jezusin; pastaj ata ua tregojn\u00eb t\u00eb af\u00ebrmve dhe miqve, duke p\u00ebrhapur lajmin shum\u00eb shpejt. Jezusi thot\u00eb n\u00eb Mateu 24:14 se mesazhi i Mbret\u00ebris\u00eb do t\u2019u shpallet t\u00eb gjith\u00eb popujve t\u00eb tok\u00ebs p\u00ebrpara se t\u00eb vij\u00eb fundi.<\/p>\n<p data-start=\"1388\" data-end=\"1413\"><strong>\u00c7far\u00eb duhet b\u00ebr\u00eb ende?<\/strong><\/p>\n<p data-start=\"1415\" data-end=\"1716\">Pavar\u00ebsisht k\u00ebtij p\u00ebrparimi, Grupet e Popujve n\u00eb Kufij ende nuk e kan\u00eb d\u00ebgjuar k\u00ebt\u00eb bekim dhe po humbasin trash\u00ebgimin\u00eb e tyre n\u00eb Mbret\u00ebrin\u00eb e Per\u00ebndis\u00eb. Ne duhet t\u00eb lutemi p\u00ebr ta, ve\u00e7an\u00ebrisht p\u00ebr 31 m\u00eb t\u00eb m\u00ebdhenjt\u00eb, sepse besimi i tyre do t\u00eb ndikoj\u00eb qindra grupe m\u00eb t\u00eb vogla q\u00eb jetojn\u00eb pran\u00eb tyre.<\/p>\n<p data-start=\"1718\" data-end=\"1892\">Faleminderit q\u00eb po bashkoheni me ne n\u00eb lutje p\u00ebr nj\u00eb miliard njer\u00ebz q\u00eb t\u00eb marrin bekimin q\u00eb Per\u00ebndia premtoi p\u00ebr t\u00eb gjitha familjet e tok\u00ebs p\u00ebrmes Abrahamit (Zanafilla 12:3).<\/p>\n<p data-start=\"1899\" data-end=\"1964\">D\u00ebshira e Per\u00ebndis\u00eb \u00ebsht\u00eb t\u00eb bekoj\u00eb t\u00eb gjitha familjet e tok\u00ebs. Ai ia premtoi k\u00ebt\u00eb Abrahamit 4000 vjet m\u00eb par\u00eb dhe p\u00ebrmes profet\u00ebve ka treguar se njer\u00ebz nga \u00e7do fis, gjuh\u00eb dhe grup etnik do t\u00eb jen\u00eb para fronit t\u00eb Tij n\u00eb dit\u00ebt e fundit.<\/p>\n<p data-start=\"2139\" data-end=\"2506\">Shumica e k\u00ebtyre Grupeve n\u00eb Kufij jetojn\u00eb n\u00eb kushte t\u00eb v\u00ebshtira q\u00eb i pengojn\u00eb t\u00eb njohin Jezusin. K\u00ebshtu q\u00eb kemi p\u00ebrfshir\u00eb informacione p\u00ebr t\u2019ju ndihmuar t\u00eb luteni q\u00eb Per\u00ebndia t\u00eb sh\u00ebroj\u00eb familjet e tyre dhe t\u00eb sjell\u00eb jet\u00eb t\u00eb re n\u00eb komunitetet e tyre. Teksa luteni, qoft\u00eb Zoti i mir\u00eb q\u00eb t&#8217;i mbush\u00eb me dashurin\u00eb e Tij p\u00ebr ta dhe t\u2019u tregoj\u00eb sa shum\u00eb vlejn\u00eb ata n\u00eb syt\u00eb e Tij.<\/p>\n<p>&nbsp;<\/p>\n<p style=\"text-align: center;\" data-start=\"2513\" data-end=\"2546\"><em><strong>Pothuajse nj\u00eb miliard njer\u00ebz \u2014<\/strong><\/em><\/p>\n<p style=\"text-align: center;\" data-start=\"2547\" data-end=\"2651\"><em><strong>gjysma e popullsis\u00eb s\u00eb t\u00eb gjitha Grupave n\u00eb Kufij \u2014<\/strong><\/em><br \/>\n<em><strong>jetojn\u00eb n\u00eb 31 grupet p\u00ebr t\u00eb cilat do t\u00eb luteni tani.<\/strong><\/em><\/p>\n<p>&nbsp;<\/p>\n<p data-start=\"2658\" data-end=\"2718\"><strong>Pse \u00ebsht\u00eb kaq e r\u00ebnd\u00ebsishme t\u00eb lutemi p\u00ebr k\u00ebto 31 grupe?<\/strong><\/p>\n<p data-start=\"2720\" data-end=\"3071\">Pothuajse gjysma e k\u00ebtyre dy miliard\u00eb njer\u00ebzve jetojn\u00eb brenda vet\u00ebm k\u00ebtyre 31 grupeve m\u00eb t\u00eb m\u00ebdha (secili me mbi 10 milion njer\u00ebz). Ne besojm\u00eb se l\u00ebvizjet drejt Jezusit n\u00eb k\u00ebto grupe do ta p\u00ebrhapin Ungjillin edhe tek grupet m\u00eb t\u00eb vogla q\u00eb jetojn\u00eb pran\u00eb tyre. \u00c7far\u00eb mund\u00ebsie e jasht\u00ebzakonshme p\u00ebr t\u00eb sjell\u00eb bekimin e Per\u00ebndis\u00eb n\u00eb 25% t\u00eb bot\u00ebs n\u00eb koh\u00ebn ton\u00eb!<\/p>\n<p data-start=\"3078\" data-end=\"3131\"><strong>Pse jan\u00eb l\u00ebn\u00eb pas dore Grupet e Popujve n\u00eb Kufij?<\/strong><\/p>\n<p data-start=\"3133\" data-end=\"3647\">Shumica e lutjeve, dhuratave dhe pun\u00ebtor\u00ebve p\u00ebrqendrohen n\u00eb forcimin e besimtar\u00ebve atje ku t\u00eb krishter\u00ebt tashm\u00eb ekzistojn\u00eb. Vet\u00ebm nj\u00eb pjes\u00eb shum\u00eb e vog\u00ebl (rreth 1%) shkon te FPG\u2014ata q\u00eb p\u00ebrb\u00ebjn\u00eb 1\/4 e bot\u00ebs ku besimi n\u00eb Jezusin \u00ebsht\u00eb ende i panjohur ose shihet si i huaj. Shum\u00eb nga k\u00ebta popuj jetojn\u00eb n\u00eb vende gjeografikisht, politikisht ose kulturalisht t\u00eb v\u00ebshtira. Si rezultat, ata shpesh nuk kan\u00eb d\u00ebgjuar p\u00ebr Jezusin ose kan\u00eb nj\u00eb p\u00ebrfytyrim t\u00eb gabuar p\u00ebr T\u00eb, si nj\u00eb zot i nj\u00eb feje t\u00eb huaj.<\/p>\n<p data-start=\"3654\" data-end=\"3703\"><strong>Pse jan\u00eb t\u00eb nevojshme L\u00ebvizjet drejt Jezusit?<\/strong><\/p>\n<p data-start=\"3705\" data-end=\"4226\">N\u00eb shumic\u00ebn e FPG-ve, krishterimi shihet si nj\u00eb forc\u00eb per\u00ebndimore politike\/fetare q\u00eb synon t\u00eb minoj\u00eb identitetin e tyre si popull. Mesazhi i v\u00ebrtet\u00eb i Jezusit nuk \u00ebsht\u00eb duke u d\u00ebgjuar ose kuptuar. Jezusi tha se Per\u00ebndia k\u00ebrkon q\u00eb t\u00eb gjith\u00eb njer\u00ebzit ta adhurojn\u00eb \u201cn\u00eb frym\u00eb dhe n\u00eb t\u00eb v\u00ebrtet\u00eb\u201d (Gjoni 4). Nevojiten l\u00ebvizje n\u00eb FPG q\u00eb t\u00eb sjellin dashurin\u00eb dhe fuqin\u00eb e Jezusit p\u00ebr t\u00eb forcuar familjet dhe komunitetet, pa i shkat\u00ebrruar ato. L\u00ebvizjet q\u00eb p\u00ebrhapen shpejt do t\u00eb bekojn\u00eb t\u00ebr\u00eb sht\u00ebpit\u00eb, ashtu si n\u00eb librin e Veprave.<\/p>\n<p><strong>Jezusi tha n\u00eb Mateu 28: \u201cShkoni dhe b\u00ebni dishepuj nga t\u00eb gjitha kombet\u201d dhe premton: \u201cUn\u00eb jam me ju gjithmon\u00eb, deri n\u00eb fund t\u00eb koh\u00ebs.\u201d<\/strong><\/p>\n","protected":false},"excerpt":{"rendered":"<p>Faleminderit q\u00eb u bashkuat n\u00eb lutje p\u00ebr pothuajse nj\u00eb miliard njer\u00ebz q\u00eb jetojn\u00eb n\u00eb k\u00ebto tridhjet\u00eb e nj\u00eb Grupe t\u00eb [&hellip;]<\/p>\n","protected":false},"author":1,"featured_media":0,"parent":0,"menu_order":0,"comment_status":"closed","ping_status":"closed","template":"","meta":{"_acf_changed":false,"footnotes":""},"class_list":["post-608","page","type-page","status-publish","hentry"],"acf":{"show_to_menu":true},"_links":{"self":[{"href":"https:\/\/blessfrontierpeoples.org\/al\/wp-json\/wp\/v2\/pages\/608","targetHints":{"allow":["GET"]}}],"collection":[{"href":"https:\/\/blessfrontierpeoples.org\/al\/wp-json\/wp\/v2\/pages"}],"about":[{"href":"https:\/\/blessfrontierpeoples.org\/al\/wp-json\/wp\/v2\/types\/page"}],"author":[{"embeddable":true,"href":"https:\/\/blessfrontierpeoples.org\/al\/wp-json\/wp\/v2\/users\/1"}],"replies":[{"embeddable":true,"href":"https:\/\/blessfrontierpeoples.org\/al\/wp-json\/wp\/v2\/comments?post=608"}],"version-history":[{"count":7,"href":"https:\/\/blessfrontierpeoples.org\/al\/wp-json\/wp\/v2\/pages\/608\/revisions"}],"predecessor-version":[{"id":1167,"href":"https:\/\/blessfrontierpeoples.org\/al\/wp-json\/wp\/v2\/pages\/608\/revisions\/1167"}],"wp:attachment":[{"href":"https:\/\/blessfrontierpeoples.org\/al\/wp-json\/wp\/v2\/media?parent=608"}],"curies":[{"name":"wp","href":"https:\/\/api.w.org\/{rel}","templated":true}]}}