{"id":949,"date":"2022-09-15T10:16:21","date_gmt":"2022-09-15T10:16:21","guid":{"rendered":"https:\/\/blessfrontierpeoples.org\/?page_id=949"},"modified":"2025-06-09T13:10:09","modified_gmt":"2025-06-09T13:10:09","slug":"31-phone-app","status":"publish","type":"page","link":"https:\/\/blessfrontierpeoples.org\/al\/31-phone-app\/","title":{"rendered":"31 App p\u00ebr telefon"},"content":{"rendered":"<h2 style=\"text-align: left;\">K\u00ebtu mund t\u00eb shkarkoni aplikacionin ton\u00eb n\u00eb celular :<\/h2>\n<p>&nbsp;<\/p>\n<p style=\"text-align: left;\"><a href=\"https:\/\/apps.apple.com\/tt\/app\/bless-frontier-peoples\/id1624027417?uo=2\"><img loading=\"lazy\" decoding=\"async\" class=\"size-medium wp-image-951 alignnone img-responsive img-shadow\" src=\"https:\/\/blessfrontierpeoples.org\/wp-content\/uploads\/2022\/09\/apple-app-store-logo-300x104.jpg\" alt=\"\" width=\"300\" height=\"104\" srcset=\"https:\/\/blessfrontierpeoples.org\/al\/wp-content\/uploads\/2022\/09\/apple-app-store-logo-300x104.jpg 300w, https:\/\/blessfrontierpeoples.org\/al\/wp-content\/uploads\/2022\/09\/apple-app-store-logo-1024x354.jpg 1024w, https:\/\/blessfrontierpeoples.org\/al\/wp-content\/uploads\/2022\/09\/apple-app-store-logo-768x265.jpg 768w, https:\/\/blessfrontierpeoples.org\/al\/wp-content\/uploads\/2022\/09\/apple-app-store-logo-1536x531.jpg 1536w, https:\/\/blessfrontierpeoples.org\/al\/wp-content\/uploads\/2022\/09\/apple-app-store-logo-2048x708.jpg 2048w, https:\/\/blessfrontierpeoples.org\/al\/wp-content\/uploads\/2022\/09\/apple-app-store-logo-1320x456.jpg 1320w\" sizes=\"auto, (max-width: 300px) 100vw, 300px\" \/><\/a><\/p>\n<p style=\"text-align: left;\"><a href=\"https:\/\/apps.apple.com\/tt\/app\/bless-frontier-peoples\/id1624027417?uo=2\">https:\/\/apps.apple.com\/tt\/app\/bless-frontier-peoples\/id1624027417?uo=2<\/a><\/p>\n<p>&nbsp;<\/p>\n<p>&nbsp;<\/p>\n<p style=\"text-align: left;\"><a href=\"https:\/\/play.google.com\/store\/apps\/details?id=al.gremza.bless&amp;hl=en&amp;gl=US\"><img loading=\"lazy\" decoding=\"async\" class=\"size-medium wp-image-953 alignnone img-responsive img-shadow\" src=\"https:\/\/blessfrontierpeoples.org\/wp-content\/uploads\/2022\/09\/Opera-Snapshot_2022-09-15_121336_pixelbag.net_-300x93.png\" alt=\"\" width=\"300\" height=\"93\" srcset=\"https:\/\/blessfrontierpeoples.org\/al\/wp-content\/uploads\/2022\/09\/Opera-Snapshot_2022-09-15_121336_pixelbag.net_-300x93.png 300w, https:\/\/blessfrontierpeoples.org\/al\/wp-content\/uploads\/2022\/09\/Opera-Snapshot_2022-09-15_121336_pixelbag.net_.png 534w\" sizes=\"auto, (max-width: 300px) 100vw, 300px\" \/><\/a><\/p>\n<p style=\"text-align: left;\"><a href=\"https:\/\/play.google.com\/store\/apps\/details?id=al.gremza.bless&amp;hl=en&amp;gl=US\">https:\/\/play.google.com\/store\/apps\/details?id=al.gremza.bless&amp;hl=en&amp;gl=US<\/a><\/p>\n<p>&nbsp;<\/p>\n<p>&nbsp;<\/p>\n<p style=\"text-align: left;\"><strong>Skanoni QR &#8211; Code-in n\u00eb celularin tuaj.<\/strong><\/p>\n<p><img loading=\"lazy\" decoding=\"async\" class=\"alignnone size-medium wp-image-950 alignleft img-responsive img-shadow\" src=\"https:\/\/blessfrontierpeoples.org\/wp-content\/uploads\/2022\/09\/unnamed-300x300.png\" alt=\"\" width=\"300\" height=\"300\" srcset=\"https:\/\/blessfrontierpeoples.org\/al\/wp-content\/uploads\/2022\/09\/unnamed-300x300.png 300w, https:\/\/blessfrontierpeoples.org\/al\/wp-content\/uploads\/2022\/09\/unnamed-150x150.png 150w, https:\/\/blessfrontierpeoples.org\/al\/wp-content\/uploads\/2022\/09\/unnamed-60x60.png 60w, https:\/\/blessfrontierpeoples.org\/al\/wp-content\/uploads\/2022\/09\/unnamed.png 620w\" sizes=\"auto, (max-width: 300px) 100vw, 300px\" \/><\/p>\n","protected":false},"excerpt":{"rendered":"<p>K\u00ebtu mund t\u00eb shkarkoni aplikacionin ton\u00eb n\u00eb celular : &nbsp; https:\/\/apps.apple.com\/tt\/app\/bless-frontier-peoples\/id1624027417?uo=2 &nbsp; &nbsp; https:\/\/play.google.com\/store\/apps\/details?id=al.gremza.bless&amp;hl=en&amp;gl=US &nbsp; &nbsp; Skanoni QR &#8211; Code-in [&hellip;]<\/p>\n","protected":false},"author":1,"featured_media":0,"parent":0,"menu_order":0,"comment_status":"closed","ping_status":"closed","template":"","meta":{"_acf_changed":false,"footnotes":""},"class_list":["post-949","page","type-page","status-publish","hentry"],"acf":{"show_to_menu":false},"_links":{"self":[{"href":"https:\/\/blessfrontierpeoples.org\/al\/wp-json\/wp\/v2\/pages\/949","targetHints":{"allow":["GET"]}}],"collection":[{"href":"https:\/\/blessfrontierpeoples.org\/al\/wp-json\/wp\/v2\/pages"}],"about":[{"href":"https:\/\/blessfrontierpeoples.org\/al\/wp-json\/wp\/v2\/types\/page"}],"author":[{"embeddable":true,"href":"https:\/\/blessfrontierpeoples.org\/al\/wp-json\/wp\/v2\/users\/1"}],"replies":[{"embeddable":true,"href":"https:\/\/blessfrontierpeoples.org\/al\/wp-json\/wp\/v2\/comments?post=949"}],"version-history":[{"count":10,"href":"https:\/\/blessfrontierpeoples.org\/al\/wp-json\/wp\/v2\/pages\/949\/revisions"}],"predecessor-version":[{"id":1213,"href":"https:\/\/blessfrontierpeoples.org\/al\/wp-json\/wp\/v2\/pages\/949\/revisions\/1213"}],"wp:attachment":[{"href":"https:\/\/blessfrontierpeoples.org\/al\/wp-json\/wp\/v2\/media?parent=949"}],"curies":[{"name":"wp","href":"https:\/\/api.w.org\/{rel}","templated":true}]}}