{"id":128,"date":"2022-04-26T21:10:59","date_gmt":"2022-04-26T21:10:59","guid":{"rendered":"http:\/\/fpg.gremza.al\/?page_id=128"},"modified":"2025-12-01T15:15:36","modified_gmt":"2025-12-01T15:15:36","slug":"ora-por-todas-las-etnias-fronterizas-poblacion-por-region","status":"publish","type":"page","link":"https:\/\/blessfrontierpeoples.org\/es\/ora-por-todas-las-etnias-fronterizas-poblacion-por-region\/","title":{"rendered":"Ora por las Etnias no Alcanzadas: Poblaci\u00f3n por Regi\u00f3n"},"content":{"rendered":"<p><img loading=\"lazy\" decoding=\"async\" class=\"size-full wp-image-1379 aligncenter img-responsive img-shadow\" src=\"http:\/\/blessfrontierpeoples.org\/wp-content\/uploads\/2025\/08\/Screenshot-2025-08-31-at-18-56-46-FPG-Prayer-Guide-051425-Final-4-FPG-Prayer-Guide-2025-Update-1-.pdf.png\" alt=\"\" width=\"820\" height=\"436\" \/><\/p>\n<p>&nbsp;<\/p>\n<p>Los Grupos \u00e9tnicos fronterizos son las etnias menos alcanzadas del mundo, con pr\u00e1cticamente ning\u00fan acceso al evangelio. Este gr\u00e1fico y este mapa muestran la distribuci\u00f3n de todos los Grupos \u00e9tnicos fronterizos seg\u00fan su poblaci\u00f3n en distintas regiones. La gran mayor\u00eda vive en el sur de Asia y el resto se encuentra mayormente en pa\u00edses de mayor\u00eda musulmana. Ora para que comiencen movimientos hacia Jes\u00fas autosostenibles en todos estos grupos, llenando la tierra del conocimiento de la gloria del SE\u00d1OR como las aguas cubren el mar (Hab. 2:14). Ora para que por cada mill\u00f3n de personas en cada uno de estos GEF haya al menos dos equipos de oraci\u00f3n que aboguen por ellos y dos equipos de alcance que compartan con ellos el amor de Dios y la libertad que viene de conocer a Jes\u00fas. Para ver m\u00e1s gr\u00e1ficos asombrosos sobre la tarea inconclusa, consulta el folleto El gran progreso del Evangelio en joshuaproject.net\/greatprogress.<\/p>\n","protected":false},"excerpt":{"rendered":"<p>&nbsp; Los Grupos \u00e9tnicos fronterizos son las etnias menos alcanzadas del mundo, con pr\u00e1cticamente ning\u00fan acceso al evangelio. Este gr\u00e1fico [&hellip;]<\/p>\n","protected":false},"author":6,"featured_media":0,"parent":0,"menu_order":0,"comment_status":"closed","ping_status":"closed","template":"","meta":{"_acf_changed":false,"_lmt_disableupdate":"no","_lmt_disable":"","footnotes":""},"class_list":["post-128","page","type-page","status-publish","hentry"],"acf":{"show_to_menu":true},"_links":{"self":[{"href":"https:\/\/blessfrontierpeoples.org\/es\/wp-json\/wp\/v2\/pages\/128","targetHints":{"allow":["GET"]}}],"collection":[{"href":"https:\/\/blessfrontierpeoples.org\/es\/wp-json\/wp\/v2\/pages"}],"about":[{"href":"https:\/\/blessfrontierpeoples.org\/es\/wp-json\/wp\/v2\/types\/page"}],"author":[{"embeddable":true,"href":"https:\/\/blessfrontierpeoples.org\/es\/wp-json\/wp\/v2\/users\/6"}],"replies":[{"embeddable":true,"href":"https:\/\/blessfrontierpeoples.org\/es\/wp-json\/wp\/v2\/comments?post=128"}],"version-history":[{"count":12,"href":"https:\/\/blessfrontierpeoples.org\/es\/wp-json\/wp\/v2\/pages\/128\/revisions"}],"predecessor-version":[{"id":1461,"href":"https:\/\/blessfrontierpeoples.org\/es\/wp-json\/wp\/v2\/pages\/128\/revisions\/1461"}],"wp:attachment":[{"href":"https:\/\/blessfrontierpeoples.org\/es\/wp-json\/wp\/v2\/media?parent=128"}],"curies":[{"name":"wp","href":"https:\/\/api.w.org\/{rel}","templated":true}]}}