{"id":1406,"date":"2025-10-25T12:28:54","date_gmt":"2025-10-25T12:28:54","guid":{"rendered":"https:\/\/blessfrontierpeoples.org\/es\/?page_id=1406"},"modified":"2025-12-01T15:22:34","modified_gmt":"2025-12-01T15:22:34","slug":"grupos-de-personas-fronterizas-por-religion","status":"publish","type":"page","link":"https:\/\/blessfrontierpeoples.org\/es\/grupos-de-personas-fronterizas-por-religion\/","title":{"rendered":"Grupos de Personas Fronterizas por Religi\u00f3n"},"content":{"rendered":"<p>Los siguientes gr\u00e1ficos muestran que m\u00e1s del 97% de los dos mil millones de personas que viven en los GPF son musulmanes o hind\u00faes; el 3% restante vive en pueblos de otras religiones.<\/p>\n<p>&nbsp;<\/p>\n<p><img loading=\"lazy\" decoding=\"async\" class=\"size-full wp-image-1316 aligncenter img-responsive img-shadow\" src=\"http:\/\/blessfrontierpeoples.org\/wp-content\/uploads\/2025\/08\/Screenshot-2025-08-30-at-13-16-07-FPG-Prayer-Guide-051425-Final-4-FPG_Prayer_Guide_2025_Update-1-.pdf.png\" alt=\"\" width=\"726\" height=\"733\" \/><\/p>\n<p><img loading=\"lazy\" decoding=\"async\" class=\"size-full wp-image-1317 aligncenter img-responsive img-shadow\" src=\"http:\/\/blessfrontierpeoples.org\/wp-content\/uploads\/2025\/08\/Screenshot-2025-08-30-at-13-17-29-FPG-Prayer-Guide-051425-Final-4-FPG_Prayer_Guide_2025_Update-1-.pdf.png\" alt=\"\" width=\"768\" height=\"231\" \/><\/p>\n","protected":false},"excerpt":{"rendered":"<p>Los siguientes gr\u00e1ficos muestran que m\u00e1s del 97% de los dos mil millones de personas que viven en los GPF [&hellip;]<\/p>\n","protected":false},"author":6,"featured_media":0,"parent":0,"menu_order":0,"comment_status":"closed","ping_status":"closed","template":"","meta":{"_acf_changed":false,"_lmt_disableupdate":"no","_lmt_disable":"","footnotes":""},"class_list":["post-1406","page","type-page","status-publish","hentry"],"acf":{"show_to_menu":true},"_links":{"self":[{"href":"https:\/\/blessfrontierpeoples.org\/es\/wp-json\/wp\/v2\/pages\/1406","targetHints":{"allow":["GET"]}}],"collection":[{"href":"https:\/\/blessfrontierpeoples.org\/es\/wp-json\/wp\/v2\/pages"}],"about":[{"href":"https:\/\/blessfrontierpeoples.org\/es\/wp-json\/wp\/v2\/types\/page"}],"author":[{"embeddable":true,"href":"https:\/\/blessfrontierpeoples.org\/es\/wp-json\/wp\/v2\/users\/6"}],"replies":[{"embeddable":true,"href":"https:\/\/blessfrontierpeoples.org\/es\/wp-json\/wp\/v2\/comments?post=1406"}],"version-history":[{"count":5,"href":"https:\/\/blessfrontierpeoples.org\/es\/wp-json\/wp\/v2\/pages\/1406\/revisions"}],"predecessor-version":[{"id":1464,"href":"https:\/\/blessfrontierpeoples.org\/es\/wp-json\/wp\/v2\/pages\/1406\/revisions\/1464"}],"wp:attachment":[{"href":"https:\/\/blessfrontierpeoples.org\/es\/wp-json\/wp\/v2\/media?parent=1406"}],"curies":[{"name":"wp","href":"https:\/\/api.w.org\/{rel}","templated":true}]}}