{"id":224,"date":"2022-04-28T13:23:02","date_gmt":"2022-04-28T13:23:02","guid":{"rendered":"http:\/\/fpg.gremza.al\/?page_id=224"},"modified":"2025-10-25T12:56:46","modified_gmt":"2025-10-25T12:56:46","slug":"ora-por-los-hindues","status":"publish","type":"page","link":"https:\/\/blessfrontierpeoples.org\/es\/ora-por-los-hindues\/","title":{"rendered":"Ora por los Hind\u00faes"},"content":{"rendered":"<p><strong>Casi la mitad de los Pueblos Fronterizos son hind\u00faes, que viven en India o provienen de all\u00ed.<\/strong><\/p>\n<p><strong>\u00bfQu\u00e9 creen los hind\u00faes?<\/strong> Los hind\u00faes tienen cientos de libros religiosos antiguos y millones de dioses, por lo que el t\u00e9rmino hind\u00fa no especifica una teolog\u00eda, pr\u00e1ctica o deidad particular. Los grupos de personas con diferentes idiomas y culturas que comparten las tradiciones v\u00e9dicas son considerados hind\u00faes. Su cosmovisi\u00f3n incluye la reencarnaci\u00f3n y aceptar el sufrimiento en esta vida como justo castigo por no haber vivido vidas santas y cumplido sus deberes en vidas anteriores. Como la mayor\u00eda de las personas, buscan conocer el camino de la verdad y el sentido de la vida. Quieren vidas saludables para sus familias hoy. La limpieza espiritual y evitar la contaminaci\u00f3n espiritual y la verg\u00fcenza son muy importantes para ellos, y los alimentos o personas impuras pueden contaminarlos. Ora para que Dios les muestre que la purificaci\u00f3n espiritual del coraz\u00f3n es un regalo gratuito de Jes\u00fas. Que conozcan el amor personal y la aceptaci\u00f3n de Dios a trav\u00e9s de los testigos que \u00c9l env\u00eda.<\/p>\n<p data-start=\"1086\" data-end=\"1121\"><strong>\u00bfQu\u00e9 saben los hind\u00faes sobre Jes\u00fas?<\/strong><\/p>\n<p data-start=\"1123\" data-end=\"2184\" data-is-last-node=\"\" data-is-only-node=\"\">Los pueblos hind\u00faes han recibido ense\u00f1anzas positivas sobre Jes\u00fas, pero lo consideran solo el dios de los cristianos. Afirmando todas las religiones, resisten las afirmaciones doctrinales universales y exclusivas sobre Jes\u00fas. Sin embargo, se sienten atra\u00eddos por la unicidad de su santidad y sabidur\u00eda. La mayor\u00eda confunde la entrega a Jes\u00fas con participar en tradiciones de iglesias occidentales. Pero muchos quieren aprender lo que las Sagradas Escrituras dicen sobre c\u00f3mo vivir una vida pura, con sabidur\u00eda y verdad, a trav\u00e9s de los Proverbios, Salmos y las ense\u00f1anzas de Jes\u00fas. Las mujeres buscan lo mejor para sus familias en el futuro. Ora para que Jes\u00fas se revele a los hind\u00faes como el verdadero Dios vivo, capaz de guiarlos y sanarlos. Ora para que Dios env\u00ede personas que amen y oren por sus familias y compartan con ellas las Palabras de Vida, no una religi\u00f3n alternativa. Ora por los muchos hombres y mujeres que buscan adorar a Dios en Esp\u00edritu y en Verdad, quienes compartir\u00e1n este mensaje de Jes\u00fas con alegr\u00eda a sus familias y comunidades enteras.<\/p>\n<p>&nbsp;<\/p>\n<p><strong>\u00bfQu\u00e9 m\u00e1s podemos orar por los hind\u00faes?<\/strong><\/p>\n<p>Los grupos entre los hind\u00faes est\u00e1n divididos por las antiguas divisiones de castas, pero algunos grupos de casta en India tienen movimientos vibrantes hacia Jes\u00fas, donde las personas pueden ver que \u00c9l no es extranjero, sino El Camino para ellos.<em> Ora para que muchas familias sigan a Jes\u00fas y para que surjan l\u00edderes de nuevos movimientos desde estas familias creyentes que crucen las barreras de casta o religiosas.<\/em><\/p>\n<p><b><img loading=\"lazy\" decoding=\"async\" class=\"size-medium wp-image-225 alignright img-responsive img-shadow\" src=\"http:\/\/fpg.gremza.al\/wp-content\/uploads\/2022\/04\/image29-300x198.png\" alt=\"\" width=\"300\" height=\"198\" srcset=\"https:\/\/blessfrontierpeoples.org\/es\/wp-content\/uploads\/2022\/04\/image29-300x198.png 300w, https:\/\/blessfrontierpeoples.org\/es\/wp-content\/uploads\/2022\/04\/image29.png 436w\" sizes=\"auto, (max-width: 300px) 100vw, 300px\" \/><\/b><strong>Ora por liberaci\u00f3n:<\/strong> Los pueblos hind\u00faes hacen peregrinaciones y muchos rituales buscando liberaci\u00f3n de sus problemas espirituales y terrenales. Por ejemplo, la peregrinaci\u00f3n Kumbh Mela en India se considera la reuni\u00f3n religiosa m\u00e1s grande del planeta. En 2019, asistieron alrededor de 200 millones de personas \u2014 50 millones en un solo d\u00eda \u2014 ba\u00f1\u00e1ndose en el r\u00edo para obtener pureza, bendiciones e inmortalidad.<\/p>\n<p><em>Ora para que comprendan que Dios les da libremente la pureza y la liberaci\u00f3n que anhelan a trav\u00e9s del sacrificio de Jes\u00fas. Ora para que grandes movimientos de personas encontrando pureza y bendici\u00f3n en Jes\u00fas se extiendan por toda la tierra.<\/em><\/p>\n","protected":false},"excerpt":{"rendered":"<p>Casi la mitad de los Pueblos Fronterizos son hind\u00faes, que viven en India o provienen de all\u00ed. \u00bfQu\u00e9 creen los [&hellip;]<\/p>\n","protected":false},"author":1,"featured_media":0,"parent":0,"menu_order":0,"comment_status":"closed","ping_status":"closed","template":"","meta":{"_acf_changed":false,"_lmt_disableupdate":"no","_lmt_disable":"","footnotes":""},"class_list":["post-224","page","type-page","status-publish","hentry"],"acf":{"show_to_menu":false},"_links":{"self":[{"href":"https:\/\/blessfrontierpeoples.org\/es\/wp-json\/wp\/v2\/pages\/224","targetHints":{"allow":["GET"]}}],"collection":[{"href":"https:\/\/blessfrontierpeoples.org\/es\/wp-json\/wp\/v2\/pages"}],"about":[{"href":"https:\/\/blessfrontierpeoples.org\/es\/wp-json\/wp\/v2\/types\/page"}],"author":[{"embeddable":true,"href":"https:\/\/blessfrontierpeoples.org\/es\/wp-json\/wp\/v2\/users\/1"}],"replies":[{"embeddable":true,"href":"https:\/\/blessfrontierpeoples.org\/es\/wp-json\/wp\/v2\/comments?post=224"}],"version-history":[{"count":5,"href":"https:\/\/blessfrontierpeoples.org\/es\/wp-json\/wp\/v2\/pages\/224\/revisions"}],"predecessor-version":[{"id":1433,"href":"https:\/\/blessfrontierpeoples.org\/es\/wp-json\/wp\/v2\/pages\/224\/revisions\/1433"}],"wp:attachment":[{"href":"https:\/\/blessfrontierpeoples.org\/es\/wp-json\/wp\/v2\/media?parent=224"}],"curies":[{"name":"wp","href":"https:\/\/api.w.org\/{rel}","templated":true}]}}