{"id":247,"date":"2022-04-28T13:41:31","date_gmt":"2022-04-28T13:41:31","guid":{"rendered":"http:\/\/fpg.gremza.al\/?page_id=247"},"modified":"2025-10-25T12:56:55","modified_gmt":"2025-10-25T12:56:55","slug":"ora-por-los-musulmanes","status":"publish","type":"page","link":"https:\/\/blessfrontierpeoples.org\/es\/ora-por-los-musulmanes\/","title":{"rendered":"Ora por los Musulmanes"},"content":{"rendered":"<p><strong>M\u00e1s de la mitad de los Pueblos Fronterizos son musulmanes, viviendo en pa\u00edses de mayor\u00eda musulmana o en Asia del Sur.<\/strong><\/p>\n<p><strong>\u00bfQu\u00e9 creen los musulmanes?<\/strong> Los musulmanes creen que hay un solo Dios, el Dios de Abraham, a quien llaman Al\u00e1, igual que millones de cristianos de habla \u00e1rabe han hecho durante 2000 a\u00f1os. Al\u00e1 es el nombre \u00e1rabe para Dios usado en la mayor\u00eda de las Biblias \u00e1rabes, antiguas y actuales. Muchos musulmanes devotos, incluso terroristas enga\u00f1ados, quieren sobre todo obedecer y agradar a Dios. El Cor\u00e1n afirma los libros de Mois\u00e9s (Taurat), David (Zabur), los profetas (escritos) y Jes\u00fas (Injil), y alaba a quienes los obedecen (contrario a las narrativas musulmanas actuales). Ora para que los musulmanes tengan acceso a las Santas Escrituras en sus propios idiomas y escuchen a Dios hablarles a trav\u00e9s de Su Palabra.<\/p>\n<p data-start=\"833\" data-end=\"871\"><strong>\u00bfQu\u00e9 saben los musulmanes sobre Jes\u00fas?<\/strong><\/p>\n<p data-start=\"873\" data-end=\"1817\" data-is-last-node=\"\" data-is-only-node=\"\">El libro sagrado del Islam, el Cor\u00e1n, est\u00e1 en \u00e1rabe cl\u00e1sico y habla muy bien de Jes\u00fas, nacido de una virgen, y lo llama el Mes\u00edas, una Palabra de Dios y poseedor del Esp\u00edritu de Dios. Jes\u00fas (llamado Isa) es afirmado como profeta y sus disc\u00edpulos como verdaderos musulmanes (es decir, aquellos sometidos a Dios). Algunos musulmanes han llegado a la fe en Jes\u00fas leyendo el Cor\u00e1n, que advierte que todos seremos juzgados en el \u00daltimo D\u00eda y que los verdaderos seguidores de Jes\u00fas ser\u00e1n bendecidos. Los musulmanes han encontrado a Jes\u00fas en sue\u00f1os y visiones, o mediante la lectura de las Santas Escrituras. Pero se sienten muy ofendidos por la idea de que Jes\u00fas sea llamado \u201cHijo de Dios\u201d, lo que para ellos significa que Dios tuvo relaciones con una mujer, como un dios griego. Ora para que Dios responda al deseo de sus corazones de ser justos delante de \u00c9l y para que el Esp\u00edritu de Dios les revele que Jes\u00fas es El Camino para tener paz con Dios.<\/p>\n<p>&nbsp;<\/p>\n<p><strong>\u00bfQu\u00e9 m\u00e1s podemos orar por los musulmanes?<\/strong><\/p>\n<p>El saludo musulm\u00e1n, \u201cAs-salamu alaykum,\u201d significa \u201cLa paz sea contigo.\u201d<\/p>\n<p><b><img loading=\"lazy\" decoding=\"async\" class=\"size-medium wp-image-248 alignleft img-responsive img-shadow\" src=\"http:\/\/fpg.gremza.al\/wp-content\/uploads\/2022\/04\/image20-284x300.png\" alt=\"\" width=\"284\" height=\"300\" srcset=\"https:\/\/blessfrontierpeoples.org\/es\/wp-content\/uploads\/2022\/04\/image20-284x300.png 284w, https:\/\/blessfrontierpeoples.org\/es\/wp-content\/uploads\/2022\/04\/image20.png 364w\" sizes=\"auto, (max-width: 284px) 100vw, 284px\" \/><\/b><strong>Ora por la paz:<\/strong> El Islam comenz\u00f3 en Arabia en el siglo VI durante un tiempo de grandes controversias entre grupos cristianos. Tambi\u00e9n hay muchas sectas diferentes dentro del Islam. Las dos divisiones hist\u00f3ricas m\u00e1s grandes, los musulmanes sun\u00edes y los chi\u00edes, suelen ser enemigos. Los sun\u00edes siguieron a l\u00edderes pol\u00edticos tras la muerte del profeta Mahoma, y los chi\u00edes siguieron a sus familiares. Los chi\u00edes est\u00e1n mayormente en Ir\u00e1n e India, mientras que los sun\u00edes son mayor\u00eda en todo el mundo. Algunos movimientos de reforma en el Islam intentan alejar a los musulmanes de las guerras o el terrorismo hacia la fe y obediencia a Dios, como el Tablighi Jamaat, un movimiento de predicadores itinerantes que se ha extendido a 150 pa\u00edses y cerca de 80 millones de personas en los \u00faltimos 100 a\u00f1os.<\/p>\n<p>Ora para que los reformadores musulmanes encuentren el amor de Jes\u00fas, y que \u00c9l traiga paz entre las sectas musulmanas, y tambi\u00e9n entre cristianos, musulmanes y jud\u00edos. Ora para que muchos testigos los amen y compartan la paz de Dios con quienes los reciban en sus familias (Lucas 10).<\/p>\n","protected":false},"excerpt":{"rendered":"<p>M\u00e1s de la mitad de los Pueblos Fronterizos son musulmanes, viviendo en pa\u00edses de mayor\u00eda musulmana o en Asia del [&hellip;]<\/p>\n","protected":false},"author":1,"featured_media":0,"parent":0,"menu_order":0,"comment_status":"closed","ping_status":"closed","template":"","meta":{"_acf_changed":false,"_lmt_disableupdate":"no","_lmt_disable":"","footnotes":""},"class_list":["post-247","page","type-page","status-publish","hentry"],"acf":{"show_to_menu":true},"_links":{"self":[{"href":"https:\/\/blessfrontierpeoples.org\/es\/wp-json\/wp\/v2\/pages\/247","targetHints":{"allow":["GET"]}}],"collection":[{"href":"https:\/\/blessfrontierpeoples.org\/es\/wp-json\/wp\/v2\/pages"}],"about":[{"href":"https:\/\/blessfrontierpeoples.org\/es\/wp-json\/wp\/v2\/types\/page"}],"author":[{"embeddable":true,"href":"https:\/\/blessfrontierpeoples.org\/es\/wp-json\/wp\/v2\/users\/1"}],"replies":[{"embeddable":true,"href":"https:\/\/blessfrontierpeoples.org\/es\/wp-json\/wp\/v2\/comments?post=247"}],"version-history":[{"count":7,"href":"https:\/\/blessfrontierpeoples.org\/es\/wp-json\/wp\/v2\/pages\/247\/revisions"}],"predecessor-version":[{"id":1435,"href":"https:\/\/blessfrontierpeoples.org\/es\/wp-json\/wp\/v2\/pages\/247\/revisions\/1435"}],"wp:attachment":[{"href":"https:\/\/blessfrontierpeoples.org\/es\/wp-json\/wp\/v2\/media?parent=247"}],"curies":[{"name":"wp","href":"https:\/\/api.w.org\/{rel}","templated":true}]}}