{"id":288,"date":"2022-04-28T14:26:48","date_gmt":"2022-04-28T14:26:48","guid":{"rendered":"http:\/\/fpg.gremza.al\/?page_id=288"},"modified":"2025-10-25T12:57:27","modified_gmt":"2025-10-25T12:57:27","slug":"claves-para-abrir-los-corazones-de-los-grupos-etnicos-fronterizos","status":"publish","type":"page","link":"https:\/\/blessfrontierpeoples.org\/es\/claves-para-abrir-los-corazones-de-los-grupos-etnicos-fronterizos\/","title":{"rendered":"Claves para abrir los corazones de los Grupos \u00e9tnicos fronterizos"},"content":{"rendered":"<p>No podemos seguir haciendo lo mismo y esperar un resultado diferente. Necesitamos descubrir por qu\u00e9 estos grupos tan grandes o no est\u00e1n recibiendo las Buenas Noticias que oyen o no cuentan con testigos en absoluto. Ora por las posibles claves que siguen, y por otras que a\u00fan se descubrir\u00e1n, para que les permitan entender que Jes\u00fas tambi\u00e9n es su Salvador y Sanador.<\/p>\n<p>BENDICIENDO FAMILIAS: El pacto de Dios con Abraham se cumple cuando llevamos Su bendici\u00f3n a todos los linajes familiares de la tierra, y animamos a los nuevos Seguidores de Jes\u00fas a bendecir sus hogares, sus comunidades y a pueblos enteros (Gn 12:1\u20133; G\u00e1l 3:8; Heb 6:17).<\/p>\n<p><em>Padre, desde el principio el deseo de Tu coraz\u00f3n ha sido que todas las familias de la tierra sean bendecidas. Mueve nuestros corazones con Tu pasi\u00f3n por bendecir familias de maneras pr\u00e1cticas en estos GEF, \u00a1para que Te conozcan!<\/em><\/p>\n<p>MOVIMIENTOS HACIA JES\u00daS: Los hogares reconocen que Jes\u00fas les habla y los gu\u00eda cuando conversan juntos sobre las Escrituras. Esto los lleva a animar y discipular a otros para que tambi\u00e9n estudien la Biblia, reciban la bendici\u00f3n y la transmitan dentro de sus comunidades.<\/p>\n<p><em>Se\u00f1or, derrama Tu Esp\u00edritu Santo para que cada Grupo \u00e9tnico fronterizo tenga su propio movimiento hacia Jes\u00fas. Levanta equipos de oraci\u00f3n que aboguen por cada uno de los Grupos \u00e9tnicos fronterizos m\u00e1s grandes, hasta que la bendici\u00f3n de la vida en Jes\u00fas se esparza r\u00e1pidamente de familia en familia (Sal 2:8; Stg 4:2b).<\/em><\/p>\n<p>TRANSFORMANDO COMUNIDADES: Los hogares de fe son cada vez m\u00e1s capaces de discernir y enfrentar las influencias que destruyen a sus familias y comunidades, cuando crecen en santidad personal, servicio y sabidur\u00eda piadosa.<\/p>\n<p><em>Se\u00f1or, levanta creyentes piadosos y comprometidos dentro de los GEF, como Daniel y Jos\u00e9, en posiciones de influencia, transformando sus comunidades y destruyendo las obras del maligno.<\/em><\/p>\n<p>HUMANIDAD COMPARTIDA: Personas de toda fe se sienten atra\u00eddas a seguir a Jes\u00fas a partir de nuestros desaf\u00edos y anhelos comunes, cuando descubren que Dios busca a todos los que Le adoren en Esp\u00edritu y en Verdad (Jn 4).<\/p>\n<p><em>Se\u00f1or, ay\u00fadanos a ver a todos los GEF como nuestros hermanos y hermanas, para que Tu amor y Tu Palabra traigan paz y amor entre los pueblos. L\u00edbranos de una \u201cguerra de religiones\u201d, como con la mujer samaritana, para encontrar a aquellos a quienes T\u00fa est\u00e1s llamando a adorarte en Esp\u00edritu y en Verdad.<\/em><\/p>\n<p>OBREROS PIONEROS: Las personas pueden ir a \u201ccolaborar\u201d con creyentes en los GENA cuando hay algunas iglesias o creyentes. Sin embargo, eso no es posible en los GEF. Se requiere labor pionera para establecer los primeros \u201chogares de paz\u201d creyentes, que luego puedan mostrar a otros lo que significa seguir a Jes\u00fas (Lc 10).<\/p>\n<p><em>Padre, por favor env\u00eda obreros pioneros a los Grupos \u00e9tnicos fronterizos que no tienen creyentes con quienes colaborar. Env\u00eda a Tus obreros a sembrar Tu Palabra entre estos Grupos \u00e9tnicos fronterizos m\u00e1s grandes (Mt 9:37-28; Lc 10:2). Gu\u00edalos a hogares de paz dignos que T\u00fa has preparado de antemano (Mt 10; Lc 10), que se reproduzcan al treinta, sesenta e incluso ciento por uno (Mt 13; Mr 4; Lc 8), como la buena tierra.<\/em><\/p>\n","protected":false},"excerpt":{"rendered":"<p>No podemos seguir haciendo lo mismo y esperar un resultado diferente. Necesitamos descubrir por qu\u00e9 estos grupos tan grandes o [&hellip;]<\/p>\n","protected":false},"author":1,"featured_media":0,"parent":0,"menu_order":0,"comment_status":"closed","ping_status":"closed","template":"","meta":{"_acf_changed":false,"_lmt_disableupdate":"no","_lmt_disable":"","footnotes":""},"class_list":["post-288","page","type-page","status-publish","hentry"],"acf":{"show_to_menu":false},"_links":{"self":[{"href":"https:\/\/blessfrontierpeoples.org\/es\/wp-json\/wp\/v2\/pages\/288","targetHints":{"allow":["GET"]}}],"collection":[{"href":"https:\/\/blessfrontierpeoples.org\/es\/wp-json\/wp\/v2\/pages"}],"about":[{"href":"https:\/\/blessfrontierpeoples.org\/es\/wp-json\/wp\/v2\/types\/page"}],"author":[{"embeddable":true,"href":"https:\/\/blessfrontierpeoples.org\/es\/wp-json\/wp\/v2\/users\/1"}],"replies":[{"embeddable":true,"href":"https:\/\/blessfrontierpeoples.org\/es\/wp-json\/wp\/v2\/comments?post=288"}],"version-history":[{"count":6,"href":"https:\/\/blessfrontierpeoples.org\/es\/wp-json\/wp\/v2\/pages\/288\/revisions"}],"predecessor-version":[{"id":1442,"href":"https:\/\/blessfrontierpeoples.org\/es\/wp-json\/wp\/v2\/pages\/288\/revisions\/1442"}],"wp:attachment":[{"href":"https:\/\/blessfrontierpeoples.org\/es\/wp-json\/wp\/v2\/media?parent=288"}],"curies":[{"name":"wp","href":"https:\/\/api.w.org\/{rel}","templated":true}]}}