{"id":290,"date":"2022-04-28T14:27:15","date_gmt":"2022-04-28T14:27:15","guid":{"rendered":"http:\/\/fpg.gremza.al\/?page_id=290"},"modified":"2025-10-25T12:56:33","modified_gmt":"2025-10-25T12:56:33","slug":"movimientos-de-jesus-como-los-grupos-de-personas-llegan-a-jesus","status":"publish","type":"page","link":"https:\/\/blessfrontierpeoples.org\/es\/movimientos-de-jesus-como-los-grupos-de-personas-llegan-a-jesus\/","title":{"rendered":"Movimientos de Jes\u00fas: C\u00f3mo los Grupos de Personas Llegan a Jes\u00fas"},"content":{"rendered":"<p><img loading=\"lazy\" decoding=\"async\" class=\"size-full wp-image-1326 aligncenter img-responsive img-shadow\" src=\"http:\/\/blessfrontierpeoples.org\/wp-content\/uploads\/2025\/08\/Screenshot-2025-08-30-at-17-59-59-FPG-Prayer-Guide-051425-Final-4-FPG_Prayer_Guide_2025_Update-1-.pdf.png\" alt=\"\" width=\"398\" height=\"433\" \/><\/p>\n<p>En la mayor\u00eda de los GEF, la gente cree que seguir a Jes\u00fas significa traicionar a su familia para unirse a un pueblo \u201ccristiano\u201d diferente. Cuando los primeros creyentes abandonan su grupo de origen, dificultan que la bendici\u00f3n de Dios se extienda entre ellos. Pero en la Palabra de Dios vemos que Jes\u00fas derrama amor sobre sus seguidores en todas partes, y los env\u00eda de regreso a sus comunidades samaritanas o gentiles para llevar bendici\u00f3n y paz a los que est\u00e1n all\u00ed (Jn 4; Mc 5:1\u201320).<\/p>\n<p>En el libro de los Hechos, el Esp\u00edritu de Dios difundi\u00f3 r\u00e1pidamente de casa en casa las Buenas Noticias de la resurrecci\u00f3n de Jes\u00fas y el perd\u00f3n de los pecados, aun sin escrituras impresas, edificios de iglesia ni predicadores asalariados (Hch 6:7; 9:31; 12:24; 16:5).<\/p>\n<p>Los movimientos en Hechos fueron el medio por el cual la fe en Jes\u00fas creci\u00f3 m\u00e1s r\u00e1pido que la poblaci\u00f3n, entre jud\u00edos, samaritanos y pueblos gentiles. Cuando el Esp\u00edritu de Dios enciende movimientos hacia Jes\u00fas, estos transforman las comunidades y los pueblos existentes al traer las bendiciones de Dios a las familias.<\/p>\n<p><strong>\u00bfPor qu\u00e9 son necesarios los movimientos?<\/strong><\/p>\n<p>En la historia, ning\u00fan pueblo ha llegado a identificarse con Jes\u00fas sin que ocurriera un movimiento aut\u00f3ctono hacia \u00c9l. Cada generaci\u00f3n de creyentes se extinguir\u00e1 si no hay un movimiento de fe. Y los Grupos \u00e9tnicos fronterizos nunca han tenido un movimiento aut\u00f3ctono creciente, aun cuando por siglos hayan recibido muchos testigos que vinieron a hablarles de Jes\u00fas.<\/p>\n<p>En lugares como China, transcurrieron m\u00e1s de 100 a\u00f1os de testimonio antes de que el pueblo comprendiera que el Dios Creador tambi\u00e9n es su Dios y que Jes\u00fas tambi\u00e9n los libera del pecado y de la muerte. Viudas creyentes en China y Corea difundieron r\u00e1pidamente las Buenas Noticias de pueblo en pueblo. Hoy, m\u00e1s del 10% del pueblo chino y el 30% de los coreanos est\u00e1n comprometidos con Jes\u00fas. Los GEF tienden a creer que Jes\u00fas es solo para cristianos extranjeros y expulsan a quienes lo siguen. Pero cuando ven que hogares dentro de su propio grupo se convierten en creyentes, y que hogares de fe experimentan y cuentan sanidades y bendiciones de Jes\u00fas, el pueblo comienza a entender que Jes\u00fas es el Salvador de todo el mundo, incluidos ellos (Jn 4:42).<\/p>\n<p>\u00a1Anhelamos que venga el Reino de Dios en la tierra como en el cielo! As\u00ed que oremos persistentemente para que los movimientos hacia Jes\u00fas se propaguen r\u00e1pidamente y traigan la bendici\u00f3n prometida de Dios a las familias de la tierra. Ora especialmente por aquellos pueblos que a\u00fan no han tenido ning\u00fan movimiento hacia Jes\u00fas: los Grupos \u00e9tnicos fronterizos.<\/p>\n<p>Fuentes sobre discipular mediante movimientos:<\/p>\n<p>\u2022 <a href=\"https:\/\/tam.oms.training\" target=\"_blank\" rel=\"noopener noreferrer\">tam.oms.training<\/a><\/p>\n<p>\u2022 <a href=\"https:\/\/zume.training\" target=\"_blank\" rel=\"noopener noreferrer\">zume.training<\/a><\/p>\n<p>\u2022 <a href=\"https:\/\/peopleofyes.com\" target=\"_blank\" rel=\"noopener noreferrer\">peopleofyes.com<\/a><\/p>\n<p>\u2022 <a href=\"https:\/\/moredisciples.com\" target=\"_blank\" rel=\"noopener noreferrer\">moredisciples.com<\/a><\/p>\n<p>\u2022 <a href=\"https:\/\/obedience.life\/resources\" target=\"_blank\" rel=\"noopener noreferrer\">obedience.life\/resources<\/a><\/p>\n<p>Ejemplo en video de c\u00f3mo pueden funcionar los Movimientos de Jes\u00fas:<\/p>\n<p><a href=\"https:\/\/youtu.be\/s-IUraCyByU?t=285\" target=\"_blank\" rel=\"noopener noreferrer\">Clip de YouTube (empieza en 4:45)<\/a><\/p>\n","protected":false},"excerpt":{"rendered":"<p>En la mayor\u00eda de los GEF, la gente cree que seguir a Jes\u00fas significa traicionar a su familia para unirse [&hellip;]<\/p>\n","protected":false},"author":1,"featured_media":0,"parent":0,"menu_order":0,"comment_status":"closed","ping_status":"closed","template":"","meta":{"_acf_changed":false,"_lmt_disableupdate":"no","_lmt_disable":"","footnotes":""},"class_list":["post-290","page","type-page","status-publish","hentry"],"acf":{"show_to_menu":true},"_links":{"self":[{"href":"https:\/\/blessfrontierpeoples.org\/es\/wp-json\/wp\/v2\/pages\/290","targetHints":{"allow":["GET"]}}],"collection":[{"href":"https:\/\/blessfrontierpeoples.org\/es\/wp-json\/wp\/v2\/pages"}],"about":[{"href":"https:\/\/blessfrontierpeoples.org\/es\/wp-json\/wp\/v2\/types\/page"}],"author":[{"embeddable":true,"href":"https:\/\/blessfrontierpeoples.org\/es\/wp-json\/wp\/v2\/users\/1"}],"replies":[{"embeddable":true,"href":"https:\/\/blessfrontierpeoples.org\/es\/wp-json\/wp\/v2\/comments?post=290"}],"version-history":[{"count":8,"href":"https:\/\/blessfrontierpeoples.org\/es\/wp-json\/wp\/v2\/pages\/290\/revisions"}],"predecessor-version":[{"id":1430,"href":"https:\/\/blessfrontierpeoples.org\/es\/wp-json\/wp\/v2\/pages\/290\/revisions\/1430"}],"wp:attachment":[{"href":"https:\/\/blessfrontierpeoples.org\/es\/wp-json\/wp\/v2\/media?parent=290"}],"curies":[{"name":"wp","href":"https:\/\/api.w.org\/{rel}","templated":true}]}}