{"id":315,"date":"2022-04-28T14:47:23","date_gmt":"2022-04-28T14:47:23","guid":{"rendered":"http:\/\/fpg.gremza.al\/?page_id=315"},"modified":"2025-10-25T12:56:42","modified_gmt":"2025-10-25T12:56:42","slug":"ora-por-el-acceso-a-la-biblia-escuchar-a-dios-hablar","status":"publish","type":"page","link":"https:\/\/blessfrontierpeoples.org\/es\/ora-por-el-acceso-a-la-biblia-escuchar-a-dios-hablar\/","title":{"rendered":"Ora por el Acceso a la Biblia: Escuchar a Dios Hablar"},"content":{"rendered":"<p><strong><img loading=\"lazy\" decoding=\"async\" class=\"size-full wp-image-1331 aligncenter img-responsive img-shadow\" src=\"http:\/\/blessfrontierpeoples.org\/wp-content\/uploads\/2025\/08\/WhatsApp_Image_2025-08-30_at_18.28.05_63a6ebfd-removebg-preview.png\" alt=\"\" width=\"611\" height=\"409\" \/><\/strong><\/p>\n<p><strong>Tener las Escrituras es crucial:<\/strong> Las Escrituras son la autoridad para los creyentes en todo movimiento del evangelio. Incluso en culturas no alfabetizadas, donde se comparten mediante grabaciones de audio o relatos orales, son esenciales para guiar a los creyentes en la obediencia y la doctrina.<\/p>\n<p>Se ha logrado un gran progreso en la traducci\u00f3n b\u00edblica: \u00a1m\u00e1s del 90% de la poblaci\u00f3n mundial tiene al menos el Nuevo Testamento disponible! Entre los GEF de esta gu\u00eda de oraci\u00f3n, los 36 tienen el NT en un \u201cidioma escolar oficial\u201d que pueden leer si han sido educados hasta la adultez, y todos salvo 4 de esos idiomas tienen las Escrituras completas. Sin embargo, debido a diferencias dialectales significativas, bajos niveles de alfabetizaci\u00f3n y una distribuci\u00f3n deficiente de Escrituras asequibles, un gran porcentaje de la poblaci\u00f3n de estos GEF en realidad no tiene acceso a la Escritura. Siendo principalmente comunicadores orales, las Escrituras orales en el idioma del coraz\u00f3n de un GEF son esenciales para que el evangelio sea o\u00eddo, entendido y para que ocurra la transformaci\u00f3n del coraz\u00f3n: \u00a127 de estos 36 GEF tienen una Biblia oral completa en su lengua materna!<\/p>\n<p><strong>Ora por la alfabetizaci\u00f3n: Un puente hacia la esperanza<\/strong><\/p>\n<p><strong>Los beneficios de la alfabetizaci\u00f3n son muchos:<\/strong> La alfabetizaci\u00f3n crea oportunidades para aprender y desarrollar habilidades que ayudar\u00e1n a las personas a sustentar a su familia y a traer desarrollo social y econ\u00f3mico a su comunidad. Puede beneficiar la salud, disminuir significativamente la mortalidad infantil y ayudar a las personas a acceder a la educaci\u00f3n y a los programas gubernamentales. Comunidades enteras pueden salir de la pobreza al alfabetizarse en su propio idioma y\/o en idiomas de intercambio. Y, por \u00faltimo pero no menos importante, capacita a las personas para leer las Escrituras. De los 31 GEF m\u00e1s grandes, 20 hablan hindi y 3 hablan urdu, idiomas muy similares.<\/p>\n<p><strong>Se ha logrado un gran progreso:<\/strong> En 1820 solo el 12% de la gente del mundo pod\u00eda leer, y hoy el 86% sabe leer. Aun as\u00ed, las personas m\u00e1s pobres suelen ser las menos educadas y menos alfabetizadas. M\u00e1s del 75% de los 781 millones de adultos analfabetos del mundo viven en Asia del Sur, Asia Occidental y \u00c1frica subsahariana, y la mayor\u00eda son mujeres. Con pocos materiales escritos en su idioma, incluso quienes saben leer a menudo no leen con fluidez.<\/p>\n<p><strong>Bendecir a las familias con alfabetizaci\u00f3n:<\/strong> La alfabetizaci\u00f3n de adultos es baja en muchos de los GEF m\u00e1s grandes y podr\u00eda ser una v\u00eda para bendecir a las familias. Hay capacitaci\u00f3n disponible sobre c\u00f3mo ense\u00f1ar a adultos a leer r\u00e1pidamente su propio idioma, con cartillas para todos los idiomas de los 31 GEF m\u00e1s grandes en literacyevangelism.org. Estas cartillas tambi\u00e9n pueden ayudar a los trabajadores expatriados a aprender a leer los idiomas que est\u00e1n aprendiendo en los Grupos \u00e9tnicos fronterizos.<\/p>\n<p style=\"text-align: center;\"><em>Ora para que muchos obreros adopten la visi\u00f3n de usar la capacitaci\u00f3n en alfabetizaci\u00f3n de adultos como un puente hacia los GEF. Ora para que los creyentes locales sean capacitados para ense\u00f1ar alfabetizaci\u00f3n a su propio pueblo. Ora para que muchas familias sean bendecidas cuando las madres y los padres, y otros miembros de la familia, aprendan a leer y a amar las Escrituras.<\/em><\/p>\n<p>Muchos de estos grupos grandes tienen trabajo de traducci\u00f3n hecho, pero est\u00e1 desactualizado y hay pocos otros recursos en su idioma. Las traducciones modernas para los GEF est\u00e1n siendo actualizadas por GIFT: <a href=\"http:\/\/www.gifttransforms.org\/\" target=\"_blank\" rel=\"noopener noreferrer\">www.gifttransforms.org\/<\/a>. Para cada uno de los GEF hemos incluido si ese grupo tiene Escrituras escritas y orales. Y para una lista completa de traducciones b\u00edblicas y recursos visita: joshuaproject.net\/languages o find.bible\/languages\/.<\/p>\n<p style=\"text-align: center;\"><em>Ora para que se completen las traducciones, Biblias en audio y orales y otros recursos, especialmente entre los pueblos no alfabetizados o comunicadores orales dentro de cada uno de los GEF. Ora para que la Palabra de Dios y otros recursos se den a conocer y sean adquiridos por quienes los buscan. Ora para que cada persona encuentre la Palabra de Dios en su propio idioma del coraz\u00f3n y la entienda y la aplique. Ora para que la Palabra de Dios se difunda r\u00e1pidamente y sea honrada por todos. Ora para que muchos basen su vida en Jes\u00fas y en su Palabra, siendo hacedores obedientes y no oidores olvidadizos. P\u00eddele a Dios que exalte su Palabra entre cada Grupo \u00e9tnico fronterizo mediante Escrituras en lenguaje moderno que puedan entender leyendo y\/o escuchando para 2025 (2 Tes. 3:1; Ef. 4:16).<\/em><\/p>\n<p style=\"text-align: center;\"><em><strong>La fe viene por o\u00edr la Palabra de Dios y la transformaci\u00f3n por obedecerla.<\/strong><\/em><\/p>\n","protected":false},"excerpt":{"rendered":"<p>Tener las Escrituras es crucial: Las Escrituras son la autoridad para los creyentes en todo movimiento del evangelio. Incluso en [&hellip;]<\/p>\n","protected":false},"author":1,"featured_media":0,"parent":0,"menu_order":0,"comment_status":"closed","ping_status":"closed","template":"","meta":{"_acf_changed":false,"_lmt_disableupdate":"no","_lmt_disable":"","footnotes":""},"class_list":["post-315","page","type-page","status-publish","hentry"],"acf":{"show_to_menu":false},"_links":{"self":[{"href":"https:\/\/blessfrontierpeoples.org\/es\/wp-json\/wp\/v2\/pages\/315","targetHints":{"allow":["GET"]}}],"collection":[{"href":"https:\/\/blessfrontierpeoples.org\/es\/wp-json\/wp\/v2\/pages"}],"about":[{"href":"https:\/\/blessfrontierpeoples.org\/es\/wp-json\/wp\/v2\/types\/page"}],"author":[{"embeddable":true,"href":"https:\/\/blessfrontierpeoples.org\/es\/wp-json\/wp\/v2\/users\/1"}],"replies":[{"embeddable":true,"href":"https:\/\/blessfrontierpeoples.org\/es\/wp-json\/wp\/v2\/comments?post=315"}],"version-history":[{"count":5,"href":"https:\/\/blessfrontierpeoples.org\/es\/wp-json\/wp\/v2\/pages\/315\/revisions"}],"predecessor-version":[{"id":1432,"href":"https:\/\/blessfrontierpeoples.org\/es\/wp-json\/wp\/v2\/pages\/315\/revisions\/1432"}],"wp:attachment":[{"href":"https:\/\/blessfrontierpeoples.org\/es\/wp-json\/wp\/v2\/media?parent=315"}],"curies":[{"name":"wp","href":"https:\/\/api.w.org\/{rel}","templated":true}]}}