{"id":319,"date":"2022-04-28T14:48:11","date_gmt":"2022-04-28T14:48:11","guid":{"rendered":"http:\/\/fpg.gremza.al\/?page_id=319"},"modified":"2025-10-25T12:57:19","modified_gmt":"2025-10-25T12:57:19","slug":"ora-para-bendecir-a-las-familias-cumpliendo-el-pacto-de-dios","status":"publish","type":"page","link":"https:\/\/blessfrontierpeoples.org\/es\/ora-para-bendecir-a-las-familias-cumpliendo-el-pacto-de-dios\/","title":{"rendered":"Ora para Bendecir a las Familias: Cumpliendo el Pacto de Dios"},"content":{"rendered":"<p>En Gn. 12:3b, Dios escribi\u00f3: \u201cEn ti ser\u00e1n benditas todas las familias de la tierra\u201d. Desde que cre\u00f3 a Ad\u00e1n y Eva, al dar el pacto con Abraham, y hasta hoy, Dios no ha cambiado Su plan global para redimir a las familias de la tierra. Por miles de a\u00f1os \u00c9l ha recordado y cumplido Su pacto de amor y bendiciones tanto en como a trav\u00e9s de las familias extensas. Y Su misericordia es nueva cada ma\u00f1ana. As\u00ed sabemos qu\u00e9 es el Amor Verdadero: al mirar al Dios que en verdad es Amor. Jes\u00fas dijo que amar a Dios y a quienes est\u00e1n cerca de nosotros resume toda la ley y los profetas. El amor suena tan hermoso\u2026 \u00a1hasta que la vida nos confronta con lo que realmente exige! El amor siempre implica dolor y sacrificio. Su amor por nosotros llev\u00f3 a Jes\u00fas a la cruz. Para que Su amor prospere dentro de nuestra propia familia, tambi\u00e9n se requiere de nosotros un sacrificio constante, as\u00ed como arrepentimiento diario, perd\u00f3n y elegir la gracia cuando quienes est\u00e1n m\u00e1s cerca no la merecen. Todos fallamos a veces, aun cuando Jes\u00fas nos fortalece. \u00a1Piensa cu\u00e1n dif\u00edcil resultan el amor y el perd\u00f3n para nuevos Seguidores de Jes\u00fas en un Grupo \u00e9tnico fronterizo sin antecedentes del ejemplo sacrificial de Jes\u00fas! Las familias de los GEF pueden f\u00e1cilmente interpretar la fe de un nuevo creyente como una traici\u00f3n a su herencia. Los movimientos hacia Jes\u00fas se marchitan cuando los nuevos creyentes descuidan a sus familias. El ap\u00f3stol Pablo dijo que una familia sana era un requisito para cualquiera a quien se le confiaran responsabilidades de ministerio. As\u00ed que, mientras \u201crogamos al Se\u00f1or de la mies que env\u00ede obreros\u201d con Sus grandes Buenas Noticias a nuestros futuros hermanos y hermanas en los GEF, p\u00eddele a Dios que los llene de Su profundo amor por familias enteras, no solo por individuos. Ora para que las \u201cfamilias de Jes\u00fas\u201d prosperen y se multipliquen en movimientos de sanidad, creciendo como el grano de mostaza hasta que Su amor gobierne su comunidad y m\u00e1s all\u00e1. \u00a1El plan de Dios sigue siendo el mismo!<\/p>\n","protected":false},"excerpt":{"rendered":"<p>En Gn. 12:3b, Dios escribi\u00f3: \u201cEn ti ser\u00e1n benditas todas las familias de la tierra\u201d. Desde que cre\u00f3 a Ad\u00e1n [&hellip;]<\/p>\n","protected":false},"author":1,"featured_media":0,"parent":0,"menu_order":0,"comment_status":"closed","ping_status":"closed","template":"","meta":{"_acf_changed":false,"_lmt_disableupdate":"no","_lmt_disable":"","footnotes":""},"class_list":["post-319","page","type-page","status-publish","hentry"],"acf":{"show_to_menu":true},"_links":{"self":[{"href":"https:\/\/blessfrontierpeoples.org\/es\/wp-json\/wp\/v2\/pages\/319","targetHints":{"allow":["GET"]}}],"collection":[{"href":"https:\/\/blessfrontierpeoples.org\/es\/wp-json\/wp\/v2\/pages"}],"about":[{"href":"https:\/\/blessfrontierpeoples.org\/es\/wp-json\/wp\/v2\/types\/page"}],"author":[{"embeddable":true,"href":"https:\/\/blessfrontierpeoples.org\/es\/wp-json\/wp\/v2\/users\/1"}],"replies":[{"embeddable":true,"href":"https:\/\/blessfrontierpeoples.org\/es\/wp-json\/wp\/v2\/comments?post=319"}],"version-history":[{"count":7,"href":"https:\/\/blessfrontierpeoples.org\/es\/wp-json\/wp\/v2\/pages\/319\/revisions"}],"predecessor-version":[{"id":1440,"href":"https:\/\/blessfrontierpeoples.org\/es\/wp-json\/wp\/v2\/pages\/319\/revisions\/1440"}],"wp:attachment":[{"href":"https:\/\/blessfrontierpeoples.org\/es\/wp-json\/wp\/v2\/media?parent=319"}],"curies":[{"name":"wp","href":"https:\/\/api.w.org\/{rel}","templated":true}]}}