{"id":321,"date":"2022-04-28T14:48:28","date_gmt":"2022-04-28T14:48:28","guid":{"rendered":"http:\/\/fpg.gremza.al\/?page_id=321"},"modified":"2025-10-25T12:58:04","modified_gmt":"2025-10-25T12:58:04","slug":"ora-por-los-perseguidos-liberacion-de-la-muerte","status":"publish","type":"page","link":"https:\/\/blessfrontierpeoples.org\/es\/ora-por-los-perseguidos-liberacion-de-la-muerte\/","title":{"rendered":"Ora por los Perseguidos: Liberaci\u00f3n de la Muerte"},"content":{"rendered":"<p><img loading=\"lazy\" decoding=\"async\" class=\"size-full wp-image-1350 aligncenter img-responsive img-shadow\" src=\"http:\/\/blessfrontierpeoples.org\/wp-content\/uploads\/2025\/08\/Screenshot-2025-08-30-at-18-59-07-FPG-Prayer-Guide-051425-Final-4-FPG_Prayer_Guide_2025_Update-1-.pdf.png\" alt=\"\" width=\"361\" height=\"260\" \/><\/p>\n<p>Los primeros Seguidores de Jes\u00fas fueron perseguidos por su fe en todo el Imperio romano. Todos los disc\u00edpulos originales murieron a causa de la persecuci\u00f3n, excepto Juan. Hoy la persecuci\u00f3n de los creyentes est\u00e1 en aumento. Seg\u00fan Open Doors, en 2021 m\u00e1s de 340 millones de Seguidores de Jes\u00fas enfrentaron persecuci\u00f3n o discriminaci\u00f3n por su fe. Hubo un alarmante aumento del 60% en las muertes en 2019 y un 24% adicional en 2020\u2014cuando 5,898 creyentes fueron asesinados por su fe en Jes\u00fas.<\/p>\n<p style=\"text-align: center;\"><em>Ora para que Dios proteja a los creyentes, iglesias u organizaciones que est\u00e1n siendo atacadas. Ora para que el testimonio de los m\u00e1rtires hable a muchos. Ora por los cientos de miles de Seguidores de Jes\u00fas que se han visto obligados a dejar sus hogares o a esconderse por razones relacionadas con su fe.<\/em><\/p>\n<p>La persecuci\u00f3n de otros pueblos tambi\u00e9n contin\u00faa en todo el mundo, especialmente contra los grupos minoritarios. Durante 35 a\u00f1os, el gobierno chino persigui\u00f3 a su propio pueblo, obligando a millones de mujeres a abortar con su regla del \u201chijo \u00fanico\u201d. Ahora est\u00e1 utilizando a prisioneros y a pueblos minoritarios como los uigures para su industria de trasplantes de \u00f3rganos (ver amnesty.org).<\/p>\n<p style=\"text-align: center;\"><em>Ora por quienes est\u00e1n siendo asesinados u oprimidos por su fe, por sus creencias religiosas o por pertenecer a un pueblo minoritario. Ora contra el uso creciente de la tecnolog\u00eda para la persecuci\u00f3n, incluyendo la vigilancia en video y digital, las aplicaciones de rastreo de contactos y otras tecnolog\u00edas. Ora para que la pandemia no sea utilizada para justificar la discriminaci\u00f3n contra nadie.<\/em><\/p>\n<p>Aunque no es lo mismo que la persecuci\u00f3n, personas inocentes pueden convertirse en blanco en disputas fronterizas o de soberan\u00eda. Entre dos y tres millones de personas en Bangladesh murieron cuando declar\u00f3 su independencia de Pakist\u00e1n en 1971. Civiles ucranianos est\u00e1n siendo masacrados en una guerra violenta para arrebatar su territorio. Conflictos como estos tambi\u00e9n resultan en millones de personas desplazadas cada a\u00f1o.<\/p>\n<p style=\"text-align: center;\"><em>Ora por los muchos GEF que est\u00e1n sufriendo generaciones de conflicto interminable, como los pueblos de Afganist\u00e1n. P\u00eddele a Dios que ayude a las familias atrapadas en las guerras.<\/em><\/p>\n<p style=\"text-align: center;\"><em>Ora por las organizaciones de ayuda y otros que trabajan en estas \u00e1reas: <a href=\"http:\/\/www.runministries.org\/ministries\" target=\"_blank\" rel=\"noopener noreferrer\">www.runministries.org\/ministries<\/a>, <a href=\"http:\/\/www.fai.org\" target=\"_blank\" rel=\"noopener noreferrer\">www.fai.org<\/a>, samaritanspurse.org.<\/em><\/p>\n<p style=\"text-align: center;\"><em>Ora para que Jes\u00fas traiga paz y sanidad a los problemas y sufrimientos del mundo, y revele a los GEF que \u00c9l ha vencido la muerte.<\/em><\/p>\n<p>contigo por los GEF que casi no tienen oportunidad de o\u00edr las Buenas Noticias. Ens\u00e9\u00f1ales a orar para que personas vayan a hacer disc\u00edpulos de todas las naciones hasta que no quede ning\u00fan lugar donde las Buenas Noticias no se hayan extendido. Haz que oren por los pobres, los perseguidos, los analfabetos y quienes no tienen la Palabra de Dios. An\u00edmalos a aprender sobre diferentes culturas, religiones y GEF para fortalecer sus oraciones. Y ens\u00e9\u00f1ales acerca del amor de Dios por todas las familias de la tierra, para que tambi\u00e9n sepan cu\u00e1n importante y valiosa es cada persona para \u00c9l. Usa estos C\u00f3digos QR para acceder a una gu\u00eda de oraci\u00f3n y a un podcast que gu\u00eda a los ni\u00f1os en oraci\u00f3n por los GEF:<\/p>\n<p><img loading=\"lazy\" decoding=\"async\" class=\"size-full wp-image-1351 aligncenter img-responsive img-shadow\" src=\"http:\/\/blessfrontierpeoples.org\/wp-content\/uploads\/2025\/08\/Screenshot-2025-08-30-at-18-59-57-FPG-Prayer-Guide-051425-Final-4-FPG_Prayer_Guide_2025_Update-1-.pdf.png\" alt=\"\" width=\"390\" height=\"126\" \/><\/p>\n","protected":false},"excerpt":{"rendered":"<p>Los primeros Seguidores de Jes\u00fas fueron perseguidos por su fe en todo el Imperio romano. Todos los disc\u00edpulos originales murieron [&hellip;]<\/p>\n","protected":false},"author":1,"featured_media":0,"parent":0,"menu_order":0,"comment_status":"closed","ping_status":"closed","template":"","meta":{"_acf_changed":false,"_lmt_disableupdate":"no","_lmt_disable":"","footnotes":""},"class_list":["post-321","page","type-page","status-publish","hentry"],"acf":{"show_to_menu":true},"_links":{"self":[{"href":"https:\/\/blessfrontierpeoples.org\/es\/wp-json\/wp\/v2\/pages\/321","targetHints":{"allow":["GET"]}}],"collection":[{"href":"https:\/\/blessfrontierpeoples.org\/es\/wp-json\/wp\/v2\/pages"}],"about":[{"href":"https:\/\/blessfrontierpeoples.org\/es\/wp-json\/wp\/v2\/types\/page"}],"author":[{"embeddable":true,"href":"https:\/\/blessfrontierpeoples.org\/es\/wp-json\/wp\/v2\/users\/1"}],"replies":[{"embeddable":true,"href":"https:\/\/blessfrontierpeoples.org\/es\/wp-json\/wp\/v2\/comments?post=321"}],"version-history":[{"count":7,"href":"https:\/\/blessfrontierpeoples.org\/es\/wp-json\/wp\/v2\/pages\/321\/revisions"}],"predecessor-version":[{"id":1449,"href":"https:\/\/blessfrontierpeoples.org\/es\/wp-json\/wp\/v2\/pages\/321\/revisions\/1449"}],"wp:attachment":[{"href":"https:\/\/blessfrontierpeoples.org\/es\/wp-json\/wp\/v2\/media?parent=321"}],"curies":[{"name":"wp","href":"https:\/\/api.w.org\/{rel}","templated":true}]}}