{"id":323,"date":"2022-04-28T14:48:45","date_gmt":"2022-04-28T14:48:45","guid":{"rendered":"http:\/\/fpg.gremza.al\/?page_id=323"},"modified":"2025-10-25T12:57:08","modified_gmt":"2025-10-25T12:57:08","slug":"ora-por-los-pobres-abordando-los-problemas-de-raiz","status":"publish","type":"page","link":"https:\/\/blessfrontierpeoples.org\/es\/ora-por-los-pobres-abordando-los-problemas-de-raiz\/","title":{"rendered":"Ora por los Pobres: Abordando los Problemas de Ra\u00edz"},"content":{"rendered":"<p><em> Las causas de la pobreza son bastante complejas y los intentos de desarrollo a menudo fracasan. Un informe de las Naciones Unidas de 2021 mostr\u00f3 que los niveles de pobreza var\u00edan enormemente entre diferentes grupos \u00e9tnicos dentro de un pa\u00eds. Por ejemplo, en India cinco de cada seis personas pobres pertenec\u00edan a tribus o castas m\u00e1s bajas. Los niveles de pobreza se eval\u00faan con base en la salud, la educaci\u00f3n, la vivienda, el acceso a agua potable y otros niveles de vida. (hdr.undp.org\/en\/2021-MPI, stratus.earth)<\/em><\/p>\n<p><em>Ora para que el Se\u00f1or d\u00e9 sabidur\u00eda a los obreros entre los pobres, d\u00e1ndoles discernimiento sobre los problemas de ra\u00edz y soluciones a largo plazo. Ora para que los pobres experimenten el gran amor de Dios por sus familias a trav\u00e9s de los obreros.<\/em><\/p>\n<p>Se han logrado grandes avances con la llegada de la electricidad, el transporte, los tel\u00e9fonos m\u00f3viles y la ayuda con el suministro de agua y la salud. Solo en los \u00faltimos veinte a\u00f1os, m\u00e1s de mil millones de personas dejaron atr\u00e1s las condiciones de vida m\u00e1s empobrecidas, y el n\u00famero de personas que viven con m\u00e1s de 10 d\u00f3lares al d\u00eda ha aumentado en 900 millones. (iresearch.worldbank.org\/PovcalNetpov DuplicateWB.aspx)<\/p>\n<p>Pero, aunque la pobreza extrema ha disminuido, muchas personas a\u00fan pasan hambre, sufren de mala salud, carecen de educaci\u00f3n y viven en condiciones por debajo del est\u00e1ndar, y los confinamientos por la COVID han empeorado las cosas. El ochenta y cinco por ciento del mundo vive con menos de 30 d\u00f3lares al d\u00eda, dos tercios viven con menos de 10 d\u00f3lares al d\u00eda y el 10% vive con menos de 1.90 d\u00f3lares al d\u00eda. (ourworldindata.org\/extreme-poverty, urgentneeds.org\/)<\/p>\n<p>La adicci\u00f3n a las drogas provoca pobreza y trata de personas con fines sexuales cuando las familias adictas intentan sobrevivir. Muchas personas en los GEF luchan con adicci\u00f3n al alcohol o a las drogas, consumiendo los escasos recursos de los pobres. Mujeres en los barrios marginales de \u00c1frica del Norte e India dijeron que \u201cel alcohol es nuestro peor problema\u201d. Bajo el dominio occidental, Afganist\u00e1n produjo m\u00e1s del 90% de la hero\u00edna ilegal del mundo, con una tasa de adicci\u00f3n del 8% en su propia poblaci\u00f3n; tambi\u00e9n alta en la vecina Ir\u00e1n. Desde que los talibanes tomaron el poder en agosto de 2021, han denunciado el \u201cnarcoestado\u201d, prohibido el cultivo de opio y establecido cl\u00ednicas de rehabilitaci\u00f3n para adultos y ni\u00f1os, ya que el Cor\u00e1n proh\u00edbe el uso de sustancias embriagantes.<\/p>\n<p style=\"text-align: center;\"><em>Ora para que los creyentes y las organizaciones piadosas muestren el amor de Jes\u00fas por las personas adictas ayud\u00e1ndolas a liberarse de las drogas y a encontrar otras fuentes de ingreso que reemplacen el narcotr\u00e1fico y la trata. Ora para que los creyentes puedan ayudar a las familias a encontrar otras formas de empleo que bendigan a sus familias y comunidades.<\/em><\/p>\n<p><em><img loading=\"lazy\" decoding=\"async\" class=\"size-full wp-image-1347 aligncenter img-responsive img-shadow\" src=\"http:\/\/blessfrontierpeoples.org\/wp-content\/uploads\/2025\/08\/Screenshot-2025-08-30-at-18-51-35-FPG-Prayer-Guide-051425-Final-4-FPG_Prayer_Guide_2025_Update-1-.pdf.png\" alt=\"\" width=\"291\" height=\"295\" \/><\/em><\/p>\n<p><strong>\u00a1Anima a los j\u00f3venes y a los ni\u00f1os a orar!<\/strong><\/p>\n<p>Los disc\u00edpulos apartaron a los ni\u00f1os para evitar que \u201cmolestaran\u201d a Jes\u00fas, pero Jes\u00fas consider\u00f3 que los ni\u00f1os merec\u00edan Su tiempo y dijo a Sus disc\u00edpulos que los ni\u00f1os tienen un don en la manera en que reciben el reino de Dios. Dijo:<\/p>\n<p style=\"text-align: center;\"><strong><em>\u201cDejen que los ni\u00f1os vengan a m\u00ed. \u00a1No se lo impidan! Porque el reino de Dios pertenece a quienes son como estos ni\u00f1os.\u201d (Mr 10:14)<\/em><\/strong><\/p>\n<p>No somos mejores que los disc\u00edpulos que intentaban apartar a los ni\u00f1os si solo les ense\u00f1amos acerca de Jes\u00fas pero no c\u00f3mo relacionarse con \u00c9l; as\u00ed que, cuando surja la oportunidad, an\u00edmalos y ens\u00e9\u00f1ales a orar. Haz que oren.<\/p>\n","protected":false},"excerpt":{"rendered":"<p>Las causas de la pobreza son bastante complejas y los intentos de desarrollo a menudo fracasan. Un informe de las [&hellip;]<\/p>\n","protected":false},"author":1,"featured_media":0,"parent":0,"menu_order":0,"comment_status":"closed","ping_status":"closed","template":"","meta":{"_acf_changed":false,"_lmt_disableupdate":"no","_lmt_disable":"","footnotes":""},"class_list":["post-323","page","type-page","status-publish","hentry"],"acf":{"show_to_menu":true},"_links":{"self":[{"href":"https:\/\/blessfrontierpeoples.org\/es\/wp-json\/wp\/v2\/pages\/323","targetHints":{"allow":["GET"]}}],"collection":[{"href":"https:\/\/blessfrontierpeoples.org\/es\/wp-json\/wp\/v2\/pages"}],"about":[{"href":"https:\/\/blessfrontierpeoples.org\/es\/wp-json\/wp\/v2\/types\/page"}],"author":[{"embeddable":true,"href":"https:\/\/blessfrontierpeoples.org\/es\/wp-json\/wp\/v2\/users\/1"}],"replies":[{"embeddable":true,"href":"https:\/\/blessfrontierpeoples.org\/es\/wp-json\/wp\/v2\/comments?post=323"}],"version-history":[{"count":6,"href":"https:\/\/blessfrontierpeoples.org\/es\/wp-json\/wp\/v2\/pages\/323\/revisions"}],"predecessor-version":[{"id":1438,"href":"https:\/\/blessfrontierpeoples.org\/es\/wp-json\/wp\/v2\/pages\/323\/revisions\/1438"}],"wp:attachment":[{"href":"https:\/\/blessfrontierpeoples.org\/es\/wp-json\/wp\/v2\/media?parent=323"}],"curies":[{"name":"wp","href":"https:\/\/api.w.org\/{rel}","templated":true}]}}