{"id":349,"date":"2022-04-28T14:59:36","date_gmt":"2022-04-28T14:59:36","guid":{"rendered":"http:\/\/fpg.gremza.al\/?page_id=349"},"modified":"2025-10-25T12:56:59","modified_gmt":"2025-10-25T12:56:59","slug":"ora-por-los-movimientos-de-oracion-liberando-al-espiritu","status":"publish","type":"page","link":"https:\/\/blessfrontierpeoples.org\/es\/ora-por-los-movimientos-de-oracion-liberando-al-espiritu\/","title":{"rendered":"Ora por los Movimientos de Oraci\u00f3n: Liberando al Esp\u00edritu"},"content":{"rendered":"<p>Desde Pentecost\u00e9s hasta el d\u00eda de hoy, la historia de los movimientos hacia Jes\u00fas ha sido la historia de oraciones respondidas. Todo nuevo brote de ministerio pionero ha sido el resultado de la oraci\u00f3n con fe. Todo nuevo esfuerzo transcultural que ha sido fruct\u00edfero y bendecido por Dios ha sido la germinaci\u00f3n de semillas plantadas por el Esp\u00edritu divino en los corazones de los santos que oran. \u2014Robert Glover En Sal. 2:8, el Se\u00f1or nos invita: \u201cP\u00eddeme, y te dar\u00e9 por herencia las naciones, y como posesi\u00f3n tuya los confines de la tierra\u201d. Lo \u00fanico que podemos llevar con nosotros a la eternidad como herencia son otras personas, personas que pasan a formar parte de la familia eterna de Dios. Como para el ap\u00f3stol Pablo, nuestro gozo y corona ser\u00e1n aquellos que lleguen a Cristo por medio de nuestros esfuerzos. A lo largo de la historia, la fecundidad del pueblo de Dios para discipular y bendecir a las naciones ha estado ligada directamente a la oraci\u00f3n informada. Hasta que Dios intervenga, casi cada individuo entre estos GEF vivir\u00e1 y morir\u00e1 sin conocer jam\u00e1s a un creyente ni ser mencionado por nombre en oraci\u00f3n. Mira a los Pueblos Fronterizos como Jes\u00fas los ve: mira sus rostros, m\u00edrales a los ojos y \u00fanete al amor de Jes\u00fas por ellos. Jes\u00fas am\u00f3 a cada uno de ellos lo suficiente como para morir por ellos. As\u00ed que ru\u00e9gale que movilice a sus hijos para bendecir a quienes est\u00e1n sufriendo o que nunca han o\u00eddo de su gracia salvadora.<\/p>\n<p style=\"text-align: center;\"><em>Ora para que el Esp\u00edritu Santo derrame su bendici\u00f3n sobre los disc\u00edpulos en todo el mundo y sobre los pueblos fronterizos, atrayendo a muchos a Jes\u00fas. P\u00eddele al Esp\u00edritu Santo que gu\u00ede tus oraciones, y p\u00eddele al Padre Dios que te d\u00e9 en la oraci\u00f3n la desesperada urgencia por estas personas preciosas que tendr\u00edas si tu propia madre o padre, hijo o hija, estuvieran en peligro.<\/em><\/p>\n","protected":false},"excerpt":{"rendered":"<p>Desde Pentecost\u00e9s hasta el d\u00eda de hoy, la historia de los movimientos hacia Jes\u00fas ha sido la historia de oraciones [&hellip;]<\/p>\n","protected":false},"author":1,"featured_media":0,"parent":0,"menu_order":0,"comment_status":"closed","ping_status":"closed","template":"","meta":{"_acf_changed":false,"_lmt_disableupdate":"no","_lmt_disable":"","footnotes":""},"class_list":["post-349","page","type-page","status-publish","hentry"],"acf":{"show_to_menu":true},"_links":{"self":[{"href":"https:\/\/blessfrontierpeoples.org\/es\/wp-json\/wp\/v2\/pages\/349","targetHints":{"allow":["GET"]}}],"collection":[{"href":"https:\/\/blessfrontierpeoples.org\/es\/wp-json\/wp\/v2\/pages"}],"about":[{"href":"https:\/\/blessfrontierpeoples.org\/es\/wp-json\/wp\/v2\/types\/page"}],"author":[{"embeddable":true,"href":"https:\/\/blessfrontierpeoples.org\/es\/wp-json\/wp\/v2\/users\/1"}],"replies":[{"embeddable":true,"href":"https:\/\/blessfrontierpeoples.org\/es\/wp-json\/wp\/v2\/comments?post=349"}],"version-history":[{"count":7,"href":"https:\/\/blessfrontierpeoples.org\/es\/wp-json\/wp\/v2\/pages\/349\/revisions"}],"predecessor-version":[{"id":1436,"href":"https:\/\/blessfrontierpeoples.org\/es\/wp-json\/wp\/v2\/pages\/349\/revisions\/1436"}],"wp:attachment":[{"href":"https:\/\/blessfrontierpeoples.org\/es\/wp-json\/wp\/v2\/media?parent=349"}],"curies":[{"name":"wp","href":"https:\/\/api.w.org\/{rel}","templated":true}]}}