{"id":351,"date":"2022-04-28T14:59:53","date_gmt":"2022-04-28T14:59:53","guid":{"rendered":"http:\/\/fpg.gremza.al\/?page_id=351"},"modified":"2025-10-25T12:56:51","modified_gmt":"2025-10-25T12:56:51","slug":"ora-por-los-movimientos-de-movilizacion","status":"publish","type":"page","link":"https:\/\/blessfrontierpeoples.org\/es\/ora-por-los-movimientos-de-movilizacion\/","title":{"rendered":"Ora por los Movimientos de Movilizaci\u00f3n"},"content":{"rendered":"<p>La prioridad m\u00e1s alta del ministerio transcultural hoy es la movilizaci\u00f3n global. Muchos del pueblo de Dios est\u00e1n dormidos ante las necesidades de los GEF y deben ser despertados al deseo de Dios de bendecir a esos dos mil millones de personas que a\u00fan no han tenido la oportunidad de seguir a Jes\u00fas. De G\u00e9nesis a Apocalipsis, el prop\u00f3sito inmutable de Dios es bendecir a todos los pueblos por medio de Jes\u00fas (Heb 6:17), y es nuestro privilegio colaborar con \u00c9l para alcanzar a todas las naciones.<\/p>\n<p><em>Ora para que el Esp\u00edritu Santo despierte a cada creyente a reconocer que el tiempo es corto y a buscar plenamente primero el Reino de Dios y su justicia (Ro 13:11\u201314; Lc 19:13; Sal 90:12).\u00a0 \u00a0 \u00a0 \u00a0 \u00a0 \u00a0 \u00a0 \u00a0 \u00a0 \u00a0 \u00a0 \u00a0 \u00a0 \u00a0 \u00a0 \u00a0 \u00a0 \u00a0 \u00a0 \u00a0 \u00a0 \u00a0 \u00a0 \u00a0 \u00a0 \u00a0 \u00a0 \u00a0 \u00a0 \u00a0 \u00a0 \u00a0 \u00a0 \u00a0 \u00a0 \u00a0 \u00a0 \u00a0 \u00a0 \u00a0 \u00a0 \u00a0 \u00a0 \u00a0 \u00a0 \u00a0 \u00a0 \u00a0 \u00a0 \u00a0 \u00a0 \u00a0 \u00a0 \u00a0 \u00a0 \u00a0 \u00a0 \u00a0 \u00a0 \u00a0 \u00a0 \u00a0 \u00a0 \u00a0 \u00a0 \u00a0 \u00a0 \u00a0 \u00a0 \u00a0 \u00a0 \u00a0 \u00a0 \u00a0 \u00a0 \u00a0 \u00a0 \u00a0 \u00a0 Ora para que todo seguidor de Jes\u00fas SEA un disc\u00edpulo que obedezca plenamente a Jes\u00fas al amar a Dios, amar al pr\u00f3jimo y hacer disc\u00edpulos que hacen disc\u00edpulos (Hch 1:8; Mt 22:37; 28:18\u201320; Pr 11:30).\u00a0 \u00a0 \u00a0 \u00a0 \u00a0 \u00a0 \u00a0 \u00a0 \u00a0 \u00a0 \u00a0 \u00a0 \u00a0 \u00a0 \u00a0 \u00a0 \u00a0 \u00a0 \u00a0 \u00a0 \u00a0 \u00a0 \u00a0 \u00a0 \u00a0 \u00a0 \u00a0 \u00a0 \u00a0 \u00a0 \u00a0 \u00a0 \u00a0 \u00a0 \u00a0 \u00a0 \u00a0 \u00a0 \u00a0 \u00a0 \u00a0 \u00a0 \u00a0 \u00a0 \u00a0 \u00a0 \u00a0 \u00a0 \u00a0 \u00a0 \u00a0 \u00a0 \u00a0 \u00a0 \u00a0 \u00a0 \u00a0 \u00a0 \u00a0 \u00a0 Ora para que los creyentes vean los corazones de aquellos a quienes el Esp\u00edritu Santo ha preparado para o\u00edr, y que compartan de una manera que pueda entenderse y recibirse (Jn 4:36; 6:44; 2 Ti 4:2).\u00a0 \u00a0 \u00a0 \u00a0 \u00a0 \u00a0 \u00a0 \u00a0 \u00a0 \u00a0 \u00a0 \u00a0 \u00a0 \u00a0 \u00a0 \u00a0 \u00a0 \u00a0 \u00a0 \u00a0 \u00a0 \u00a0 \u00a0 \u00a0 \u00a0 \u00a0 \u00a0 \u00a0 \u00a0 \u00a0 \u00a0 \u00a0 \u00a0 \u00a0 \u00a0 \u00a0 \u00a0 \u00a0 \u00a0 \u00a0 \u00a0 \u00a0 \u00a0 \u00a0 \u00a0 \u00a0 \u00a0 \u00a0 \u00a0 \u00a0 \u00a0 \u00a0 \u00a0 \u00a0 \u00a0 \u00a0 \u00a0 \u00a0 \u00a0 \u00a0 \u00a0 \u00a0 \u00a0 \u00a0 \u00a0 Ora para que sean enviados muchos obreros a todo lugar adonde Jes\u00fas est\u00e1 enviando Su Esp\u00edritu, para hallar casas de paz que se conviertan en la semilla de comunidades creyentes en sus pueblos o ciudades (Lc 10).\u00a0 \u00a0 \u00a0 \u00a0 \u00a0 \u00a0 \u00a0 \u00a0 \u00a0 \u00a0 \u00a0 \u00a0 \u00a0 \u00a0 \u00a0 \u00a0 \u00a0 \u00a0 \u00a0 \u00a0 \u00a0 \u00a0 \u00a0 \u00a0 \u00a0 \u00a0 \u00a0 \u00a0 \u00a0 \u00a0 \u00a0 \u00a0 \u00a0 \u00a0 \u00a0 \u00a0 \u00a0 \u00a0 \u00a0 \u00a0 \u00a0 \u00a0 \u00a0 \u00a0 \u00a0 \u00a0 \u00a0 \u00a0 \u00a0 Ora para que cada GEF \u2014toda lengua, tribu y naci\u00f3n\u2014 sea adoptado para la oraci\u00f3n y el alcance. Luego ora para que los movimientos de Jes\u00fas se extiendan en esos GEF, hasta que no quede ning\u00fan lugar sin testimonio del evangelio (Mt 9:37\u201338; 2 Co 10:16; 2 P 3:9; Ap 7:9).\u00a0 \u00a0 \u00a0 \u00a0 \u00a0 \u00a0 \u00a0 \u00a0 \u00a0 \u00a0 \u00a0 \u00a0 \u00a0 \u00a0 \u00a0 \u00a0 \u00a0 \u00a0 \u00a0 \u00a0 \u00a0 \u00a0 \u00a0 \u00a0 \u00a0 \u00a0 \u00a0 \u00a0 \u00a0 \u00a0 \u00a0 \u00a0 \u00a0 \u00a0 \u00a0 \u00a0 \u00a0 \u00a0 \u00a0 \u00a0 \u00a0 \u00a0 \u00a0 \u00a0 \u00a0 \u00a0 \u00a0 \u00a0 \u00a0 \u00a0 \u00a0 \u00a0 \u00a0 \u00a0 \u00a0 \u00a0 \u00a0 \u00a0 \u00a0 \u00a0 \u00a0 \u00a0 \u00a0 \u00a0 \u00a0 \u00a0 \u00a0 \u00a0 \u00a0 \u00a0 \u00a0 \u00a0 \u00a0 \u00a0 \u00a0 \u00a0 \u00a0 \u00a0 \u00a0 \u00a0 \u00a0 \u00a0 \u00a0 \u00a0 \u00a0 \u00a0 \u00a0 \u00a0 \u00a0 \u00a0 \u00a0 \u00a0 \u00a0 \u00a0 \u00a0 \u00a0 \u00a0 \u00a0 \u00a0 \u00a0 \u00a0 \u00a0 \u00a0 \u00a0 \u00a0 \u00a0 \u00a0 \u00a0 \u00a0 \u00a0 \u00a0 \u00a0 \u00a0 \u00a0 \u00a0 \u00a0 \u00a0 \u00a0 \u00a0 \u00a0 \u00a0 \u00a0 \u00a0 Ora para que el Cuerpo de Cristo reconozca nuestro llamado: buscar Su Reino y que se haga Su voluntad, y trabajar juntos en la unidad del Esp\u00edritu, en el v\u00ednculo de la paz, para su gloria entre TODAS las naciones (Mt 6:10; Ef 4:3; Mt 12:22\u201326).<\/em><\/p>\n","protected":false},"excerpt":{"rendered":"<p>La prioridad m\u00e1s alta del ministerio transcultural hoy es la movilizaci\u00f3n global. Muchos del pueblo de Dios est\u00e1n dormidos ante [&hellip;]<\/p>\n","protected":false},"author":1,"featured_media":0,"parent":0,"menu_order":0,"comment_status":"closed","ping_status":"closed","template":"","meta":{"_acf_changed":false,"_lmt_disableupdate":"no","_lmt_disable":"","footnotes":""},"class_list":["post-351","page","type-page","status-publish","hentry"],"acf":{"show_to_menu":false},"_links":{"self":[{"href":"https:\/\/blessfrontierpeoples.org\/es\/wp-json\/wp\/v2\/pages\/351","targetHints":{"allow":["GET"]}}],"collection":[{"href":"https:\/\/blessfrontierpeoples.org\/es\/wp-json\/wp\/v2\/pages"}],"about":[{"href":"https:\/\/blessfrontierpeoples.org\/es\/wp-json\/wp\/v2\/types\/page"}],"author":[{"embeddable":true,"href":"https:\/\/blessfrontierpeoples.org\/es\/wp-json\/wp\/v2\/users\/1"}],"replies":[{"embeddable":true,"href":"https:\/\/blessfrontierpeoples.org\/es\/wp-json\/wp\/v2\/comments?post=351"}],"version-history":[{"count":6,"href":"https:\/\/blessfrontierpeoples.org\/es\/wp-json\/wp\/v2\/pages\/351\/revisions"}],"predecessor-version":[{"id":1434,"href":"https:\/\/blessfrontierpeoples.org\/es\/wp-json\/wp\/v2\/pages\/351\/revisions\/1434"}],"wp:attachment":[{"href":"https:\/\/blessfrontierpeoples.org\/es\/wp-json\/wp\/v2\/media?parent=351"}],"curies":[{"name":"wp","href":"https:\/\/api.w.org\/{rel}","templated":true}]}}