{"id":353,"date":"2022-04-28T15:01:05","date_gmt":"2022-04-28T15:01:05","guid":{"rendered":"http:\/\/fpg.gremza.al\/?page_id=353"},"modified":"2025-10-25T12:57:15","modified_gmt":"2025-10-25T12:57:15","slug":"ora-por-el-desencadenamiento-de-recursos","status":"publish","type":"page","link":"https:\/\/blessfrontierpeoples.org\/es\/ora-por-el-desencadenamiento-de-recursos\/","title":{"rendered":"Ora por el Desencadenamiento de Recursos"},"content":{"rendered":"<p><span style=\"font-weight: 400;\"><img loading=\"lazy\" decoding=\"async\" class=\"size-medium wp-image-354 alignleft img-responsive img-shadow\" src=\"http:\/\/fpg.gremza.al\/wp-content\/uploads\/2022\/04\/image4-300x277.png\" alt=\"\" width=\"300\" height=\"277\" srcset=\"https:\/\/blessfrontierpeoples.org\/es\/wp-content\/uploads\/2022\/04\/image4-300x277.png 300w, https:\/\/blessfrontierpeoples.org\/es\/wp-content\/uploads\/2022\/04\/image4.png 532w\" sizes=\"auto, (max-width: 300px) 100vw, 300px\" \/><\/span>En la par\u00e1bola de la Oveja Perdida, el pastor deja a las 99 ovejas para buscar a la que se ha perdido. Usa todos sus recursos para encontrar a la oveja perdida. \u00a1Pero la iglesia global hace lo contrario! La gran mayor\u00eda de los recursos cristianos se utilizan para cuidar al reba\u00f1o, y muy poco se destina a buscar a los perdidos. M\u00e1s del 95% de todos los misioneros trabajan entre pueblos que ya han sido alcanzados. Solo un centavo de cada d\u00f3lar de los recursos cristianos se destina a alcanzar a los pueblos no alcanzados.<\/p>\n<p><em>Ora para que estos pueblos menos alcanzados, especialmente los Grupos de Pueblos Fronterizos (FPGs), lleguen a la atenci\u00f3n de los creyentes en todo el mundo. Pres\u00e9ntalos en oraci\u00f3n ante el trono de Dios.<\/em><br \/>\n<em>Pide a Dios que conmueva los corazones de los obreros y los capacite para ir donde m\u00e1s se les necesita.<\/em><br \/>\n<em>Ora para que los creyentes den generosamente para que el evangelio est\u00e9 disponible para todos. Ora para que el Esp\u00edritu Santo convenza a la iglesia global de reconocer y actuar para remediar esta injusticia en cuanto a obreros y recursos, acelerando as\u00ed la bendici\u00f3n de Dios a todas las naciones.<\/em><\/p>\n<p>&nbsp;<\/p>\n<p><i><span style=\"font-weight: 400;\"><img loading=\"lazy\" decoding=\"async\" class=\"aligncenter wp-image-355 size-large img-responsive img-shadow\" src=\"http:\/\/fpg.gremza.al\/wp-content\/uploads\/2022\/04\/image26-1024x692.png\" alt=\"\" width=\"1024\" height=\"692\" srcset=\"https:\/\/blessfrontierpeoples.org\/es\/wp-content\/uploads\/2022\/04\/image26-1024x692.png 1024w, https:\/\/blessfrontierpeoples.org\/es\/wp-content\/uploads\/2022\/04\/image26-300x203.png 300w, https:\/\/blessfrontierpeoples.org\/es\/wp-content\/uploads\/2022\/04\/image26-768x519.png 768w, https:\/\/blessfrontierpeoples.org\/es\/wp-content\/uploads\/2022\/04\/image26.png 1312w\" sizes=\"auto, (max-width: 1024px) 100vw, 1024px\" \/><\/span><\/i><\/p>\n<p><em>Ora por las necesidades de los Grupos de Pueblos Fronterizos, donde pr\u00e1cticamente no hay seguidores de Jes\u00fas viviendo entre ellos, ya que sus necesidades son a\u00fan mayores que las de los Grupos de Pueblos No Alcanzados.<\/em><\/p>\n","protected":false},"excerpt":{"rendered":"<p>En la par\u00e1bola de la Oveja Perdida, el pastor deja a las 99 ovejas para buscar a la que se [&hellip;]<\/p>\n","protected":false},"author":1,"featured_media":0,"parent":0,"menu_order":0,"comment_status":"closed","ping_status":"closed","template":"","meta":{"_acf_changed":false,"_lmt_disableupdate":"no","_lmt_disable":"","footnotes":""},"class_list":["post-353","page","type-page","status-publish","hentry"],"acf":{"show_to_menu":true},"_links":{"self":[{"href":"https:\/\/blessfrontierpeoples.org\/es\/wp-json\/wp\/v2\/pages\/353","targetHints":{"allow":["GET"]}}],"collection":[{"href":"https:\/\/blessfrontierpeoples.org\/es\/wp-json\/wp\/v2\/pages"}],"about":[{"href":"https:\/\/blessfrontierpeoples.org\/es\/wp-json\/wp\/v2\/types\/page"}],"author":[{"embeddable":true,"href":"https:\/\/blessfrontierpeoples.org\/es\/wp-json\/wp\/v2\/users\/1"}],"replies":[{"embeddable":true,"href":"https:\/\/blessfrontierpeoples.org\/es\/wp-json\/wp\/v2\/comments?post=353"}],"version-history":[{"count":6,"href":"https:\/\/blessfrontierpeoples.org\/es\/wp-json\/wp\/v2\/pages\/353\/revisions"}],"predecessor-version":[{"id":1439,"href":"https:\/\/blessfrontierpeoples.org\/es\/wp-json\/wp\/v2\/pages\/353\/revisions\/1439"}],"wp:attachment":[{"href":"https:\/\/blessfrontierpeoples.org\/es\/wp-json\/wp\/v2\/media?parent=353"}],"curies":[{"name":"wp","href":"https:\/\/api.w.org\/{rel}","templated":true}]}}