{"id":379,"date":"2022-04-28T15:16:55","date_gmt":"2022-04-28T15:16:55","guid":{"rendered":"http:\/\/fpg.gremza.al\/?page_id=379"},"modified":"2025-10-25T12:57:54","modified_gmt":"2025-10-25T12:57:54","slug":"mencion-honorifica-de-los-gpfs-restantes-con-mas-de-10000000-poblacion","status":"publish","type":"page","link":"https:\/\/blessfrontierpeoples.org\/es\/mencion-honorifica-de-los-gpfs-restantes-con-mas-de-10000000-poblacion\/","title":{"rendered":"Otros Grupos \u00e9tnicos fronterizos de m\u00e1s de 10,000,000"},"content":{"rendered":"<p>Demos gracias a Dios por el descubrimiento de movimientos autosostenibles hacia Jes\u00fas y por m\u00e1s creyentes conocidos en cuatro de los 31 Grupos \u00e9tnicos fronterizos m\u00e1s grandes originales: los dos grupos hausa, los fulani de Nigeria, los musulmanes bengal\u00edes y los azerbaiyan\u00edes de Ir\u00e1n. \u00a1Alabado sea Dios porque estos GENA ya no se consideran Grupos \u00e9tnicos fronterizos sin ning\u00fan avance de las Buenas Noticias! Sin embargo, todav\u00eda hay 38 GEF que han superado los 10 millones; se incluyen breves perfiles de otros cinco grupos, pues tambi\u00e9n son significativos y necesitan oraci\u00f3n.<\/p>\n<p>&nbsp;<\/p>\n<p><img loading=\"lazy\" decoding=\"async\" class=\"size-full wp-image-1354 alignleft img-responsive img-shadow\" src=\"http:\/\/blessfrontierpeoples.org\/wp-content\/uploads\/2025\/08\/Screenshot-2025-08-31-at-18-25-23-FPG-Prayer-Guide-051425-Final-4-FPG-Prayer-Guide-2025-Update-1-.pdf.png\" alt=\"\" width=\"190\" height=\"316\" \/><\/p>\n<p><strong>Lohar en India (LOW-har)<\/strong><\/p>\n<p>Hay m\u00e1s de 11 millones de lohar hind\u00faes en India, as\u00ed como grupos lohar musulmanes y sijes. Tradicionalmente, el pueblo lohar de India eran herreros n\u00f3madas que viajaban para vender sus productos. Anta\u00f1o fabricantes de armas de alta casta del Reino de Mewar en India, se convirtieron en n\u00f3madas pobres cuando el reino cay\u00f3 en 1568. Los lohar se consideran descendientes del dios Vishwakarma, a quien adoran. Muchos lohar hind\u00faes viven en el estado indio de Rajast\u00e1n y hablan hindi. Aunque su oficio no es \u201cimpuro\u201d como el de los grupos fuera de casta, les resulta dif\u00edcil insertarse en la fuerza laboral moderna en oficios nuevos. Su estilo de vida n\u00f3mada ha dificultado la educaci\u00f3n. Ora por los lohar cuyo oficio est\u00e1 siendo desplazado por los productos met\u00e1licos fabricados en f\u00e1bricas y ampliamente disponibles. Ora para que Dios les env\u00ede Su amor por medio de creyentes que puedan ayudarles con sus problemas econ\u00f3micos. P\u00eddele a Jes\u00fas que bendiga y sane a sus familias, haci\u00e9ndolas luz para muchos otros.<\/p>\n<p>&nbsp;<\/p>\n<p><img loading=\"lazy\" decoding=\"async\" class=\"size-full wp-image-1356 alignright img-responsive img-shadow\" src=\"http:\/\/blessfrontierpeoples.org\/wp-content\/uploads\/2025\/08\/Screenshot-2025-08-31-at-18-29-40-FPG-Prayer-Guide-051425-Final-4-FPG-Prayer-Guide-2025-Update-1-.pdf.png\" alt=\"\" width=\"152\" height=\"307\" \/><\/p>\n<p><strong>\u00c1rabe hiyaz\u00ed en Arabia Saudita (hee-JAH-zee)<\/strong><\/p>\n<p>En la ribera saud\u00ed del mar Rojo viven m\u00e1s de 11 millones de hablantes de \u00e1rabe hiyaz\u00ed, una forma de \u00e1rabe com\u00fan en Medina y La Meca, pero que difiere significativamente del \u00e1rabe est\u00e1ndar moderno. Aunque en Arabia Saudita son dif\u00edciles de conocer, m\u00e1s de 300,000 \u00e1rabes hablantes de hiyaz\u00ed trabajan en los Emiratos \u00c1rabes Unidos. Ora para que tengan Escrituras orales y escritas en su idioma del coraz\u00f3n. P\u00eddele a Dios que les revele Su amor por medio de Isa al Masih (Jes\u00fas el Mes\u00edas) y que los gu\u00ede a los pasajes cor\u00e1nicos que honran Su nacimiento virginal y Su ministerio de sanidad. Ora tambi\u00e9n para que el Esp\u00edritu de Dios derrame Su bendici\u00f3n sobre quienes lo buscan a trav\u00e9s de peregrinaciones a Medina y La Meca, d\u00e1ndoles sue\u00f1os y visiones del Mes\u00edas. Ora para que los testigos puedan compartir sus testimonios con quienes trabajan en los Emiratos \u00c1rabes Unidos.<\/p>\n<p>&nbsp;<\/p>\n<p>&nbsp;<\/p>\n<p style=\"text-align: center;\"><em><strong>La bendici\u00f3n de Dios para hallarlo: P\u00e1rate en la encrucijada y considera la senda antigua, porque es buena y te conduce a M\u00ed. Camina por esta senda y hallar\u00e1s descanso para tus almas. (Jer. 6:16)<\/strong><\/em><\/p>\n<p>&nbsp;<\/p>\n<p><img loading=\"lazy\" decoding=\"async\" class=\"size-full wp-image-1358 alignleft img-responsive img-shadow\" src=\"http:\/\/blessfrontierpeoples.org\/wp-content\/uploads\/2025\/08\/Screenshot-2025-08-31-at-18-32-30-FPG-Prayer-Guide-051425-Final-4-FPG-Prayer-Guide-2025-Update-1-.pdf.png\" alt=\"\" width=\"157\" height=\"298\" \/><\/p>\n<p><strong>Tayiko en Afganist\u00e1n (TAH-jeek)<\/strong><\/p>\n<p>Los tayikos viven en Tayikist\u00e1n, y una cuarta parte de su poblaci\u00f3n tambi\u00e9n en Afganist\u00e1n. Como la mayor\u00eda de los pueblos afganos, son musulmanes sunitas, aunque conservan algunas pr\u00e1cticas populares o animistas. Las familias tayikas son hospitalarias, numerosas y muy unidas; los habitantes de las ciudades mantienen lazos estrechos con sus parientes del campo. La reciente crisis pol\u00edtica en Afganist\u00e1n dificulta la fe en Jes\u00fas y la ayuda para los refugiados.<\/p>\n<p><em>Ora por valent\u00eda para que cualquier creyente comparta el amor incondicional de Dios con los tayikos, especialmente con los desplazados de sus hogares. Ora por acceso a las Escrituras y por una fe ferviente que produzca disc\u00edpulos tayikos que hagan disc\u00edpulos, esparci\u00e9ndose por toda la tierra. Ora para que las familias que viven en este tiempo de guerra, hambruna y liderazgo inestable hallen sanidad en el Pr\u00edncipe de Paz. P\u00eddele a Dios que toque los corazones de los l\u00edderes en Afganist\u00e1n, tray\u00e9ndolos a S\u00ed mismo, junto con alimento y paz para el pueblo de Afganist\u00e1n.<\/em><\/p>\n<p>&nbsp;<\/p>\n<p><strong>Mappila en India (MAH-pee-lah)<\/strong><img loading=\"lazy\" decoding=\"async\" class=\"size-full wp-image-1360 alignright img-responsive img-shadow\" src=\"http:\/\/blessfrontierpeoples.org\/wp-content\/uploads\/2025\/08\/Screenshot-2025-08-31-at-18-34-32-FPG-Prayer-Guide-051425-Final-4-FPG-Prayer-Guide-2025-Update-1-.pdf.png\" alt=\"\" width=\"160\" height=\"311\" \/><\/p>\n<p>M\u00e1s de 10 millones de mappilas musulmanes viven en la India, principalmente en el estado sure\u00f1o de Kerala y sus islas cercanas.\u00a0Fueron ganados a la fe musulmana por marineros musulmanes sunitas involucrados en el comercio de especias y por misioneros musulmanes. En su mayor\u00eda pertenecen a la corriente salafista del islam sunita. Aunque se consideran un pueblo musulm\u00e1n aparte, hablan el idioma del estado, el malayalam, al igual que los mappilas cristianos Mar Thoma, una antigua secta ganada para Cristo por el disc\u00edpulo Tom\u00e1s en el siglo I.<\/p>\n<p><em>Por favor, ora para que las familias y comunidades kurdas conozcan el amor que Dios tiene por ellas. Ora para que las Escrituras les lleguen de maneras que puedan comprender, de forma oral y escrita. Ora tambi\u00e9n para que el Se\u00f1or fortalezca a cualquier creyente y haga brotar las semillas plantadas por m\u00e1s de 200 a\u00f1os de alcance hacia ellos. P\u00eddele a Dios que toque los corazones de sus l\u00edderes y de los j\u00f3venes preocupados por la disoluci\u00f3n de su sociedad, para que encuentren a Jes\u00fas en lugar de la violencia.<\/em><\/p>\n<p>&nbsp;<\/p>\n<p style=\"text-align: center;\"><em><strong>Vayan por todo el mundo y prediquen el evangelio a toda criatura. (Mr 16:15)<\/strong><\/em><\/p>\n","protected":false},"excerpt":{"rendered":"<p>Demos gracias a Dios por el descubrimiento de movimientos autosostenibles hacia Jes\u00fas y por m\u00e1s creyentes conocidos en cuatro de [&hellip;]<\/p>\n","protected":false},"author":1,"featured_media":0,"parent":0,"menu_order":0,"comment_status":"closed","ping_status":"closed","template":"","meta":{"_acf_changed":false,"_lmt_disableupdate":"no","_lmt_disable":"","footnotes":""},"class_list":["post-379","page","type-page","status-publish","hentry"],"acf":{"show_to_menu":false},"_links":{"self":[{"href":"https:\/\/blessfrontierpeoples.org\/es\/wp-json\/wp\/v2\/pages\/379","targetHints":{"allow":["GET"]}}],"collection":[{"href":"https:\/\/blessfrontierpeoples.org\/es\/wp-json\/wp\/v2\/pages"}],"about":[{"href":"https:\/\/blessfrontierpeoples.org\/es\/wp-json\/wp\/v2\/types\/page"}],"author":[{"embeddable":true,"href":"https:\/\/blessfrontierpeoples.org\/es\/wp-json\/wp\/v2\/users\/1"}],"replies":[{"embeddable":true,"href":"https:\/\/blessfrontierpeoples.org\/es\/wp-json\/wp\/v2\/comments?post=379"}],"version-history":[{"count":6,"href":"https:\/\/blessfrontierpeoples.org\/es\/wp-json\/wp\/v2\/pages\/379\/revisions"}],"predecessor-version":[{"id":1447,"href":"https:\/\/blessfrontierpeoples.org\/es\/wp-json\/wp\/v2\/pages\/379\/revisions\/1447"}],"wp:attachment":[{"href":"https:\/\/blessfrontierpeoples.org\/es\/wp-json\/wp\/v2\/media?parent=379"}],"curies":[{"name":"wp","href":"https:\/\/api.w.org\/{rel}","templated":true}]}}