{"id":388,"date":"2022-04-28T15:17:31","date_gmt":"2022-04-28T15:17:31","guid":{"rendered":"http:\/\/fpg.gremza.al\/?page_id=388"},"modified":"2025-10-25T12:57:03","modified_gmt":"2025-10-25T12:57:03","slug":"grupos-de-personas-fronterizas-de-mas-de-un-millon-de-personas","status":"publish","type":"page","link":"https:\/\/blessfrontierpeoples.org\/es\/grupos-de-personas-fronterizas-de-mas-de-un-millon-de-personas\/","title":{"rendered":"Grupos de Personas Fronterizas de m\u00e1s de un mill\u00f3n de personas"},"content":{"rendered":"<p>Jes\u00fas nos dice en Mt. 24:14 que las Buenas Noticias de su reino \u201cser\u00e1n predicadas en todo el mundo, para que todas las naciones la oigan; y entonces vendr\u00e1 el fin.\u201d El disc\u00edpulo de Jes\u00fas, Juan, escribe de su visi\u00f3n en Ap. 7:9: \u201cVi una gran multitud, que nadie pod\u00eda contar, de toda naci\u00f3n, tribu, pueblo y lengua, de pie delante del trono.\u201d Estos 288 Grupos de Personas Fronterizas (GPF), de m\u00e1s de 1 mill\u00f3n de personas, contienen el 80% de la poblaci\u00f3n de todos los GPF y constituyen m\u00e1s del 20% de la poblaci\u00f3n mundial. Nuestra tarea est\u00e1 definida y es alcanzable; as\u00ed que, como escribe el disc\u00edpulo de Jes\u00fas Pedro, hagamos todo esfuerzo por apresurar la venida del d\u00eda de Dios (2 P. 3:12), contando a todos los grupos de pueblos del mundo acerca de Jes\u00fas.<\/p>\n<p><img loading=\"lazy\" decoding=\"async\" class=\"size-full wp-image-1368 aligncenter img-responsive img-shadow\" src=\"http:\/\/blessfrontierpeoples.org\/wp-content\/uploads\/2025\/08\/Screenshot-2025-08-31-at-18-43-42-FPG-Prayer-Guide-051425-Final-4-FPG-Prayer-Guide-2025-Update-1-.pdf.png\" alt=\"\" width=\"836\" height=\"445\" \/><\/p>\n<p>&nbsp;<\/p>\n<p><img loading=\"lazy\" decoding=\"async\" class=\"size-full wp-image-1369 alignright img-responsive img-shadow\" src=\"http:\/\/blessfrontierpeoples.org\/wp-content\/uploads\/2025\/08\/Screenshot-2025-08-31-at-18-45-15-FPG-Prayer-Guide-051425-Final-4-FPG-Prayer-Guide-2025-Update-1-.pdf.png\" alt=\"\" width=\"137\" height=\"125\" \/><\/p>\n<p>P\u00eddele a Dios que te gu\u00ede hacia un Grupo de Personas Fronterizas por el que \u00c9l quiere que ores, lo bendigas y tomes otros pasos para apresurar el d\u00eda en que estar\u00e1n representados delante de Su trono. Puedes acceder a una lista ordenable de los 288 GPF por ubicaci\u00f3n, religi\u00f3n, idioma, etc., y ver perfiles individuales de cada grupo haciendo clic en los c\u00edrculos o nombres en el mapa en l\u00ednea en <a href=\"http:\/\/www.joshuaproject.net\/frontier\/interactive\" target=\"_blank\" rel=\"noopener noreferrer\">www.joshuaproject.net\/frontier\/interactive<\/a> o usa este c\u00f3digo QR.<\/p>\n<p>&nbsp;<\/p>\n<p>&nbsp;<\/p>\n<p><img loading=\"lazy\" decoding=\"async\" class=\"size-full wp-image-1370 aligncenter img-responsive img-shadow\" src=\"http:\/\/blessfrontierpeoples.org\/wp-content\/uploads\/2025\/08\/Screenshot-2025-08-31-at-18-45-33-FPG-Prayer-Guide-051425-Final-4-FPG-Prayer-Guide-2025-Update-1-.pdf.png\" alt=\"\" width=\"791\" height=\"360\" \/><\/p>\n","protected":false},"excerpt":{"rendered":"<p>Jes\u00fas nos dice en Mt. 24:14 que las Buenas Noticias de su reino \u201cser\u00e1n predicadas en todo el mundo, para [&hellip;]<\/p>\n","protected":false},"author":1,"featured_media":0,"parent":0,"menu_order":0,"comment_status":"closed","ping_status":"closed","template":"","meta":{"_acf_changed":false,"_lmt_disableupdate":"no","_lmt_disable":"","footnotes":""},"class_list":["post-388","page","type-page","status-publish","hentry"],"acf":{"show_to_menu":true},"_links":{"self":[{"href":"https:\/\/blessfrontierpeoples.org\/es\/wp-json\/wp\/v2\/pages\/388","targetHints":{"allow":["GET"]}}],"collection":[{"href":"https:\/\/blessfrontierpeoples.org\/es\/wp-json\/wp\/v2\/pages"}],"about":[{"href":"https:\/\/blessfrontierpeoples.org\/es\/wp-json\/wp\/v2\/types\/page"}],"author":[{"embeddable":true,"href":"https:\/\/blessfrontierpeoples.org\/es\/wp-json\/wp\/v2\/users\/1"}],"replies":[{"embeddable":true,"href":"https:\/\/blessfrontierpeoples.org\/es\/wp-json\/wp\/v2\/comments?post=388"}],"version-history":[{"count":7,"href":"https:\/\/blessfrontierpeoples.org\/es\/wp-json\/wp\/v2\/pages\/388\/revisions"}],"predecessor-version":[{"id":1437,"href":"https:\/\/blessfrontierpeoples.org\/es\/wp-json\/wp\/v2\/pages\/388\/revisions\/1437"}],"wp:attachment":[{"href":"https:\/\/blessfrontierpeoples.org\/es\/wp-json\/wp\/v2\/media?parent=388"}],"curies":[{"name":"wp","href":"https:\/\/api.w.org\/{rel}","templated":true}]}}