{"id":390,"date":"2022-04-28T15:18:28","date_gmt":"2022-04-28T15:18:28","guid":{"rendered":"http:\/\/fpg.gremza.al\/?page_id=390"},"modified":"2025-10-25T12:57:46","modified_gmt":"2025-10-25T12:57:46","slug":"los-290-grupos-etnicos-fronterizos-mas-grandes-mas-de-1000000-de-poblacion","status":"publish","type":"page","link":"https:\/\/blessfrontierpeoples.org\/es\/los-290-grupos-etnicos-fronterizos-mas-grandes-mas-de-1000000-de-poblacion\/","title":{"rendered":"Los 290 Grupos \u00e9tnicos fronterizos m\u00e1s grandes (m\u00e1s de 1,000,000 de poblaci\u00f3n)"},"content":{"rendered":"<p>Estos Grupos \u00e9tnicos fronterizos (de m\u00e1s de 1 mill\u00f3n) contienen el 80% de la poblaci\u00f3n de todos los GEF y m\u00e1s del 20% de la poblaci\u00f3n mundial. De estos, 7 son grupos de la di\u00e1spora. Puedes ver la lista completa y ordenable, con ubicaci\u00f3n, idioma, etc., y hacer clic en los c\u00edrculos o en los nombres para ver perfiles individuales visitando <a href=\"http:\/\/www.joshuaproject.net\/frontier\/interactive\" target=\"_blank\" rel=\"noopener noreferrer\">www.joshuaproject.net\/frontier\/interactive<\/a>.<\/p>\n<p><a href=\"http:\/\/fpg.gremza.al\/wp-content\/uploads\/2022\/04\/image31.png\"><img loading=\"lazy\" decoding=\"async\" class=\"aligncenter size-large wp-image-391 img-responsive img-shadow\" src=\"http:\/\/fpg.gremza.al\/wp-content\/uploads\/2022\/04\/image31-1024x561.png\" alt=\"\" width=\"1024\" height=\"561\" srcset=\"https:\/\/blessfrontierpeoples.org\/es\/wp-content\/uploads\/2022\/04\/image31-1024x561.png 1024w, https:\/\/blessfrontierpeoples.org\/es\/wp-content\/uploads\/2022\/04\/image31-300x164.png 300w, https:\/\/blessfrontierpeoples.org\/es\/wp-content\/uploads\/2022\/04\/image31-768x421.png 768w, https:\/\/blessfrontierpeoples.org\/es\/wp-content\/uploads\/2022\/04\/image31-1536x842.png 1536w, https:\/\/blessfrontierpeoples.org\/es\/wp-content\/uploads\/2022\/04\/image31.png 1999w\" sizes=\"auto, (max-width: 1024px) 100vw, 1024px\" \/><\/a><\/p>\n<p><em>La mies es mucha, pero los obreros son pocos.<\/em><\/p>\n<p><em>Por tanto, rueguen al Se\u00f1or de la mies<\/em><\/p>\n<p><em>que env\u00ede obreros a su mies. (Mt 9:37\u201338)<\/em><\/p>\n","protected":false},"excerpt":{"rendered":"<p>Estos Grupos \u00e9tnicos fronterizos (de m\u00e1s de 1 mill\u00f3n) contienen el 80% de la poblaci\u00f3n de todos los GEF y [&hellip;]<\/p>\n","protected":false},"author":1,"featured_media":0,"parent":0,"menu_order":0,"comment_status":"closed","ping_status":"closed","template":"","meta":{"_acf_changed":false,"_lmt_disableupdate":"no","_lmt_disable":"","footnotes":""},"class_list":["post-390","page","type-page","status-publish","hentry"],"acf":{"show_to_menu":false},"_links":{"self":[{"href":"https:\/\/blessfrontierpeoples.org\/es\/wp-json\/wp\/v2\/pages\/390","targetHints":{"allow":["GET"]}}],"collection":[{"href":"https:\/\/blessfrontierpeoples.org\/es\/wp-json\/wp\/v2\/pages"}],"about":[{"href":"https:\/\/blessfrontierpeoples.org\/es\/wp-json\/wp\/v2\/types\/page"}],"author":[{"embeddable":true,"href":"https:\/\/blessfrontierpeoples.org\/es\/wp-json\/wp\/v2\/users\/1"}],"replies":[{"embeddable":true,"href":"https:\/\/blessfrontierpeoples.org\/es\/wp-json\/wp\/v2\/comments?post=390"}],"version-history":[{"count":6,"href":"https:\/\/blessfrontierpeoples.org\/es\/wp-json\/wp\/v2\/pages\/390\/revisions"}],"predecessor-version":[{"id":1445,"href":"https:\/\/blessfrontierpeoples.org\/es\/wp-json\/wp\/v2\/pages\/390\/revisions\/1445"}],"wp:attachment":[{"href":"https:\/\/blessfrontierpeoples.org\/es\/wp-json\/wp\/v2\/media?parent=390"}],"curies":[{"name":"wp","href":"https:\/\/api.w.org\/{rel}","templated":true}]}}