{"id":393,"date":"2022-04-28T15:19:07","date_gmt":"2022-04-28T15:19:07","guid":{"rendered":"http:\/\/fpg.gremza.al\/?page_id=393"},"modified":"2025-10-25T12:57:35","modified_gmt":"2025-10-25T12:57:35","slug":"definiciones-utiles","status":"publish","type":"page","link":"https:\/\/blessfrontierpeoples.org\/es\/definiciones-utiles\/","title":{"rendered":"Definiciones \u00fatiles"},"content":{"rendered":"<p>El mundo est\u00e1 dividido en pa\u00edses pol\u00edticos, pero la Biblia muestra que Dios ve el mundo como muchas familias y grupos de personas que hablan diferentes idiomas y tienen historias distintas. La India, por ejemplo, es un solo PA\u00cdS pol\u00edtico, pero tiene m\u00e1s de 3,000 grupos \u00e9tnicos (ethn\u0113). Estos grupos \u00e9tnicos tienen cada uno una identidad especial, idiomas y tradiciones culturales; se casan dentro de su grupo y resisten las influencias externas. Para alcanzar a todos estos grupos, investigadores y estrategas han desarrollado la siguiente terminolog\u00eda para ayudar a identificar d\u00f3nde es mayor la necesidad de m\u00e1s obreros y recursos.<\/p>\n<p><strong>Grupo \u00e9tnico o naci\u00f3n (ethne):<\/strong><\/p>\n<p>Una l\u00ednea familiar que procura preservar su identidad generacional (historia y ascendencia compartidas, como el pueblo o naci\u00f3n de Israel en la Biblia). Para preservar esta identidad, las naciones mantienen sus tradiciones, practican el matrimonio dentro del grupo y resisten las influencias externas (a menudo, incluido el evangelio). En las \u00e1reas urbanas, a veces las identidades \u00e9tnicas son reemplazadas por grupos de afinidad, ya que las personas siguen necesitando un grupo al cual pertenecer y con el cual identificarse, pero tales grupos no son tan fuertes ni perdurables como los linajes de sangre.<\/p>\n<p><strong>Grupos \u00e9tnicos fronterizos (GEF):<\/strong><\/p>\n<p>Un Grupo \u00e9tnico fronterizo (GEF) es un GENA con pr\u00e1cticamente ning\u00fan Seguidor de Jes\u00fas y SIN movimientos conocidos; a\u00fan necesita obreros pioneros transculturales. Para fines de datos, los GEF se aproximan como grupos con 0.1% o menos de adherentes cristianos y sin movimientos confirmados y sostenidos hacia Jes\u00fas. El 60% de los GENA todav\u00eda cae en esta categor\u00eda de GEF menos alcanzados, aunque algunos han tenido testigos del evangelio por muchos a\u00f1os. La mayor\u00eda de las personas en los GEF nunca conocer\u00e1n a alguien de su propio grupo \u00e9tnico que conozca a Jes\u00fas. El evangelio necesita arraigarse en las familias para que la bendici\u00f3n de Dios en Jes\u00fas se multiplique por todo el grupo.<\/p>\n<p><strong>Grupos \u00e9tnicos no alcanzados (GENA):<\/strong><\/p>\n<p>Los GENA no superan el 5% de cristianos de cualquier tipo ni el 2% de evang\u00e9licos (2 de cada 100 personas), por lo que el mensaje de Jes\u00fas no es ampliamente conocido y tiene poco impacto en el grupo \u00e9tnico. Sin embargo, muchos de estos grupos ahora tienen movimientos hacia Jes\u00fas en marcha. En el 40% de los GENA que no son GEF es posible colaborar con creyentes nacionales.<\/p>\n<p><strong>Grupos \u00e9tnicos no alcanzados y no comprometidos (UUPGs):<\/strong><\/p>\n<p>Los grupos \u201cno comprometidos\u201d son GENA o GEF sin obreros conocidos entre ellos que est\u00e9n buscando iniciar movimientos hacia Jes\u00fas. Esta m\u00e9trica de esfuerzo es independiente de la m\u00e9trica de respuesta de los GEF.<\/p>\n<p><strong>Grupos \u00e9tnicos alcanzados:<\/strong><\/p>\n<p>Los grupos alcanzados tienen suficientes creyentes viviendo entre ellos como para que la gente conozca acerca de Jes\u00fas y pueda decidir seguirle. Tienen Biblias que pueden leer y comunidades de creyentes que pueden acercarse a ellos y que hablan su propio idioma. Tienen m\u00e1s de dos evang\u00e9licos por cada 100 personas (2%), o al menos un 5% que se identifica como cristiano.<\/p>\n<p><strong>Evang\u00e9licos:<\/strong><\/p>\n<p>Los investigadores los contabilizan seg\u00fan la adherencia denominacional a la fe b\u00edblica. Esta gu\u00eda utiliza cifras publicadas de evang\u00e9licos, carism\u00e1ticos y pentecostales para estimar un conteo global de Seguidores de Jes\u00fas guiados por el Esp\u00edritu, que desean que otros compartan la bendici\u00f3n que ellos disfrutan: una relaci\u00f3n de amor con Dios basada en la fe en Jes\u00fas.<\/p>\n<p><strong>Movimiento hacia Jes\u00fas:<\/strong><\/p>\n<p>Disc\u00edpulos que hacen disc\u00edpulos, multiplic\u00e1ndose r\u00e1pidamente a trav\u00e9s de los hogares y otras redes relacionales existentes, empoderados por el Esp\u00edritu Santo.<\/p>\n<p><strong>Obreros pioneros:<\/strong><\/p>\n<p>Cuando no hay creyentes conocidos, los obreros pioneros procuran establecer el primer \u201chogar de paz\u201d (Lc. 10) o la primera comunidad de hogares creyentes dentro de un GEF, para que otros puedan ver que tambi\u00e9n pueden seguir a Cristo sin traicionar a su pueblo.<\/p>\n","protected":false},"excerpt":{"rendered":"<p>El mundo est\u00e1 dividido en pa\u00edses pol\u00edticos, pero la Biblia muestra que Dios ve el mundo como muchas familias y [&hellip;]<\/p>\n","protected":false},"author":1,"featured_media":0,"parent":0,"menu_order":0,"comment_status":"closed","ping_status":"closed","template":"","meta":{"_acf_changed":false,"_lmt_disableupdate":"no","_lmt_disable":"","footnotes":""},"class_list":["post-393","page","type-page","status-publish","hentry"],"acf":{"show_to_menu":true},"_links":{"self":[{"href":"https:\/\/blessfrontierpeoples.org\/es\/wp-json\/wp\/v2\/pages\/393","targetHints":{"allow":["GET"]}}],"collection":[{"href":"https:\/\/blessfrontierpeoples.org\/es\/wp-json\/wp\/v2\/pages"}],"about":[{"href":"https:\/\/blessfrontierpeoples.org\/es\/wp-json\/wp\/v2\/types\/page"}],"author":[{"embeddable":true,"href":"https:\/\/blessfrontierpeoples.org\/es\/wp-json\/wp\/v2\/users\/1"}],"replies":[{"embeddable":true,"href":"https:\/\/blessfrontierpeoples.org\/es\/wp-json\/wp\/v2\/comments?post=393"}],"version-history":[{"count":10,"href":"https:\/\/blessfrontierpeoples.org\/es\/wp-json\/wp\/v2\/pages\/393\/revisions"}],"predecessor-version":[{"id":1443,"href":"https:\/\/blessfrontierpeoples.org\/es\/wp-json\/wp\/v2\/pages\/393\/revisions\/1443"}],"wp:attachment":[{"href":"https:\/\/blessfrontierpeoples.org\/es\/wp-json\/wp\/v2\/media?parent=393"}],"curies":[{"name":"wp","href":"https:\/\/api.w.org\/{rel}","templated":true}]}}