{"id":395,"date":"2022-04-28T15:19:35","date_gmt":"2022-04-28T15:19:35","guid":{"rendered":"http:\/\/fpg.gremza.al\/?page_id=395"},"modified":"2025-10-25T12:57:59","modified_gmt":"2025-10-25T12:57:59","slug":"recursos","status":"publish","type":"page","link":"https:\/\/blessfrontierpeoples.org\/es\/recursos\/","title":{"rendered":"Recursos"},"content":{"rendered":"<p>Cada d\u00eda, miles de creyentes se unen en oraci\u00f3n por un grupo \u00e9tnico, y al d\u00eda siguiente hacen lo mismo por otro grupo. Esta oraci\u00f3n unida por grupos \u00e9tnicos a menudo coincide con avances entre los pueblos por los que se ora, y te animamos a aprovechar bien cada uno de estos recursos.<\/p>\n<p>Para copias impresas de esta Gu\u00eda de Oraci\u00f3n \u201cOra por los 31\u201d, incluidas \u00f3rdenes al por mayor con descuento, visita: <a href=\"http:\/\/www.Go31.org\" target=\"_blank\" rel=\"noopener noreferrer\">www.Go31.org<\/a><\/p>\n<p>Otros recursos:<\/p>\n<ul>\n<li>Descarga la app de la Gu\u00eda de Oraci\u00f3n de los 31 en tu tel\u00e9fono inteligente para tener un recordatorio pr\u00e1ctico y diario de interceder por una de las Etnias fronterizas m\u00e1s grandes cada d\u00eda del mes: <a href=\"https:\/\/app.blessfrontierpeoples.org\/\" target=\"_blank\" rel=\"noopener noreferrer\">https:\/\/app.blessfrontierpeoples.org\/<\/a><\/li>\n<li>Pr\u00f3ximamente: Grupo \u00e9tnico fronterizo del d\u00eda (tambi\u00e9n disponible como aplicaci\u00f3n para tel\u00e9fono) y un nuevo sitio web espec\u00edficamente para Grupos \u00e9tnicos fronterizos (ver <a href=\"http:\/\/www.JoshuaProject.net\/frontier\" target=\"_blank\" rel=\"noopener noreferrer\">www.JoshuaProject.net\/frontier<\/a> para m\u00e1s informaci\u00f3n).<\/li>\n<li>Encuentra gu\u00edas de oraci\u00f3n estacionales para musulmanes, hind\u00faes y budistas, para adultos y ni\u00f1os: disponibles tanto en <a href=\"https:\/\/worldchristian.com\/\" target=\"_blank\" rel=\"noopener noreferrer\">https:\/\/worldchristian.com\/<\/a> como en <a href=\"https:\/\/worldprayerguides.org\/\" target=\"_blank\" rel=\"noopener noreferrer\">https:\/\/worldprayerguides.org\/<\/a><\/li>\n<li>Obt\u00e9n una gu\u00eda de oraci\u00f3n para Discipleship Keys y para Grupos \u00e9tnicos no alcanzados y no comprometidos de Finishing the Task (FTT) y 24:14: <a href=\"https:\/\/www.disciplekeys.world\/\" target=\"_blank\" rel=\"noopener noreferrer\">https:\/\/www.disciplekeys.world\/<\/a> ;<\/li>\n<li>Mira un video sobre Movimientos de Plantaci\u00f3n de Iglesias: <a href=\"https:\/\/open.spotify.com\/show\/3b9yKkCXZaLOAsELFfXMMI?si=4460a89910ae4eaf\" target=\"_blank\" rel=\"noopener noreferrer\">https:\/\/open.spotify.com\/show\/3b9yKkCXZaLOAsELFfXMMI?si=4460a89910ae4eaf<\/a> <a href=\"https:\/\/www.youtube.com\/watch?v=s-IUraCyByU&amp;t=285s\" target=\"_blank\" rel=\"noopener noreferrer\">https:\/\/www.youtube.com\/watch?v=s-IUraCyByU&amp;t=285s<\/a><\/li>\n<li>\u00danete al D\u00eda Internacional de Oraci\u00f3n por los No Alcanzados, celebrado cada Domingo de Pentecost\u00e9s por Alliance for the Unreached: DayForTheUnreached.org, <a href=\"https:\/\/alliancefortheunreached.org\/\" target=\"_blank\" rel=\"noopener noreferrer\">https:\/\/alliancefortheunreached.org\/<\/a><\/li>\n<li>Descubre International Prayer Connect (ipcPrayer.org), una coalici\u00f3n de redes de oraci\u00f3n, ministerios, l\u00edderes e intercesores en todo el mundo cuya visi\u00f3n es movilizar y equipar la oraci\u00f3n por los No Alcanzados y la transformaci\u00f3n de las naciones.<\/li>\n<li>Encuentra recursos de capacitaci\u00f3n en alfabetizaci\u00f3n para aprendices adultos: <a href=\"https:\/\/www.literacyevangelism.org\" target=\"_blank\" rel=\"noopener noreferrer\">https:\/\/www.literacyevangelism.org<\/a><\/li>\n<li>Comprende las ideas clave para alcanzar a las Etnias fronterizas: <a href=\"https:\/\/www.telosfellowship.org\" target=\"_blank\" rel=\"noopener noreferrer\">https:\/\/www.telosfellowship.org<\/a><\/li>\n<li>\u00danete a otros que impulsan un Grupo \u00e9tnico fronterizo espec\u00edfico:<a href=\"https:\/\/www.getinvolved.com\" target=\"_blank\" rel=\"noopener noreferrer\">https:\/\/www.getinvolved.com<\/a><\/li>\n<li>Encuentra videos de oraci\u00f3n sobre GENA y GEF: <a href=\"http:\/\/prayercast.com\" target=\"_blank\" rel=\"noopener noreferrer\">http:\/\/prayercast.com<\/a><\/li>\n<li>Consulta datos sobre las necesidades espirituales y f\u00edsicas m\u00e1s urgentes del mundo: <a href=\"https:\/\/stratus.earth\" target=\"_blank\" rel=\"noopener noreferrer\">https:\/\/stratus.earth<\/a><\/li>\n<li>Atiende las necesidades espirituales y f\u00edsicas de los GENA: <a href=\"https:\/\/urgentneeds.org\" target=\"_blank\" rel=\"noopener noreferrer\">https:\/\/urgentneeds.org<\/a><\/li>\n<li>Encuentra grupos de la di\u00e1spora de GENA en Norteam\u00e9rica: <a href=\"https:\/\/upgnorthamerica.com\" target=\"_blank\" rel=\"noopener noreferrer\">https:\/\/upgnorthamerica.com<\/a><\/li>\n<li>Descubre hermosas producciones visuales en muchos idiomas: <a href=\"https:\/\/www.indigitube.tv\" target=\"_blank\" rel=\"noopener noreferrer\">https:\/\/www.indigitube.tv<\/a><\/li>\n<li>Para quienes est\u00e9n interesados en ir a los GEF musulmanes: <a href=\"https:\/\/www.frontiers.org\" target=\"_blank\" rel=\"noopener noreferrer\">https:\/\/www.frontiers.org<\/a><\/li>\n<li>Para quienes est\u00e9n interesados en ir a los GEF hind\u00faes: <a href=\"https:\/\/beyond.org\" target=\"_blank\" rel=\"noopener noreferrer\">https:\/\/beyond.org<\/a> o <a href=\"https:\/\/pioneers.org\" target=\"_blank\" rel=\"noopener noreferrer\">https:\/\/pioneers.org<\/a><\/li>\n<li>Para ayudarte a comprender la visi\u00f3n de la organizaci\u00f3n 24:14 y c\u00f3mo Dios est\u00e1 bendiciendo familias a trav\u00e9s de movimientos, hay dos relatos ficcionalizados gratuitos de movimientos. 1) Ingresa \u201cGo31\u201d y \u201cGo31@<a href=\"mailto:Go31Now@gmail.com\" target=\"_blank\" rel=\"noopener noreferrer\">Go31Now@gmail.com<\/a>\u201d como tu \u201camigo generoso\u201d en StubbornPerseverance.org\/claim-your-copy 2) Ingresa \u201cGo31\u201d y \u201c<a href=\"mailto:Go31Now@gmail.com\" target=\"_blank\" rel=\"noopener noreferrer\">Go31Now@gmail.com<\/a>\u201d como tu \u201camigo generoso\u201d en NPL2025.org\/claim-your-copy<\/li>\n<\/ul>\n<p><i><img loading=\"lazy\" decoding=\"async\" class=\"alignleft wp-image-397 img-responsive img-shadow\" src=\"http:\/\/fpg.gremza.al\/wp-content\/uploads\/2022\/04\/image62-666x1024.png\" alt=\"\" width=\"418\" height=\"643\" srcset=\"https:\/\/blessfrontierpeoples.org\/es\/wp-content\/uploads\/2022\/04\/image62-666x1024.png 666w, https:\/\/blessfrontierpeoples.org\/es\/wp-content\/uploads\/2022\/04\/image62-195x300.png 195w, https:\/\/blessfrontierpeoples.org\/es\/wp-content\/uploads\/2022\/04\/image62-768x1181.png 768w, https:\/\/blessfrontierpeoples.org\/es\/wp-content\/uploads\/2022\/04\/image62.png 778w\" sizes=\"auto, (max-width: 418px) 100vw, 418px\" \/><\/i><\/p>\n<p>&nbsp;<\/p>\n<p>Todas las familias de la tierra ser\u00e1n bendecidas por medio de ti. Gn. 12:3<\/p>\n<p>Una invitaci\u00f3n al cuerpo de Cristo en todo el mundo para orar por los 31 Grupos \u00e9tnicos fronterizos m\u00e1s grandes<\/p>\n<p>Esta gu\u00eda de oraci\u00f3n es un regalo para el cuerpo de Cristo gracias a la colaboraci\u00f3n de estas organizaciones y redes:<\/p>\n<p>24:14 Coalition<\/p>\n<p>24:14 Inherit the Nations<\/p>\n<p>Alliance for the Unreached<\/p>\n<p>Beyond<\/p>\n<p>Ethn\u00ea Movement<\/p>\n<p>Fellowship of Prayer Strategists<\/p>\n<p>Frontier Ventures<\/p>\n<p>Frontiers<\/p>\n<p>GoDecade<\/p>\n<p>Great Commission Community<\/p>\n<p>International Prayer Connect<\/p>\n<p>International Prayer Council<\/p>\n<p>Joshua Project<\/p>\n<p>Light of the World Prayer Center<\/p>\n<p>Mission Network\/MultMove.net<\/p>\n<p>Perspectives<\/p>\n<p>Telos Fellowship<\/p>\n<p>The Seed Company\/Pray for Zero<\/p>\n<p>International Orality Network<\/p>\n<p>y muchas otras \u2026<\/p>\n<p>\u201cAl ver las multitudes, tuvo compasi\u00f3n de ellas.\u201d (Mt 9:36)<\/p>\n<p>En este folleto nos unimos al Padre Dios en las calles y en los hogares de pueblos pasados por alto para \u201cver\u201d a Sus hijos e hijas con Sus ojos.<\/p>\n<p>\u201cPor tanto, rueguen con insistencia al Se\u00f1or de la mies que env\u00ede obreros a su mies.\u201d (Mt 9:38)<\/p>\n<p><strong>Visita go31.org para:<\/strong><\/p>\n<ul>\n<li>Obtener la versi\u00f3n electr\u00f3nica m\u00e1s reciente (siempre gratis).<\/li>\n<li>Leer la historia detr\u00e1s de esta gu\u00eda de oraci\u00f3n.<\/li>\n<li>Solicitar un ejemplar de cortes\u00eda para revisi\u00f3n.<\/li>\n<li>Conocer m\u00e1s de lo que Dios est\u00e1 haciendo hoy.<\/li>\n<li>Encargar copias impresas de esta Gu\u00eda de Oraci\u00f3n \u201cOra por los 31\u201d.<\/li>\n<\/ul>\n<p>\u00bfPreguntas? correo electr\u00f3nico: <a href=\"mailto:go31now@gmail.com\" target=\"_blank\" rel=\"noopener noreferrer\">go31now@gmail.com<\/a><\/p>\n<p>ISBN 978-0-9969652-6-2 &#8211; 50499<\/p>\n<p>&nbsp;<\/p>\n","protected":false},"excerpt":{"rendered":"<p>Cada d\u00eda, miles de creyentes se unen en oraci\u00f3n por un grupo \u00e9tnico, y al d\u00eda siguiente hacen lo mismo [&hellip;]<\/p>\n","protected":false},"author":1,"featured_media":0,"parent":0,"menu_order":0,"comment_status":"closed","ping_status":"closed","template":"","meta":{"_acf_changed":false,"_lmt_disableupdate":"no","_lmt_disable":"","footnotes":""},"class_list":["post-395","page","type-page","status-publish","hentry"],"acf":{"show_to_menu":false},"_links":{"self":[{"href":"https:\/\/blessfrontierpeoples.org\/es\/wp-json\/wp\/v2\/pages\/395","targetHints":{"allow":["GET"]}}],"collection":[{"href":"https:\/\/blessfrontierpeoples.org\/es\/wp-json\/wp\/v2\/pages"}],"about":[{"href":"https:\/\/blessfrontierpeoples.org\/es\/wp-json\/wp\/v2\/types\/page"}],"author":[{"embeddable":true,"href":"https:\/\/blessfrontierpeoples.org\/es\/wp-json\/wp\/v2\/users\/1"}],"replies":[{"embeddable":true,"href":"https:\/\/blessfrontierpeoples.org\/es\/wp-json\/wp\/v2\/comments?post=395"}],"version-history":[{"count":12,"href":"https:\/\/blessfrontierpeoples.org\/es\/wp-json\/wp\/v2\/pages\/395\/revisions"}],"predecessor-version":[{"id":1448,"href":"https:\/\/blessfrontierpeoples.org\/es\/wp-json\/wp\/v2\/pages\/395\/revisions\/1448"}],"wp:attachment":[{"href":"https:\/\/blessfrontierpeoples.org\/es\/wp-json\/wp\/v2\/media?parent=395"}],"curies":[{"name":"wp","href":"https:\/\/api.w.org\/{rel}","templated":true}]}}