{"id":407,"date":"2022-04-28T15:23:02","date_gmt":"2022-04-28T15:23:02","guid":{"rendered":"http:\/\/fpg.gremza.al\/?page_id=407"},"modified":"2025-10-25T12:57:23","modified_gmt":"2025-10-25T12:57:23","slug":"31-pueblos-significativos","status":"publish","type":"page","link":"https:\/\/blessfrontierpeoples.org\/es\/31-pueblos-significativos\/","title":{"rendered":"\u00a131 Pueblos Significativos!"},"content":{"rendered":"<p>Gracias por unirte en oraci\u00f3n por m\u00e1s de 800 millones de personas que viven en estos Grupos \u00e9tnicos fronterizos (GEF). Cada grupo supera los 10 millones de personas y pr\u00e1cticamente no hay avance del evangelio. No se conocen movimientos aut\u00f3ctonos hacia Jes\u00fas y hay menos o igual al 0.1% de cristianos de cualquier tipo viviendo entre ellos. Los Grupos \u00e9tnicos fronterizos son grupos \u00e9tnicos sin se\u00f1ales de comprender que el mensaje de Jes\u00fas es para ellos. A menudo, esto se debe a que nadie ha venido a contarles, o a que los han prevenido contra Jes\u00fas con informaci\u00f3n falsa.<\/p>\n<p><strong>\u00a1Gran progreso en solo 50 a\u00f1os!<\/strong><\/p>\n<p>En los \u00faltimos a\u00f1os, las Buenas Noticias de Jes\u00fas se han difundido muy r\u00e1pidamente por todo el mundo. Hace menos de 50 a\u00f1os, la mitad de la poblaci\u00f3n mundial viv\u00eda en Grupos \u00e9tnicos fronterizos sin movimientos hacia Jes\u00fas conocidos. Ahora solo 1\/4 de la poblaci\u00f3n mundial vive en GEF. Lee acerca de estos \u201c50 a\u00f1os incre\u00edbles\u201d en el folleto El gran progreso del Evangelio en JoshuaProject.net\/greatprogress. Jes\u00fas ha estado formando comunidades de hogares creyentes en muchos GEF. \u201cPersonas de Paz\u201d (Mt. 10:11; Lc. 10:6) han recibido a creyentes en sus familias para que les hablen de Jes\u00fas; las familias escuchan y luego difunden la noticia r\u00e1pidamente a parientes y amigos. Jes\u00fas dice en Mateo 24:14 que su mensaje del Reino ser\u00e1 anunciado a todos los pueblos de la tierra antes de que llegue el fin.<\/p>\n<p><strong>\u00bfQu\u00e9 falta por hacer?<\/strong><\/p>\n<p>A pesar de este progreso, muchos Grupos \u00e9tnicos fronterizos a\u00fan no han o\u00eddo esta bendici\u00f3n y se est\u00e1n perdiendo de su herencia en el Reino de Dios. Necesitamos orar por estos GEF, especialmente por los 31 m\u00e1s grandes, porque su fe impactar\u00e1 a cientos de grupos m\u00e1s peque\u00f1os que viven cerca de ellos. Gracias por unirte con nosotros en oraci\u00f3n para que m\u00e1s de 800 millones de personas reciban la bendici\u00f3n que Dios prometi\u00f3 a todas las familias de la tierra por medio de Abraham (Gn. 12:3).<\/p>\n<p><strong>\u00a1El coraz\u00f3n de Dios por todos los pueblos!<\/strong><\/p>\n<p>El deseo de Dios es bendecir a todas las familias de la tierra. Le prometi\u00f3 esto a Abraham hace 4,000 a\u00f1os, y ha revelado por medio de Sus profetas que habr\u00e1 gente de toda tribu, lengua y grupo \u00e9tnico delante de Su trono en los \u00faltimos d\u00edas. La mayor\u00eda de estos Grupos \u00e9tnicos fronterizos viven en situaciones dif\u00edciles que les impiden conocer a Jes\u00fas. Por eso hemos incluido ideas para ayudarte a orar a fin de que Dios sane a sus familias y traiga vida nueva a sus comunidades. Al orar, que el Se\u00f1or te llene de Su amor por ellos, mostr\u00e1ndote el gran valor que tienen a Sus ojos.<\/p>\n<p style=\"text-align: center;\"><strong><em>M\u00e1s de 800 millones de personas \u2014el 40% de la poblaci\u00f3n de TODOS los Grupos \u00e9tnicos fronterizos\u2014 viven en los grupos por los que estar\u00e1s orando.<\/em><\/strong><\/p>\n<p><strong>\u00bfPor qu\u00e9 es especialmente importante orar por estos 31 grupos?<\/strong><\/p>\n<p>El cuarenta por ciento de los dos mil millones de personas que viven en Grupos \u00e9tnicos fronterizos vive en estos grupos m\u00e1s grandes, de m\u00e1s de 10 millones de personas. Creemos que los movimientos hacia Jes\u00fas en estos 31 grupos m\u00e1s grandes esparcir\u00e1n el amor de Jes\u00fas a los GEF m\u00e1s peque\u00f1os que viven cerca de ellos. \u00a1Qu\u00e9 incre\u00edble oportunidad tenemos de llevar la bendici\u00f3n de Dios al 25% del mundo en nuestros d\u00edas!<\/p>\n<p><strong>\u00bfPor qu\u00e9 se descuidan los Grupos \u00e9tnicos fronterizos?<\/strong><\/p>\n<p>La gran mayor\u00eda de la oraci\u00f3n, las ofrendas y los obreros se enfoca en fortalecer a los creyentes donde los cristianos ya est\u00e1n presentes. Solo una peque\u00f1a fracci\u00f3n llega a los GEF (alrededor del 1%): al cuarto del mundo donde la fe en Jes\u00fas a\u00fan es desconocida o considerada ajena. Muchos Grupos \u00e9tnicos fronterizos viven en lugares dif\u00edciles geogr\u00e1fica, pol\u00edtica o culturalmente. Como resultado, a menudo no han o\u00eddo acerca de Jes\u00fas, o se les ha presentado de forma err\u00f3nea como si fuera solo el dios de una religi\u00f3n extranjera.<\/p>\n<p><strong>\u00bfPor qu\u00e9 son necesarios los movimientos hacia Jes\u00fas?<\/strong><\/p>\n<p>En la mayor\u00eda de los Grupos \u00e9tnicos fronterizos, el cristianismo se percibe como una poderosa fuerza pol\u00edtico\u2011religiosa occidentalizadora, que busca socavar su identidad como pueblo. El verdadero mensaje de Jes\u00fas no se est\u00e1 oyendo ni entendiendo. Jes\u00fas dijo que Dios busca a quienes le adoren \u201cen esp\u00edritu y en verdad\u201d (Jn 4:24). Se necesitan movimientos en los GEF para llevar el amor y el poder de Jes\u00fas que fortalezcan a las familias y comunidades, sin dividirlas. Los movimientos hacia Jes\u00fas que se extienden r\u00e1pidamente bendecir\u00e1n hogares enteros, como suced\u00eda en el libro de los Hechos.<\/p>\n<p style=\"text-align: center;\"><em>Jes\u00fas dijo en Mt. 28: \u201cVayan y hagan disc\u00edpulos de todas las naciones\u201d y promete: \u201cYo estoy con ustedes siempre, hasta el fin de la era\u201d.<\/em><\/p>\n<p>&nbsp;<\/p>\n","protected":false},"excerpt":{"rendered":"<p>Gracias por unirte en oraci\u00f3n por m\u00e1s de 800 millones de personas que viven en estos Grupos \u00e9tnicos fronterizos (GEF). [&hellip;]<\/p>\n","protected":false},"author":1,"featured_media":0,"parent":0,"menu_order":0,"comment_status":"closed","ping_status":"closed","template":"","meta":{"_acf_changed":false,"_lmt_disableupdate":"no","_lmt_disable":"","footnotes":""},"class_list":["post-407","page","type-page","status-publish","hentry"],"acf":{"show_to_menu":false},"_links":{"self":[{"href":"https:\/\/blessfrontierpeoples.org\/es\/wp-json\/wp\/v2\/pages\/407","targetHints":{"allow":["GET"]}}],"collection":[{"href":"https:\/\/blessfrontierpeoples.org\/es\/wp-json\/wp\/v2\/pages"}],"about":[{"href":"https:\/\/blessfrontierpeoples.org\/es\/wp-json\/wp\/v2\/types\/page"}],"author":[{"embeddable":true,"href":"https:\/\/blessfrontierpeoples.org\/es\/wp-json\/wp\/v2\/users\/1"}],"replies":[{"embeddable":true,"href":"https:\/\/blessfrontierpeoples.org\/es\/wp-json\/wp\/v2\/comments?post=407"}],"version-history":[{"count":8,"href":"https:\/\/blessfrontierpeoples.org\/es\/wp-json\/wp\/v2\/pages\/407\/revisions"}],"predecessor-version":[{"id":1441,"href":"https:\/\/blessfrontierpeoples.org\/es\/wp-json\/wp\/v2\/pages\/407\/revisions\/1441"}],"wp:attachment":[{"href":"https:\/\/blessfrontierpeoples.org\/es\/wp-json\/wp\/v2\/media?parent=407"}],"curies":[{"name":"wp","href":"https:\/\/api.w.org\/{rel}","templated":true}]}}