{"id":410,"date":"2022-04-28T15:27:15","date_gmt":"2022-04-28T15:27:15","guid":{"rendered":"http:\/\/fpg.gremza.al\/?page_id=410"},"modified":"2025-10-25T12:57:50","modified_gmt":"2025-10-25T12:57:50","slug":"mapa-de-los-31-grupos-etnicos-fronterizos-mas-grandes","status":"publish","type":"page","link":"https:\/\/blessfrontierpeoples.org\/es\/mapa-de-los-31-grupos-etnicos-fronterizos-mas-grandes\/","title":{"rendered":"Mapa de los 31 Grupos \u00e9tnicos fronterizos m\u00e1s grandes"},"content":{"rendered":"<p>Los Grupos \u00e9tnicos fronterizos se han ordenado de mayor necesidad a menor necesidad, tomando en cuenta la poblaci\u00f3n del grupo y la necesidad de obreros, as\u00ed como el aislamiento y la persecuci\u00f3n.<\/p>\n<p><img loading=\"lazy\" decoding=\"async\" class=\"size-full wp-image-1304 aligncenter img-responsive img-shadow\" src=\"http:\/\/blessfrontierpeoples.org\/wp-content\/uploads\/2025\/08\/Screenshot-2025-08-30-at-13-04-36-FPG-Prayer-Guide-051425-Final-4-FPG_Prayer_Guide_2025_Update-1-.pdf.png\" alt=\"\" width=\"815\" height=\"460\" \/><\/p>\n<p><img loading=\"lazy\" decoding=\"async\" class=\"size-full wp-image-1305 aligncenter img-responsive img-shadow\" src=\"http:\/\/blessfrontierpeoples.org\/wp-content\/uploads\/2025\/08\/Screenshot-2025-08-30-at-13-06-06-FPG-Prayer-Guide-051425-Final-4-FPG_Prayer_Guide_2025_Update-1-.pdf.png\" alt=\"\" width=\"826\" height=\"458\" \/><\/p>\n<p>Investigaciones adicionales podr\u00edan revelar que algunos de estos grupos \u00e9tnicos est\u00e1n relacionados entre s\u00ed pero son distintos, y que cada uno necesita uno o m\u00e1s movimientos. Mapa interactivo completo y lista de grupos \u00e9tnicos en: joshuaproject.net\/frontier\/interactive<\/p>\n","protected":false},"excerpt":{"rendered":"<p>Los Grupos \u00e9tnicos fronterizos se han ordenado de mayor necesidad a menor necesidad, tomando en cuenta la poblaci\u00f3n del grupo [&hellip;]<\/p>\n","protected":false},"author":1,"featured_media":0,"parent":0,"menu_order":0,"comment_status":"closed","ping_status":"closed","template":"","meta":{"_acf_changed":false,"_lmt_disableupdate":"no","_lmt_disable":"","footnotes":""},"class_list":["post-410","page","type-page","status-publish","hentry"],"acf":{"show_to_menu":false},"_links":{"self":[{"href":"https:\/\/blessfrontierpeoples.org\/es\/wp-json\/wp\/v2\/pages\/410","targetHints":{"allow":["GET"]}}],"collection":[{"href":"https:\/\/blessfrontierpeoples.org\/es\/wp-json\/wp\/v2\/pages"}],"about":[{"href":"https:\/\/blessfrontierpeoples.org\/es\/wp-json\/wp\/v2\/types\/page"}],"author":[{"embeddable":true,"href":"https:\/\/blessfrontierpeoples.org\/es\/wp-json\/wp\/v2\/users\/1"}],"replies":[{"embeddable":true,"href":"https:\/\/blessfrontierpeoples.org\/es\/wp-json\/wp\/v2\/comments?post=410"}],"version-history":[{"count":6,"href":"https:\/\/blessfrontierpeoples.org\/es\/wp-json\/wp\/v2\/pages\/410\/revisions"}],"predecessor-version":[{"id":1446,"href":"https:\/\/blessfrontierpeoples.org\/es\/wp-json\/wp\/v2\/pages\/410\/revisions\/1446"}],"wp:attachment":[{"href":"https:\/\/blessfrontierpeoples.org\/es\/wp-json\/wp\/v2\/media?parent=410"}],"curies":[{"name":"wp","href":"https:\/\/api.w.org\/{rel}","templated":true}]}}