{"id":416,"date":"2022-04-28T15:28:51","date_gmt":"2022-04-28T15:28:51","guid":{"rendered":"http:\/\/fpg.gremza.al\/?page_id=416"},"modified":"2025-10-25T12:56:38","modified_gmt":"2025-10-25T12:56:38","slug":"nuestra-mundo-hoy-la-tarea-pendiente-del-evangeli","status":"publish","type":"page","link":"https:\/\/blessfrontierpeoples.org\/es\/nuestra-mundo-hoy-la-tarea-pendiente-del-evangeli\/","title":{"rendered":"Nuestro Mundo Hoy: La Tarea Pendiente del Evangelio"},"content":{"rendered":"<div class=\"video-container\"><iframe loading=\"lazy\" title=\"Understanding the Remaining Mission Task (Animated)\" width=\"500\" height=\"281\" src=\"https:\/\/www.youtube.com\/embed\/SVmTU13rgo8?feature=oembed\" frameborder=\"0\" allow=\"accelerometer; autoplay; clipboard-write; encrypted-media; gyroscope; picture-in-picture; web-share\" referrerpolicy=\"strict-origin-when-cross-origin\" allowfullscreen><\/iframe><\/div>\n<p>El gr\u00e1fico muestra d\u00f3nde viven todos los cristianos y no cristianos en el mundo, incluyendo a los Grupos de Personas No Alcanzadas y Fronterizas. Observa la secci\u00f3n azul oscuro, que representa el 25% del mundo en Grupos de Personas Fronterizas \u2014 que viven mayormente en pa\u00edses con mayor\u00eda musulmana y en India.<\/p>\n<h5><span style=\"font-weight: 400;\"><img loading=\"lazy\" decoding=\"async\" class=\"aligncenter wp-image-417  img-responsive img-shadow\" src=\"http:\/\/fpg.gremza.al\/wp-content\/uploads\/2022\/04\/image61.png\" alt=\"\" width=\"627\" height=\"627\" srcset=\"https:\/\/blessfrontierpeoples.org\/es\/wp-content\/uploads\/2022\/04\/image61.png 820w, https:\/\/blessfrontierpeoples.org\/es\/wp-content\/uploads\/2022\/04\/image61-300x300.png 300w, https:\/\/blessfrontierpeoples.org\/es\/wp-content\/uploads\/2022\/04\/image61-150x150.png 150w, https:\/\/blessfrontierpeoples.org\/es\/wp-content\/uploads\/2022\/04\/image61-768x768.png 768w, https:\/\/blessfrontierpeoples.org\/es\/wp-content\/uploads\/2022\/04\/image61-60x60.png 60w\" sizes=\"auto, (max-width: 627px) 100vw, 627px\" \/><\/span><\/h5>\n<h5><span style=\"font-weight: 400;\"><img loading=\"lazy\" decoding=\"async\" class=\"aligncenter wp-image-418 size-full img-responsive img-shadow\" src=\"http:\/\/fpg.gremza.al\/wp-content\/uploads\/2022\/04\/image50.png\" alt=\"\" width=\"608\" height=\"276\" srcset=\"https:\/\/blessfrontierpeoples.org\/es\/wp-content\/uploads\/2022\/04\/image50.png 608w, https:\/\/blessfrontierpeoples.org\/es\/wp-content\/uploads\/2022\/04\/image50-300x136.png 300w\" sizes=\"auto, (max-width: 608px) 100vw, 608px\" \/><\/span><\/h5>\n<p>Ora por los grupos de personas que viven en las \u00e1reas del mundo mostradas en azul.<br \/>\nNunca antes una generaci\u00f3n ha tenido una oportunidad para una cosecha tan grande \u2014 con la poblaci\u00f3n mundial en 7.8 mil millones, una cosecha en nuestro tiempo podr\u00eda ser mayor que la suma de todas las cosechas de generaciones anteriores.<br \/>\nOra para que nuestra generaci\u00f3n se levante y aproveche esta incre\u00edble oportunidad que Dios nos ha dado.<\/p>\n<p>1 Donde el evangelio es bien conocido y ha tenido un impacto significativo. (&gt;2% evang\u00e9licos o &gt;5% cristianos adherentes)<\/p>\n<p>2 Romanos 8:14: Los hijos de Dios son aquellos guiados por su Esp\u00edritu. Estimaci\u00f3n basada en cifras publicadas para evang\u00e9licos, carism\u00e1ticos y pentecostales.<\/p>\n<p>3 Un grupo debe tener \u2264 2% evang\u00e9licos y \u2264 5% cristianos adherentes para ser considerado No Alcanzado.<\/p>\n<p>Estos porcentajes son estimaciones redondeadas basadas en cifras publicadas y una poblaci\u00f3n mundial de 7.8 mil millones de personas.<\/p>\n","protected":false},"excerpt":{"rendered":"<p>El gr\u00e1fico muestra d\u00f3nde viven todos los cristianos y no cristianos en el mundo, incluyendo a los Grupos de Personas [&hellip;]<\/p>\n","protected":false},"author":1,"featured_media":0,"parent":0,"menu_order":0,"comment_status":"closed","ping_status":"closed","template":"","meta":{"_acf_changed":false,"_lmt_disableupdate":"no","_lmt_disable":"","footnotes":""},"class_list":["post-416","page","type-page","status-publish","hentry"],"acf":{"show_to_menu":false},"_links":{"self":[{"href":"https:\/\/blessfrontierpeoples.org\/es\/wp-json\/wp\/v2\/pages\/416","targetHints":{"allow":["GET"]}}],"collection":[{"href":"https:\/\/blessfrontierpeoples.org\/es\/wp-json\/wp\/v2\/pages"}],"about":[{"href":"https:\/\/blessfrontierpeoples.org\/es\/wp-json\/wp\/v2\/types\/page"}],"author":[{"embeddable":true,"href":"https:\/\/blessfrontierpeoples.org\/es\/wp-json\/wp\/v2\/users\/1"}],"replies":[{"embeddable":true,"href":"https:\/\/blessfrontierpeoples.org\/es\/wp-json\/wp\/v2\/comments?post=416"}],"version-history":[{"count":8,"href":"https:\/\/blessfrontierpeoples.org\/es\/wp-json\/wp\/v2\/pages\/416\/revisions"}],"predecessor-version":[{"id":1431,"href":"https:\/\/blessfrontierpeoples.org\/es\/wp-json\/wp\/v2\/pages\/416\/revisions\/1431"}],"wp:attachment":[{"href":"https:\/\/blessfrontierpeoples.org\/es\/wp-json\/wp\/v2\/media?parent=416"}],"curies":[{"name":"wp","href":"https:\/\/api.w.org\/{rel}","templated":true}]}}